{"id":2762,"date":"2022-04-06T06:12:57","date_gmt":"2022-04-06T06:12:57","guid":{"rendered":"https:\/\/www.vadaszboltcsorna.hu\/?post_type=product&#038;p=2762"},"modified":"2022-12-06T08:35:20","modified_gmt":"2022-12-06T08:35:20","slug":"termosz","status":"publish","type":"product","link":"https:\/\/www.vadaszboltcsorna.hu\/index.php\/termek\/termosz\/","title":{"rendered":"Termosz"},"content":{"rendered":"<h2><strong>S\u00f6r\u00e9t alak\u00fa termosz.<\/strong><\/h2>\n<h3><span id=\"noHighlight_0.2806236737570682\">Kiv\u00e1l\u00f3 min\u0151s\u00e9g\u0171 rozsdamentes ac\u00e9lb\u00f3l k\u00e9sz\u00fclt Jack Pyke s\u00f6r\u00e9t alak\u00fa termosz.<\/span><\/h3>\n<h3>Term\u00e9kjellemz\u0151k:<\/h3>\n<ul>\n<li>\n<h3><span id=\"noHighlight_0.2806236737570682\">Kiv\u00e1l\u00f3 min\u0151s\u00e9g\u0171 rozsdamentes ac\u00e9lb\u00f3l<\/span><\/h3>\n<\/li>\n<li>\n<h3>Dupla fal\u00fa termosz, extra min\u0151s\u00e9g\u0171 bevonattal a bels\u0151 r\u00e9szen<\/h3>\n<\/li>\n<li>\n<h3>Egyszer\u0171 m\u0171k\u00f6dtet\u00e9s<\/h3>\n<\/li>\n<li>\n<h3>Angol term\u00e9k!<\/h3>\n<\/li>\n<\/ul>\n<h3><strong>\u0170rtartalom<\/strong>: 500 ml <strong>Sz\u00edn<\/strong>: z\u00f6ld<\/h3>\n<h3>Sz\u00e1rmaz\u00e1si hely: Anglia<\/h3>\n<h3>Az \u00e1rak t\u00e1j\u00e9koztat\u00f3 jelleg\u0171ek, az \u00e1rv\u00e1ltoz\u00e1s jog\u00e1t fenntartjuk!<\/h3>\n","protected":false},"excerpt":{"rendered":"<p>S\u00f6r\u00e9t alak\u00fa termosz. Kiv\u00e1l\u00f3 min\u0151s\u00e9g\u0171 rozsdamentes ac\u00e9lb\u00f3l k\u00e9sz\u00fclt Jack Pyke s\u00f6r\u00e9t alak\u00fa termosz. Term\u00e9kjellemz\u0151k: Kiv\u00e1l\u00f3 min\u0151s\u00e9g\u0171 rozsdamentes ac\u00e9lb\u00f3l Dupla fal\u00fa termosz, extra min\u0151s\u00e9g\u0171 bevonattal a bels\u0151 r\u00e9szen Egyszer\u0171 m\u0171k\u00f6dtet\u00e9s Angol term\u00e9k! \u0170rtartalom: 500 ml Sz\u00edn: z\u00f6ld Sz\u00e1rmaz\u00e1si hely: Anglia Az \u00e1rak t\u00e1j\u00e9koztat\u00f3 jelleg\u0171ek, az \u00e1rv\u00e1ltoz\u00e1s jog\u00e1t fenntartjuk!<\/p>\n","protected":false},"featured_media":2763,"comment_status":"open","ping_status":"closed","template":"","meta":{"_et_pb_use_builder":"","_et_pb_old_content":"","_et_gb_content_width":"","om_disable_all_campaigns":false},"product_brand":[],"product_cat":[21,768,169],"product_tag":[756,497,770,769,761,70],"class_list":{"0":"post-2762","1":"product","2":"type-product","3":"status-publish","4":"has-post-thumbnail","6":"product_cat-uj","7":"product_cat-italtartok-termoszok","8":"product_cat-vadasz-ajandek","9":"product_tag-ajandektargy","10":"product_tag-hunting","11":"product_tag-italtarto","12":"product_tag-termosz","13":"product_tag-vadasz-ajandek","14":"product_tag-vadaszat","16":"first","17":"instock","18":"taxable","19":"shipping-taxable","20":"purchasable","21":"product-type-simple"},"_links":{"self":[{"href":"https:\/\/www.vadaszboltcsorna.hu\/index.php\/wp-json\/wp\/v2\/product\/2762","targetHints":{"allow":["GET"]}}],"collection":[{"href":"https:\/\/www.vadaszboltcsorna.hu\/index.php\/wp-json\/wp\/v2\/product"}],"about":[{"href":"https:\/\/www.vadaszboltcsorna.hu\/index.php\/wp-json\/wp\/v2\/types\/product"}],"replies":[{"embeddable":true,"href":"https:\/\/www.vadaszboltcsorna.hu\/index.php\/wp-json\/wp\/v2\/comments?post=2762"}],"wp:featuredmedia":[{"embeddable":true,"href":"https:\/\/www.vadaszboltcsorna.hu\/index.php\/wp-json\/wp\/v2\/media\/2763"}],"wp:attachment":[{"href":"https:\/\/www.vadaszboltcsorna.hu\/index.php\/wp-json\/wp\/v2\/media?parent=2762"}],"wp:term":[{"taxonomy":"product_brand","embeddable":true,"href":"https:\/\/www.vadaszboltcsorna.hu\/index.php\/wp-json\/wp\/v2\/product_brand?post=2762"},{"taxonomy":"product_cat","embeddable":true,"href":"https:\/\/www.vadaszboltcsorna.hu\/index.php\/wp-json\/wp\/v2\/product_cat?post=2762"},{"taxonomy":"product_tag","embeddable":true,"href":"https:\/\/www.vadaszboltcsorna.hu\/index.php\/wp-json\/wp\/v2\/product_tag?post=2762"}],"curies":[{"name":"wp","href":"https:\/\/api.w.org\/{rel}","templated":true}]}}