{"id":2759,"date":"2022-04-05T13:41:49","date_gmt":"2022-04-05T13:41:49","guid":{"rendered":"https:\/\/www.vadaszboltcsorna.hu\/?post_type=product&#038;p=2759"},"modified":"2023-09-29T11:42:15","modified_gmt":"2023-09-29T11:42:15","slug":"diszparna-3","status":"publish","type":"product","link":"https:\/\/www.vadaszboltcsorna.hu\/index.php\/termek\/diszparna-3\/","title":{"rendered":"D\u00edszp\u00e1rna"},"content":{"rendered":"<h2><strong>D\u00edszp\u00e1rna<\/strong><\/h2>\n<h3>D\u00edszp\u00e1rna M-364-1710<\/h3>\n<h3>Classic n\u00e9gyzetp\u00e1rna, vad mont\u00e1zs grafik\u00e1val. Cipz\u00e1ras kivitelben, kivehet\u0151 bet\u00e9ttel.<\/h3>\n<h3><\/h3>\n<table class=\"attribute\">\n<thead>\n<tr>\n<td colspan=\"2\">\n<h3>M\u00e9retek<\/h3>\n<\/td>\n<\/tr>\n<\/thead>\n<tbody>\n<tr>\n<td>\n<h3>Term\u00e9k Hossza<\/h3>\n<\/td>\n<td>\n<h3>42 cm<\/h3>\n<\/td>\n<\/tr>\n<tr>\n<td>\n<h3>Term\u00e9k Sz\u00e9less\u00e9ge<\/h3>\n<\/td>\n<td>\n<h3>42 cm<\/h3>\n<\/td>\n<\/tr>\n<\/tbody>\n<thead>\n<tr>\n<td colspan=\"2\">\n<h3>Anyagok<\/h3>\n<\/td>\n<\/tr>\n<\/thead>\n<tbody>\n<tr>\n<td>\n<h3>Anyag<\/h3>\n<\/td>\n<td>\n<h3>100% Poli\u00e9szter<\/h3>\n<\/td>\n<\/tr>\n<\/tbody>\n<\/table>\n","protected":false},"excerpt":{"rendered":"<p>D\u00edszp\u00e1rna D\u00edszp\u00e1rna M-364-1710 Classic n\u00e9gyzetp\u00e1rna, vad mont\u00e1zs grafik\u00e1val. Cipz\u00e1ras kivitelben, kivehet\u0151 bet\u00e9ttel. M\u00e9retek Term\u00e9k Hossza 42 cm Term\u00e9k Sz\u00e9less\u00e9ge 42 cm Anyagok Anyag 100% Poli\u00e9szter<\/p>\n","protected":false},"featured_media":2776,"comment_status":"open","ping_status":"closed","template":"","meta":{"_et_pb_use_builder":"","_et_pb_old_content":"","_et_gb_content_width":"","om_disable_all_campaigns":false},"product_brand":[],"product_cat":[21,766,169],"product_tag":[756,767,761],"class_list":{"0":"post-2759","1":"product","2":"type-product","3":"status-publish","4":"has-post-thumbnail","6":"product_cat-uj","7":"product_cat-diszparna","8":"product_cat-vadasz-ajandek","9":"product_tag-ajandektargy","10":"product_tag-diszparna","11":"product_tag-vadasz-ajandek","13":"first","14":"instock","15":"taxable","16":"shipping-taxable","17":"purchasable","18":"product-type-simple"},"_links":{"self":[{"href":"https:\/\/www.vadaszboltcsorna.hu\/index.php\/wp-json\/wp\/v2\/product\/2759","targetHints":{"allow":["GET"]}}],"collection":[{"href":"https:\/\/www.vadaszboltcsorna.hu\/index.php\/wp-json\/wp\/v2\/product"}],"about":[{"href":"https:\/\/www.vadaszboltcsorna.hu\/index.php\/wp-json\/wp\/v2\/types\/product"}],"replies":[{"embeddable":true,"href":"https:\/\/www.vadaszboltcsorna.hu\/index.php\/wp-json\/wp\/v2\/comments?post=2759"}],"wp:featuredmedia":[{"embeddable":true,"href":"https:\/\/www.vadaszboltcsorna.hu\/index.php\/wp-json\/wp\/v2\/media\/2776"}],"wp:attachment":[{"href":"https:\/\/www.vadaszboltcsorna.hu\/index.php\/wp-json\/wp\/v2\/media?parent=2759"}],"wp:term":[{"taxonomy":"product_brand","embeddable":true,"href":"https:\/\/www.vadaszboltcsorna.hu\/index.php\/wp-json\/wp\/v2\/product_brand?post=2759"},{"taxonomy":"product_cat","embeddable":true,"href":"https:\/\/www.vadaszboltcsorna.hu\/index.php\/wp-json\/wp\/v2\/product_cat?post=2759"},{"taxonomy":"product_tag","embeddable":true,"href":"https:\/\/www.vadaszboltcsorna.hu\/index.php\/wp-json\/wp\/v2\/product_tag?post=2759"}],"curies":[{"name":"wp","href":"https:\/\/api.w.org\/{rel}","templated":true}]}}