{"id":2753,"date":"2022-04-05T12:50:41","date_gmt":"2022-04-05T12:50:41","guid":{"rendered":"https:\/\/www.vadaszboltcsorna.hu\/?post_type=product&#038;p=2753"},"modified":"2025-07-07T19:22:21","modified_gmt":"2025-07-07T19:22:21","slug":"diszparna","status":"publish","type":"product","link":"https:\/\/www.vadaszboltcsorna.hu\/index.php\/termek\/diszparna\/","title":{"rendered":"D\u00edszp\u00e1rna M-320-1660"},"content":{"rendered":"<h2><strong>D\u00edszp\u00e1rna<\/strong><\/h2>\n<h2><strong>Classic keretes 3 D D\u00edszp\u00e1rna M-320 (szarvas)<\/strong><\/h2>\n<h3>M\u00e1rka: WildZone<br \/>\nTerm\u00e9k k\u00f3d: M-320-1660<br \/>\nSzarvas mint\u00e1val.<\/h3>\n<h3>Rendk\u00edv\u00fcl puha, textilb\u0151r anyagb\u00f3l k\u00e9sz\u00fclt p\u00e1rna.<\/h3>\n<h3>\u2022 Dekorat\u00edv mint\u00e1val<br \/>\n\u2022 Kivehet\u0151 bet\u00e9ttel<\/h3>\n<h3>M\u00e9retek:<br \/>\nHossz.:43 cm.<br \/>\nSz\u00e9less\u00e9g.:38 cm.<\/h3>\n<h3>Az \u00e1rak t\u00e1j\u00e9koztat\u00f3 jelleg\u0171ek, az \u00e1rv\u00e1ltoz\u00e1s jog\u00e1t fenntartjuk!<\/h3>\n","protected":false},"excerpt":{"rendered":"<p>D\u00edszp\u00e1rna Classic keretes 3 D D\u00edszp\u00e1rna M-320 (szarvas) M\u00e1rka: WildZone Term\u00e9k k\u00f3d: M-320-1660 Szarvas mint\u00e1val. Rendk\u00edv\u00fcl puha, textilb\u0151r anyagb\u00f3l k\u00e9sz\u00fclt p\u00e1rna. \u2022 Dekorat\u00edv mint\u00e1val \u2022 Kivehet\u0151 bet\u00e9ttel M\u00e9retek: Hossz.:43 cm. Sz\u00e9less\u00e9g.:38 cm. Az \u00e1rak t\u00e1j\u00e9koztat\u00f3 jelleg\u0171ek, az \u00e1rv\u00e1ltoz\u00e1s jog\u00e1t fenntartjuk!<\/p>\n","protected":false},"featured_media":2755,"comment_status":"open","ping_status":"closed","template":"","meta":{"_et_pb_use_builder":"","_et_pb_old_content":"","_et_gb_content_width":"","om_disable_all_campaigns":false},"product_brand":[],"product_cat":[21,766,169],"product_tag":[756,767,761],"class_list":{"0":"post-2753","1":"product","2":"type-product","3":"status-publish","4":"has-post-thumbnail","6":"product_cat-uj","7":"product_cat-diszparna","8":"product_cat-vadasz-ajandek","9":"product_tag-ajandektargy","10":"product_tag-diszparna","11":"product_tag-vadasz-ajandek","13":"first","14":"instock","15":"taxable","16":"shipping-taxable","17":"purchasable","18":"product-type-simple"},"_links":{"self":[{"href":"https:\/\/www.vadaszboltcsorna.hu\/index.php\/wp-json\/wp\/v2\/product\/2753","targetHints":{"allow":["GET"]}}],"collection":[{"href":"https:\/\/www.vadaszboltcsorna.hu\/index.php\/wp-json\/wp\/v2\/product"}],"about":[{"href":"https:\/\/www.vadaszboltcsorna.hu\/index.php\/wp-json\/wp\/v2\/types\/product"}],"replies":[{"embeddable":true,"href":"https:\/\/www.vadaszboltcsorna.hu\/index.php\/wp-json\/wp\/v2\/comments?post=2753"}],"wp:featuredmedia":[{"embeddable":true,"href":"https:\/\/www.vadaszboltcsorna.hu\/index.php\/wp-json\/wp\/v2\/media\/2755"}],"wp:attachment":[{"href":"https:\/\/www.vadaszboltcsorna.hu\/index.php\/wp-json\/wp\/v2\/media?parent=2753"}],"wp:term":[{"taxonomy":"product_brand","embeddable":true,"href":"https:\/\/www.vadaszboltcsorna.hu\/index.php\/wp-json\/wp\/v2\/product_brand?post=2753"},{"taxonomy":"product_cat","embeddable":true,"href":"https:\/\/www.vadaszboltcsorna.hu\/index.php\/wp-json\/wp\/v2\/product_cat?post=2753"},{"taxonomy":"product_tag","embeddable":true,"href":"https:\/\/www.vadaszboltcsorna.hu\/index.php\/wp-json\/wp\/v2\/product_tag?post=2753"}],"curies":[{"name":"wp","href":"https:\/\/api.w.org\/{rel}","templated":true}]}}