{"id":2747,"date":"2022-04-05T12:37:46","date_gmt":"2022-04-05T12:37:46","guid":{"rendered":"https:\/\/www.vadaszboltcsorna.hu\/?post_type=product&#038;p=2747"},"modified":"2022-08-02T08:20:21","modified_gmt":"2022-08-02T08:20:21","slug":"vadaszjegy-irat-tarto-2","status":"publish","type":"product","link":"https:\/\/www.vadaszboltcsorna.hu\/index.php\/termek\/vadaszjegy-irat-tarto-2\/","title":{"rendered":"Vad\u00e1szjegy-Irat tart\u00f3"},"content":{"rendered":"<h2><strong>Vad\u00e1szjegy-Irat tart\u00f3<\/strong><\/h2>\n<h3>Cikksz\u00e1m.:413630 603<\/h3>\n<h3>-B\u0151r vad\u00e1szjegytart\u00f3 vagy irat tart\u00f3<\/h3>\n<h3>-Sok praktikus zsebbel.<\/h3>\n<h3>-Szarvas mot\u00edvummal.<\/h3>\n<h3>-Val\u00f3di b\u0151rb\u0151l k\u00e9sz\u00fclt.<\/h3>\n<h3>-D\u00edsz dobozban.<\/h3>\n<h3>M\u00e9retei.: 14 x 10,5 cm<\/h3>\n<h3>Az \u00e1rak t\u00e1j\u00e9koztat\u00f3 jelleg\u0171ek, az \u00e1rv\u00e1ltoz\u00e1s jog\u00e1t fenntartjuk!<\/h3>\n","protected":false},"excerpt":{"rendered":"<p>Vad\u00e1szjegy-Irat tart\u00f3 Cikksz\u00e1m.:413630 603 -B\u0151r vad\u00e1szjegytart\u00f3 vagy irat tart\u00f3 -Sok praktikus zsebbel. -Szarvas mot\u00edvummal. -Val\u00f3di b\u0151rb\u0151l k\u00e9sz\u00fclt. -D\u00edsz dobozban. M\u00e9retei.: 14 x 10,5 cm Az \u00e1rak t\u00e1j\u00e9koztat\u00f3 jelleg\u0171ek, az \u00e1rv\u00e1ltoz\u00e1s jog\u00e1t fenntartjuk!<\/p>\n","protected":false},"featured_media":2748,"comment_status":"open","ping_status":"closed","template":"","meta":{"_et_pb_use_builder":"","_et_pb_old_content":"","_et_gb_content_width":"","om_disable_all_campaigns":false},"product_brand":[],"product_cat":[21,169,764],"product_tag":[756,760,763,761,70,762,765],"class_list":{"0":"post-2747","1":"product","2":"type-product","3":"status-publish","4":"has-post-thumbnail","6":"product_cat-uj","7":"product_cat-vadasz-ajandek","8":"product_cat-vadaszjegy-irat-loszertarto","9":"product_tag-ajandektargy","10":"product_tag-bor","11":"product_tag-irat-tarto","12":"product_tag-vadasz-ajandek","13":"product_tag-vadaszat","14":"product_tag-vadaszjegy-tarto","15":"product_tag-vadaszjegy-irat-tarto","17":"first","18":"instock","19":"taxable","20":"shipping-taxable","21":"purchasable","22":"product-type-simple"},"_links":{"self":[{"href":"https:\/\/www.vadaszboltcsorna.hu\/index.php\/wp-json\/wp\/v2\/product\/2747","targetHints":{"allow":["GET"]}}],"collection":[{"href":"https:\/\/www.vadaszboltcsorna.hu\/index.php\/wp-json\/wp\/v2\/product"}],"about":[{"href":"https:\/\/www.vadaszboltcsorna.hu\/index.php\/wp-json\/wp\/v2\/types\/product"}],"replies":[{"embeddable":true,"href":"https:\/\/www.vadaszboltcsorna.hu\/index.php\/wp-json\/wp\/v2\/comments?post=2747"}],"wp:featuredmedia":[{"embeddable":true,"href":"https:\/\/www.vadaszboltcsorna.hu\/index.php\/wp-json\/wp\/v2\/media\/2748"}],"wp:attachment":[{"href":"https:\/\/www.vadaszboltcsorna.hu\/index.php\/wp-json\/wp\/v2\/media?parent=2747"}],"wp:term":[{"taxonomy":"product_brand","embeddable":true,"href":"https:\/\/www.vadaszboltcsorna.hu\/index.php\/wp-json\/wp\/v2\/product_brand?post=2747"},{"taxonomy":"product_cat","embeddable":true,"href":"https:\/\/www.vadaszboltcsorna.hu\/index.php\/wp-json\/wp\/v2\/product_cat?post=2747"},{"taxonomy":"product_tag","embeddable":true,"href":"https:\/\/www.vadaszboltcsorna.hu\/index.php\/wp-json\/wp\/v2\/product_tag?post=2747"}],"curies":[{"name":"wp","href":"https:\/\/api.w.org\/{rel}","templated":true}]}}