{"id":2737,"date":"2022-04-05T12:08:28","date_gmt":"2022-04-05T12:08:28","guid":{"rendered":"https:\/\/www.vadaszboltcsorna.hu\/?post_type=product&#038;p=2737"},"modified":"2024-02-26T03:31:54","modified_gmt":"2024-02-26T03:31:54","slug":"vadaszjegy-irattarto","status":"publish","type":"product","link":"https:\/\/www.vadaszboltcsorna.hu\/index.php\/termek\/vadaszjegy-irattarto\/","title":{"rendered":"Vad\u00e1szjegy- Irat tart\u00f3"},"content":{"rendered":"<h2><strong>Vad\u00e1szjegy- Irat tart\u00f3<\/strong><\/h2>\n<h3>Cikksz\u00e1m.:413630 610<\/h3>\n<h3>-B\u0151r vad\u00e1szjegytart\u00f3 vagy irat tart\u00f3<\/h3>\n<h3>-Sok praktikus zsebbel.<\/h3>\n<h3>-Vizsla mot\u00edvummal.<\/h3>\n<h3>-Val\u00f3di b\u0151rb\u0151l k\u00e9sz\u00fclt.<\/h3>\n<h3>-D\u00edsz dobozban.<\/h3>\n<h3>M\u00e9retei.: 14 x 10,5 cm<\/h3>\n<h3>Az \u00e1rak t\u00e1j\u00e9koztat\u00f3 jelleg\u0171ek, az \u00e1rv\u00e1ltoz\u00e1s jog\u00e1t fenntartjuk!<\/h3>\n<p>&nbsp;<\/p>\n","protected":false},"excerpt":{"rendered":"<p>Vad\u00e1szjegy- Irat tart\u00f3 Cikksz\u00e1m.:413630 610 -B\u0151r vad\u00e1szjegytart\u00f3 vagy irat tart\u00f3 -Sok praktikus zsebbel. -Vizsla mot\u00edvummal. -Val\u00f3di b\u0151rb\u0151l k\u00e9sz\u00fclt. -D\u00edsz dobozban. M\u00e9retei.: 14 x 10,5 cm Az \u00e1rak t\u00e1j\u00e9koztat\u00f3 jelleg\u0171ek, az \u00e1rv\u00e1ltoz\u00e1s jog\u00e1t fenntartjuk! &nbsp;<\/p>\n","protected":false},"featured_media":2739,"comment_status":"open","ping_status":"closed","template":"","meta":{"_et_pb_use_builder":"","_et_pb_old_content":"","_et_gb_content_width":"","om_disable_all_campaigns":false},"product_brand":[],"product_cat":[21,169,764],"product_tag":[756,760,763,761,762],"class_list":{"0":"post-2737","1":"product","2":"type-product","3":"status-publish","4":"has-post-thumbnail","6":"product_cat-uj","7":"product_cat-vadasz-ajandek","8":"product_cat-vadaszjegy-irat-loszertarto","9":"product_tag-ajandektargy","10":"product_tag-bor","11":"product_tag-irat-tarto","12":"product_tag-vadasz-ajandek","13":"product_tag-vadaszjegy-tarto","15":"first","16":"instock","17":"taxable","18":"shipping-taxable","19":"purchasable","20":"product-type-simple"},"_links":{"self":[{"href":"https:\/\/www.vadaszboltcsorna.hu\/index.php\/wp-json\/wp\/v2\/product\/2737","targetHints":{"allow":["GET"]}}],"collection":[{"href":"https:\/\/www.vadaszboltcsorna.hu\/index.php\/wp-json\/wp\/v2\/product"}],"about":[{"href":"https:\/\/www.vadaszboltcsorna.hu\/index.php\/wp-json\/wp\/v2\/types\/product"}],"replies":[{"embeddable":true,"href":"https:\/\/www.vadaszboltcsorna.hu\/index.php\/wp-json\/wp\/v2\/comments?post=2737"}],"wp:featuredmedia":[{"embeddable":true,"href":"https:\/\/www.vadaszboltcsorna.hu\/index.php\/wp-json\/wp\/v2\/media\/2739"}],"wp:attachment":[{"href":"https:\/\/www.vadaszboltcsorna.hu\/index.php\/wp-json\/wp\/v2\/media?parent=2737"}],"wp:term":[{"taxonomy":"product_brand","embeddable":true,"href":"https:\/\/www.vadaszboltcsorna.hu\/index.php\/wp-json\/wp\/v2\/product_brand?post=2737"},{"taxonomy":"product_cat","embeddable":true,"href":"https:\/\/www.vadaszboltcsorna.hu\/index.php\/wp-json\/wp\/v2\/product_cat?post=2737"},{"taxonomy":"product_tag","embeddable":true,"href":"https:\/\/www.vadaszboltcsorna.hu\/index.php\/wp-json\/wp\/v2\/product_tag?post=2737"}],"curies":[{"name":"wp","href":"https:\/\/api.w.org\/{rel}","templated":true}]}}