{"id":2702,"date":"2022-04-05T08:38:19","date_gmt":"2022-04-05T08:38:19","guid":{"rendered":"https:\/\/www.vadaszboltcsorna.hu\/?post_type=product&#038;p=2702"},"modified":"2023-02-20T09:45:27","modified_gmt":"2023-02-20T09:45:27","slug":"jagerglass-pohar-2","status":"publish","type":"product","link":"https:\/\/www.vadaszboltcsorna.hu\/index.php\/termek\/jagerglass-pohar-2\/","title":{"rendered":"&#8222;Jagerglass&#8221; poh\u00e1r"},"content":{"rendered":"<h2><strong>&#8222;Jagerglass&#8221; poh\u00e1r<\/strong><\/h2>\n<h3>Cikksz\u00e1m.:c.28<\/h3>\n<h3>Hat darabos \u00fcvegpoh\u00e1r k\u00e9szlet.<\/h3>\n<h3>Dekorat\u00edv\u00a0 d\u00edsz\u00edt\u00e9ssel.<\/h3>\n<h3>Kit\u0171n\u0151 aj\u00e1nd\u00e9k vad\u00e1szoknak!<\/h3>\n<h3>50 ml.-es.<\/h3>\n<h3>Az \u00e1rak t\u00e1j\u00e9koztat\u00f3 jelleg\u0171ek, az \u00e1rv\u00e1ltoz\u00e1s jog\u00e1t fenntartjuk!<\/h3>\n<p>&nbsp;<\/p>\n","protected":false},"excerpt":{"rendered":"<p>&#8222;Jagerglass&#8221; poh\u00e1r Cikksz\u00e1m.:c.28 Hat darabos \u00fcvegpoh\u00e1r k\u00e9szlet. Dekorat\u00edv\u00a0 d\u00edsz\u00edt\u00e9ssel. Kit\u0171n\u0151 aj\u00e1nd\u00e9k vad\u00e1szoknak! 50 ml.-es. Az \u00e1rak t\u00e1j\u00e9koztat\u00f3 jelleg\u0171ek, az \u00e1rv\u00e1ltoz\u00e1s jog\u00e1t fenntartjuk! &nbsp;<\/p>\n","protected":false},"featured_media":2703,"comment_status":"open","ping_status":"closed","template":"","meta":{"_et_pb_use_builder":"","_et_pb_old_content":"","_et_gb_content_width":"","om_disable_all_campaigns":false},"product_brand":[],"product_cat":[21,754,169],"product_tag":[755,756,757,70],"class_list":{"0":"post-2702","1":"product","2":"type-product","3":"status-publish","4":"has-post-thumbnail","6":"product_cat-uj","7":"product_cat-pohar","8":"product_cat-vadasz-ajandek","9":"product_tag-jagerglass-pohar","10":"product_tag-ajandektargy","11":"product_tag-pohar-keszlet","12":"product_tag-vadaszat","14":"first","15":"instock","16":"taxable","17":"shipping-taxable","18":"purchasable","19":"product-type-simple"},"_links":{"self":[{"href":"https:\/\/www.vadaszboltcsorna.hu\/index.php\/wp-json\/wp\/v2\/product\/2702","targetHints":{"allow":["GET"]}}],"collection":[{"href":"https:\/\/www.vadaszboltcsorna.hu\/index.php\/wp-json\/wp\/v2\/product"}],"about":[{"href":"https:\/\/www.vadaszboltcsorna.hu\/index.php\/wp-json\/wp\/v2\/types\/product"}],"replies":[{"embeddable":true,"href":"https:\/\/www.vadaszboltcsorna.hu\/index.php\/wp-json\/wp\/v2\/comments?post=2702"}],"wp:featuredmedia":[{"embeddable":true,"href":"https:\/\/www.vadaszboltcsorna.hu\/index.php\/wp-json\/wp\/v2\/media\/2703"}],"wp:attachment":[{"href":"https:\/\/www.vadaszboltcsorna.hu\/index.php\/wp-json\/wp\/v2\/media?parent=2702"}],"wp:term":[{"taxonomy":"product_brand","embeddable":true,"href":"https:\/\/www.vadaszboltcsorna.hu\/index.php\/wp-json\/wp\/v2\/product_brand?post=2702"},{"taxonomy":"product_cat","embeddable":true,"href":"https:\/\/www.vadaszboltcsorna.hu\/index.php\/wp-json\/wp\/v2\/product_cat?post=2702"},{"taxonomy":"product_tag","embeddable":true,"href":"https:\/\/www.vadaszboltcsorna.hu\/index.php\/wp-json\/wp\/v2\/product_tag?post=2702"}],"curies":[{"name":"wp","href":"https:\/\/api.w.org\/{rel}","templated":true}]}}