{"id":2685,"date":"2022-04-04T10:58:17","date_gmt":"2022-04-04T10:58:17","guid":{"rendered":"https:\/\/www.vadaszboltcsorna.hu\/?post_type=product&#038;p=2685"},"modified":"2025-04-14T09:40:36","modified_gmt":"2025-04-14T09:40:36","slug":"pinewood-wildmarkhatizsak","status":"publish","type":"product","link":"https:\/\/www.vadaszboltcsorna.hu\/index.php\/termek\/pinewood-wildmarkhatizsak\/","title":{"rendered":"Pinewood Wildmark h\u00e1tizs\u00e1k"},"content":{"rendered":"<h2><strong>Pinewood Wildmark h\u00e1tizs\u00e1k<\/strong><\/h2>\n<h3>Cikksz\u00e1m: 1910<\/h3>\n<h3><strong>Le\u00edr\u00e1s: <\/strong>PINEWOOD\u00ae WILDMARK H\u00c1TIZS\u00c1K<br \/>\n1910<\/h3>\n<h3>Strapab\u00edr\u00f3, ergonomikus \u00e9s praktikus, k\u00f6nny\u0171 s\u00faly\u00fa h\u00e1tizs\u00e1k, ami a bels\u0151 merev\u00edt\u0151knek k\u00f6sz\u00f6nhet\u0151en sz\u00e9kk\u00e9nt is funkcion\u00e1l (bels\u0151 merev\u00edt\u0151k kivehet\u0151ek). 35 literes \u0171rtartalommal.<\/h3>\n<h3>V\u00edz \u00e9s sz\u00e9l\u00e1ll\u00f3. Extra strapab\u00edr\u00f3 \u00e9s v\u00edzleperget\u0151 k\u00e9pess\u00e9g a meger\u0151s\u00edtett als\u00f3 r\u00e9sznek k\u00f6sz\u00f6nhet\u0151en. Es\u0151v\u00e9d\u0151 huzat a legfels\u0151 zsebben. \u00c1ll\u00edthat\u00f3 \u00e9s levehet\u0151 der\u00e9kp\u00e1nt.<\/h3>\n<h3>Rendk\u00edv\u00fcl k\u00f6nny\u0171, ergonomikus konstrukci\u00f3.<br \/>\nErgonomikus v\u00e1llp\u00e1ntok.<br \/>\n35 liter \u0171rtartalom<br \/>\nBels\u0151 merev\u00edt\u00e9s aminek k\u00f6sz\u00f6nhet\u0151en a h\u00e1tizs\u00e1k sz\u00e9kk\u00e9nt is funkcion\u00e1l.<br \/>\nEs\u0151huzat<br \/>\nMax. teherb\u00edr\u00e1s: 150 kg<br \/>\nMagass\u00e1g: 52 cm<br \/>\nK\u00f6rnyezetbar\u00e1t kezel\u00e9s: Bionic Finish\u00ae Eco &#8211; fluorocarbon mentes impregn\u00e1l\u00e1s, az extra v\u00edz \u00e9s kosztasz\u00edt\u00f3 k\u00e9pess\u00e9g\u00e9rt.<\/h3>\n<h3>\u00d6sszet\u00e9tel: 100% poliamid, bels\u0151 r\u00e9sz: 100% poli\u00e9szter<br \/>\nS\u00faly: 2540 gramm<br \/>\nKivitel: Ergonomikus, k\u00f6nny\u0171, norm\u00e1l kivitel<br \/>\nFelhaszn\u00e1l\u00e1si ter\u00fclet: T\u00far\u00e1z\u00e1s, kuty\u00e1s sportok, vad\u00e1szat<br \/>\nKaphat\u00f3 Szarvas barna (241).<\/h3>\n<h3>Az \u00e1rak t\u00e1j\u00e9koztat\u00f3 jelleg\u0171ek, az \u00e1rv\u00e1ltoz\u00e1s jog\u00e1t fenntartjuk!<\/h3>\n","protected":false},"excerpt":{"rendered":"<p>Pinewood Wildmark h\u00e1tizs\u00e1k Cikksz\u00e1m: 1910 Le\u00edr\u00e1s: PINEWOOD\u00ae WILDMARK H\u00c1TIZS\u00c1K 1910 Strapab\u00edr\u00f3, ergonomikus \u00e9s praktikus, k\u00f6nny\u0171 s\u00faly\u00fa h\u00e1tizs\u00e1k, ami a bels\u0151 merev\u00edt\u0151knek k\u00f6sz\u00f6nhet\u0151en sz\u00e9kk\u00e9nt is funkcion\u00e1l (bels\u0151 merev\u00edt\u0151k kivehet\u0151ek). 35 literes \u0171rtartalommal. V\u00edz \u00e9s sz\u00e9l\u00e1ll\u00f3. Extra strapab\u00edr\u00f3 \u00e9s v\u00edzleperget\u0151 k\u00e9pess\u00e9g a meger\u0151s\u00edtett als\u00f3 r\u00e9sznek k\u00f6sz\u00f6nhet\u0151en. Es\u0151v\u00e9d\u0151 huzat a legfels\u0151 zsebben. \u00c1ll\u00edthat\u00f3 \u00e9s levehet\u0151 der\u00e9kp\u00e1nt. Rendk\u00edv\u00fcl k\u00f6nny\u0171, [&hellip;]<\/p>\n","protected":false},"featured_media":2687,"comment_status":"open","ping_status":"closed","template":"","meta":{"_et_pb_use_builder":"","_et_pb_old_content":"","_et_gb_content_width":"","om_disable_all_campaigns":false},"product_brand":[],"product_cat":[21,741],"product_tag":[751,540,743,70,85],"class_list":{"0":"post-2685","1":"product","2":"type-product","3":"status-publish","4":"has-post-thumbnail","6":"product_cat-uj","7":"product_cat-vadasz-hatizsakok-taskak","8":"product_tag-pinewood-wildmark-hatizsak","9":"product_tag-szabadido","10":"product_tag-vadasz-hatizsak","11":"product_tag-vadaszat","12":"product_tag-vadaszfelszereles","14":"first","15":"instock","16":"taxable","17":"shipping-taxable","18":"purchasable","19":"product-type-simple"},"_links":{"self":[{"href":"https:\/\/www.vadaszboltcsorna.hu\/index.php\/wp-json\/wp\/v2\/product\/2685","targetHints":{"allow":["GET"]}}],"collection":[{"href":"https:\/\/www.vadaszboltcsorna.hu\/index.php\/wp-json\/wp\/v2\/product"}],"about":[{"href":"https:\/\/www.vadaszboltcsorna.hu\/index.php\/wp-json\/wp\/v2\/types\/product"}],"replies":[{"embeddable":true,"href":"https:\/\/www.vadaszboltcsorna.hu\/index.php\/wp-json\/wp\/v2\/comments?post=2685"}],"wp:featuredmedia":[{"embeddable":true,"href":"https:\/\/www.vadaszboltcsorna.hu\/index.php\/wp-json\/wp\/v2\/media\/2687"}],"wp:attachment":[{"href":"https:\/\/www.vadaszboltcsorna.hu\/index.php\/wp-json\/wp\/v2\/media?parent=2685"}],"wp:term":[{"taxonomy":"product_brand","embeddable":true,"href":"https:\/\/www.vadaszboltcsorna.hu\/index.php\/wp-json\/wp\/v2\/product_brand?post=2685"},{"taxonomy":"product_cat","embeddable":true,"href":"https:\/\/www.vadaszboltcsorna.hu\/index.php\/wp-json\/wp\/v2\/product_cat?post=2685"},{"taxonomy":"product_tag","embeddable":true,"href":"https:\/\/www.vadaszboltcsorna.hu\/index.php\/wp-json\/wp\/v2\/product_tag?post=2685"}],"curies":[{"name":"wp","href":"https:\/\/api.w.org\/{rel}","templated":true}]}}