{"id":2678,"date":"2022-04-04T09:42:44","date_gmt":"2022-04-04T09:42:44","guid":{"rendered":"https:\/\/www.vadaszboltcsorna.hu\/?post_type=product&#038;p=2678"},"modified":"2025-04-14T09:38:32","modified_gmt":"2025-04-14T09:38:32","slug":"pinewoodhatizsak-5498","status":"publish","type":"product","link":"https:\/\/www.vadaszboltcsorna.hu\/index.php\/termek\/pinewoodhatizsak-5498\/","title":{"rendered":"PINEWOOD\u00aeH\u00e1tizs\u00e1k\/5498"},"content":{"rendered":"<h2><strong>PINEWOOD\u00aeH\u00e1tizs\u00e1k\/5498<\/strong><\/h2>\n<h3><strong>Le\u00edr\u00e1s: <\/strong>PINEWOOD\u00aeH\u00e1tizs\u00e1k\/5498<\/h3>\n<h3>Funkcion\u00e1lis \u00e9s sima h\u00e1tizs\u00e1k. Kb. 22 literes. V\u00edzleperget\u0151 szarvasb\u0151r ut\u00e1nzat\u00fa anyagb\u00f3l. P\u00e1rn\u00e1zott h\u00e1l\u00f3s h\u00e1tr\u00e9sz a k\u00e9nyelem \u00e9rdek\u00e9ben. Sz\u00e1mos praktikus zseb \u00e9s r\u00e9szlet, pl. v\u00edzleperget\u0151 zseb, k\u00e9t oldalzseb, el\u00fcls\u0151 zseb rekesszel pl. termosz sz\u00e1m\u00e1ra. D-gy\u0171r\u0171k, p\u00e1rn\u00e1zott, ergonomikus \u00e9s \u00e1ll\u00edthat\u00f3 v\u00e1llp\u00e1ntok, \u00e1ll\u00edthat\u00f3 \u00e9s teljesen levehet\u0151 der\u00e9kp\u00e1nt, hordoz\u00f3foganty\u00fa a tetej\u00e9n. A f\u0151rekesz nagy m\u00e9ret\u0171, \u00e9s tartalmaz egy laptop sz\u00e1m\u00e1ra alkalmas zsebet. Ebben a rekeszben tal\u00e1lhat\u00f3 egy \u00fcl\u0151p\u00e1rna \u00e9s egy z\u00e1rt h\u00e1l\u00f3s t\u00e1rol\u00f3t\u00e1ska is, amely a h\u00e1tizs\u00e1k k\u00fcls\u0151 oldal\u00e1n l\u00e9v\u0151 D-gy\u0171r\u0171kh\u00f6z r\u00f6gz\u00edthet\u0151, pl. cip\u0151k vagy madarak extra t\u00e1rol\u00e1s\u00e1ra a mad\u00e1rvad\u00e1szaton.<\/h3>\n<h3>A t\u00e1ska alja meger\u0151s\u00edtett \u00e9s v\u00edzleperget\u0151.<\/h3>\n<h3>100% poli\u00e9szter, t\u00e1rol\u00f3t\u00e1ska 100% poli\u00e9szter,<\/h3>\n<h3>\u00fcl\u0151p\u00e1rna 100% polietil\u00e9n.<\/h3>\n<h3 id=\"tw-target-text\" class=\"tw-data-text tw-text-large tw-ta\" dir=\"ltr\" data-placeholder=\"Ford\u00edt\u00e1s\"><span class=\"Y2IQFc\" lang=\"hu\">S\u00faly: 1150 gramm<\/span><\/h3>\n<h3>Az \u00e1rak t\u00e1j\u00e9koztat\u00f3 jelleg\u0171ek, az \u00e1rv\u00e1ltoz\u00e1s jog\u00e1t fenntartjuk!<\/h3>\n","protected":false},"excerpt":{"rendered":"<p>PINEWOOD\u00aeH\u00e1tizs\u00e1k\/5498 Le\u00edr\u00e1s: PINEWOOD\u00aeH\u00e1tizs\u00e1k\/5498 Funkcion\u00e1lis \u00e9s sima h\u00e1tizs\u00e1k. Kb. 22 literes. V\u00edzleperget\u0151 szarvasb\u0151r ut\u00e1nzat\u00fa anyagb\u00f3l. P\u00e1rn\u00e1zott h\u00e1l\u00f3s h\u00e1tr\u00e9sz a k\u00e9nyelem \u00e9rdek\u00e9ben. Sz\u00e1mos praktikus zseb \u00e9s r\u00e9szlet, pl. v\u00edzleperget\u0151 zseb, k\u00e9t oldalzseb, el\u00fcls\u0151 zseb rekesszel pl. termosz sz\u00e1m\u00e1ra. D-gy\u0171r\u0171k, p\u00e1rn\u00e1zott, ergonomikus \u00e9s \u00e1ll\u00edthat\u00f3 v\u00e1llp\u00e1ntok, \u00e1ll\u00edthat\u00f3 \u00e9s teljesen levehet\u0151 der\u00e9kp\u00e1nt, hordoz\u00f3foganty\u00fa a tetej\u00e9n. A f\u0151rekesz nagy m\u00e9ret\u0171, \u00e9s [&hellip;]<\/p>\n","protected":false},"featured_media":2680,"comment_status":"open","ping_status":"closed","template":"","meta":{"_et_pb_use_builder":"","_et_pb_old_content":"","_et_gb_content_width":"","om_disable_all_campaigns":false},"product_brand":[],"product_cat":[21,741],"product_tag":[744,749,540,364,70],"class_list":{"0":"post-2678","1":"product","2":"type-product","3":"status-publish","4":"has-post-thumbnail","6":"product_cat-uj","7":"product_cat-vadasz-hatizsakok-taskak","8":"product_tag-hatizsak","9":"product_tag-pinewoodhatizsak-5498","10":"product_tag-szabadido","11":"product_tag-vadasz-felszereles","12":"product_tag-vadaszat","14":"first","15":"instock","16":"taxable","17":"shipping-taxable","18":"purchasable","19":"product-type-simple"},"_links":{"self":[{"href":"https:\/\/www.vadaszboltcsorna.hu\/index.php\/wp-json\/wp\/v2\/product\/2678","targetHints":{"allow":["GET"]}}],"collection":[{"href":"https:\/\/www.vadaszboltcsorna.hu\/index.php\/wp-json\/wp\/v2\/product"}],"about":[{"href":"https:\/\/www.vadaszboltcsorna.hu\/index.php\/wp-json\/wp\/v2\/types\/product"}],"replies":[{"embeddable":true,"href":"https:\/\/www.vadaszboltcsorna.hu\/index.php\/wp-json\/wp\/v2\/comments?post=2678"}],"wp:featuredmedia":[{"embeddable":true,"href":"https:\/\/www.vadaszboltcsorna.hu\/index.php\/wp-json\/wp\/v2\/media\/2680"}],"wp:attachment":[{"href":"https:\/\/www.vadaszboltcsorna.hu\/index.php\/wp-json\/wp\/v2\/media?parent=2678"}],"wp:term":[{"taxonomy":"product_brand","embeddable":true,"href":"https:\/\/www.vadaszboltcsorna.hu\/index.php\/wp-json\/wp\/v2\/product_brand?post=2678"},{"taxonomy":"product_cat","embeddable":true,"href":"https:\/\/www.vadaszboltcsorna.hu\/index.php\/wp-json\/wp\/v2\/product_cat?post=2678"},{"taxonomy":"product_tag","embeddable":true,"href":"https:\/\/www.vadaszboltcsorna.hu\/index.php\/wp-json\/wp\/v2\/product_tag?post=2678"}],"curies":[{"name":"wp","href":"https:\/\/api.w.org\/{rel}","templated":true}]}}