{"id":2674,"date":"2022-04-01T12:46:01","date_gmt":"2022-04-01T12:46:01","guid":{"rendered":"https:\/\/www.vadaszboltcsorna.hu\/?post_type=product&#038;p=2674"},"modified":"2026-03-02T11:37:23","modified_gmt":"2026-03-02T11:37:23","slug":"akah-vadasz-hatizsak-2","status":"publish","type":"product","link":"https:\/\/www.vadaszboltcsorna.hu\/index.php\/termek\/akah-vadasz-hatizsak-2\/","title":{"rendered":"Akah vad\u00e1sz h\u00e1tizs\u00e1k 61555100"},"content":{"rendered":"<h2><strong>Akah vad\u00e1sz h\u00e1tizs\u00e1k<\/strong><\/h2>\n<h3>Cikksz\u00e1m. 61555100<\/h3>\n<div id=\"productDescription\" class=\"description biggerText\">\n<h3><strong>Le\u00edr\u00e1s: <\/strong><\/h3>\n<h3>Finn gy\u00e1rtm\u00e1ny\u00fa, Akah sz\u00e9kes h\u00e1tizs\u00e1k f\u00e9m cs\u0151b\u0151l \u00e9s v\u00edz\u00e1ll\u00f3 anyagb\u00f3l k\u00e9sz\u00fclt.<\/h3>\n<h3>Legfontosabb tulajdons\u00e1gok:<br \/>\n\u2022 sok zseb<br \/>\n\u2022 \u00fcl\u00e9s magass\u00e1g: 45 cm<br \/>\n\u2022 p\u00e1rn\u00e1zott fedelet lelehet hajtani az \u00fcl\u00e9sre<br \/>\n\u2022 t\u00e1gas oldals\u00f3 zsebek, nagy el\u00fcls\u0151 zseb<br \/>\n\u2022 es\u0151v\u00e9d\u0151<br \/>\n\u2022 ergonomikus v\u00e1llp\u00e1nt<br \/>\n\u2022 k\u00fcl\u00f6n-k\u00fcl\u00f6n kivehet\u0151 \u00e9s viselhet\u0151<br \/>\n\u2022 stabil nylon anyag<br \/>\n\u2022 m\u00e9retek: 38x36x25 cm<br \/>\n\u2022 34 literes<br \/>\n\u2022 s\u00faly: kb. 1,8 kg<br \/>\n\u2022 sz\u00edn: z\u00f6ld<\/h3>\n<h3>Az \u00e1rak t\u00e1j\u00e9koztat\u00f3 jelleg\u0171ek, az \u00e1rv\u00e1ltoz\u00e1s jog\u00e1t fenntartjuk!<\/h3>\n<\/div>\n","protected":false},"excerpt":{"rendered":"<p>Akah vad\u00e1sz h\u00e1tizs\u00e1k Cikksz\u00e1m. 61555100 Le\u00edr\u00e1s: Finn gy\u00e1rtm\u00e1ny\u00fa, Akah sz\u00e9kes h\u00e1tizs\u00e1k f\u00e9m cs\u0151b\u0151l \u00e9s v\u00edz\u00e1ll\u00f3 anyagb\u00f3l k\u00e9sz\u00fclt. Legfontosabb tulajdons\u00e1gok: \u2022 sok zseb \u2022 \u00fcl\u00e9s magass\u00e1g: 45 cm \u2022 p\u00e1rn\u00e1zott fedelet lelehet hajtani az \u00fcl\u00e9sre \u2022 t\u00e1gas oldals\u00f3 zsebek, nagy el\u00fcls\u0151 zseb \u2022 es\u0151v\u00e9d\u0151 \u2022 ergonomikus v\u00e1llp\u00e1nt \u2022 k\u00fcl\u00f6n-k\u00fcl\u00f6n kivehet\u0151 \u00e9s viselhet\u0151 \u2022 stabil nylon anyag [&hellip;]<\/p>\n","protected":false},"featured_media":2675,"comment_status":"open","ping_status":"closed","template":"","meta":{"_et_pb_use_builder":"","_et_pb_old_content":"","_et_gb_content_width":"","om_disable_all_campaigns":false},"product_brand":[],"product_cat":[21,741],"product_tag":[540,743,70,85],"class_list":{"0":"post-2674","1":"product","2":"type-product","3":"status-publish","4":"has-post-thumbnail","6":"product_cat-uj","7":"product_cat-vadasz-hatizsakok-taskak","8":"product_tag-szabadido","9":"product_tag-vadasz-hatizsak","10":"product_tag-vadaszat","11":"product_tag-vadaszfelszereles","13":"first","14":"outofstock","15":"taxable","16":"shipping-taxable","17":"purchasable","18":"product-type-simple"},"_links":{"self":[{"href":"https:\/\/www.vadaszboltcsorna.hu\/index.php\/wp-json\/wp\/v2\/product\/2674","targetHints":{"allow":["GET"]}}],"collection":[{"href":"https:\/\/www.vadaszboltcsorna.hu\/index.php\/wp-json\/wp\/v2\/product"}],"about":[{"href":"https:\/\/www.vadaszboltcsorna.hu\/index.php\/wp-json\/wp\/v2\/types\/product"}],"replies":[{"embeddable":true,"href":"https:\/\/www.vadaszboltcsorna.hu\/index.php\/wp-json\/wp\/v2\/comments?post=2674"}],"wp:featuredmedia":[{"embeddable":true,"href":"https:\/\/www.vadaszboltcsorna.hu\/index.php\/wp-json\/wp\/v2\/media\/2675"}],"wp:attachment":[{"href":"https:\/\/www.vadaszboltcsorna.hu\/index.php\/wp-json\/wp\/v2\/media?parent=2674"}],"wp:term":[{"taxonomy":"product_brand","embeddable":true,"href":"https:\/\/www.vadaszboltcsorna.hu\/index.php\/wp-json\/wp\/v2\/product_brand?post=2674"},{"taxonomy":"product_cat","embeddable":true,"href":"https:\/\/www.vadaszboltcsorna.hu\/index.php\/wp-json\/wp\/v2\/product_cat?post=2674"},{"taxonomy":"product_tag","embeddable":true,"href":"https:\/\/www.vadaszboltcsorna.hu\/index.php\/wp-json\/wp\/v2\/product_tag?post=2674"}],"curies":[{"name":"wp","href":"https:\/\/api.w.org\/{rel}","templated":true}]}}