{"id":2671,"date":"2022-04-01T12:11:59","date_gmt":"2022-04-01T12:11:59","guid":{"rendered":"https:\/\/www.vadaszboltcsorna.hu\/?post_type=product&#038;p=2671"},"modified":"2025-04-14T09:36:42","modified_gmt":"2025-04-14T09:36:42","slug":"pinewoodvalltaska-1911","status":"publish","type":"product","link":"https:\/\/www.vadaszboltcsorna.hu\/index.php\/termek\/pinewoodvalltaska-1911\/","title":{"rendered":"PINEWOOD\u00aev\u00e1llt\u00e1ska\/1911"},"content":{"rendered":"<h2><strong>PINEWOOD\u00aev\u00e1llt\u00e1ska\/1911<\/strong><\/h2>\n<h3 class=\"description biggerText\">A Pinewood\u00ae v\u00e1llp\u00e1ntos t\u00e1ska egy praktikus t\u00e1ska, amely t\u00f6k\u00e9letes a mozg\u00e1sban l\u00e9v\u0151 mindennapokhoz. Belsej\u00e9ben elegend\u0151 hely van egy 15\u2033-os laptopnak, valamint A4-es dokumentumoknak \u00e9s jegyzetf\u00fczeteknek, valamint tart\u00f3 a vizes palack vagy termosz sz\u00e1m\u00e1ra. A bels\u0151 t\u00e9relv\u00e1laszt\u00f3 lehet\u0151v\u00e9 teszi, hogy a t\u00e1sk\u00e1nak k\u00e9t nyitott rekesze legyen.<\/h3>\n<h3>Az apr\u00f3s\u00e1gok, p\u00e9ld\u00e1ul a tollak, az okostelefon \u00e9s a p\u00e9nzt\u00e1rca a k\u00edv\u00fcl tal\u00e1lhat\u00f3 kisebb, cipz\u00e1rral z\u00e1r\u00f3d\u00f3 rekeszben tal\u00e1lj\u00e1k meg a hely\u00fcket. A k\u00fcls\u0151 oldalon egy valamivel nagyobb, h\u00e1l\u00f3s anyagb\u00f3l k\u00e9sz\u00fclt zseb is tal\u00e1lhat\u00f3, amely t\u00f6k\u00e9letes olyan t\u00e1rgyak sz\u00e1m\u00e1ra, amelyekhez gyorsan \u00e9s k\u00f6nnyen hozz\u00e1 kell f\u00e9rnie.<br \/>\nA t\u00e1ska st\u00edlusos \u00e9s tart\u00f3s, vintage megjelen\u00e9s\u0171 kabinos kamp\u00f3kkal z\u00e1r\u00f3dik.<\/h3>\n<h3>\u2013 \u00c1ll\u00edthat\u00f3 v\u00e1llp\u00e1nt<br \/>\n\u2013 Kabinos kamp\u00f3k<br \/>\n\u2013 Tart\u00f3 a vizes palack vagy termosz sz\u00e1m\u00e1ra<br \/>\n\u2013 Bels\u0151 rekeszoszt\u00f3<br \/>\n\u2013 Hely technikai eszk\u00f6z\u00f6knek, laptopnak 15\u2033 m\u00e9retig<br \/>\n\u2013 K\u00fcls\u0151 zseb cipz\u00e1rral<br \/>\n\u2013 H\u00e1l\u00f3s sz\u00f6vetb\u0151l k\u00e9sz\u00fclt k\u00fcls\u0151 zseb<\/h3>\n<h3>Anyag: K\u00e9zi zsebkend\u0151, amelybe a t\u00e1ska beletartozik: 64% poli\u00e9szter, 34% pamut, 2% elaszt\u00e1n<br \/>\nM\u00e9retek: 30x40x10 cm<br \/>\nS\u00faly: 600 gramm<\/h3>\n<h3>Az \u00e1rak t\u00e1j\u00e9koztat\u00f3 jelleg\u0171ek, az \u00e1rv\u00e1ltoz\u00e1s jog\u00e1t fenntartjuk!<\/h3>\n<div class=\"wrapper bot-border\"><\/div>\n<p>&nbsp;<\/p>\n","protected":false},"excerpt":{"rendered":"<p>PINEWOOD\u00aev\u00e1llt\u00e1ska\/1911 A Pinewood\u00ae v\u00e1llp\u00e1ntos t\u00e1ska egy praktikus t\u00e1ska, amely t\u00f6k\u00e9letes a mozg\u00e1sban l\u00e9v\u0151 mindennapokhoz. Belsej\u00e9ben elegend\u0151 hely van egy 15\u2033-os laptopnak, valamint A4-es dokumentumoknak \u00e9s jegyzetf\u00fczeteknek, valamint tart\u00f3 a vizes palack vagy termosz sz\u00e1m\u00e1ra. A bels\u0151 t\u00e9relv\u00e1laszt\u00f3 lehet\u0151v\u00e9 teszi, hogy a t\u00e1sk\u00e1nak k\u00e9t nyitott rekesze legyen. Az apr\u00f3s\u00e1gok, p\u00e9ld\u00e1ul a tollak, az okostelefon \u00e9s a [&hellip;]<\/p>\n","protected":false},"featured_media":2672,"comment_status":"open","ping_status":"closed","template":"","meta":{"_et_pb_use_builder":"","_et_pb_old_content":"","_et_gb_content_width":"","om_disable_all_campaigns":false},"product_brand":[],"product_cat":[21,741],"product_tag":[747,540,748,70,85],"class_list":{"0":"post-2671","1":"product","2":"type-product","3":"status-publish","4":"has-post-thumbnail","6":"product_cat-uj","7":"product_cat-vadasz-hatizsakok-taskak","8":"product_tag-pinewoodvalltaska-1911","9":"product_tag-szabadido","10":"product_tag-taska","11":"product_tag-vadaszat","12":"product_tag-vadaszfelszereles","14":"first","15":"instock","16":"taxable","17":"shipping-taxable","18":"purchasable","19":"product-type-simple"},"_links":{"self":[{"href":"https:\/\/www.vadaszboltcsorna.hu\/index.php\/wp-json\/wp\/v2\/product\/2671","targetHints":{"allow":["GET"]}}],"collection":[{"href":"https:\/\/www.vadaszboltcsorna.hu\/index.php\/wp-json\/wp\/v2\/product"}],"about":[{"href":"https:\/\/www.vadaszboltcsorna.hu\/index.php\/wp-json\/wp\/v2\/types\/product"}],"replies":[{"embeddable":true,"href":"https:\/\/www.vadaszboltcsorna.hu\/index.php\/wp-json\/wp\/v2\/comments?post=2671"}],"wp:featuredmedia":[{"embeddable":true,"href":"https:\/\/www.vadaszboltcsorna.hu\/index.php\/wp-json\/wp\/v2\/media\/2672"}],"wp:attachment":[{"href":"https:\/\/www.vadaszboltcsorna.hu\/index.php\/wp-json\/wp\/v2\/media?parent=2671"}],"wp:term":[{"taxonomy":"product_brand","embeddable":true,"href":"https:\/\/www.vadaszboltcsorna.hu\/index.php\/wp-json\/wp\/v2\/product_brand?post=2671"},{"taxonomy":"product_cat","embeddable":true,"href":"https:\/\/www.vadaszboltcsorna.hu\/index.php\/wp-json\/wp\/v2\/product_cat?post=2671"},{"taxonomy":"product_tag","embeddable":true,"href":"https:\/\/www.vadaszboltcsorna.hu\/index.php\/wp-json\/wp\/v2\/product_tag?post=2671"}],"curies":[{"name":"wp","href":"https:\/\/api.w.org\/{rel}","templated":true}]}}