{"id":2667,"date":"2022-03-31T12:15:48","date_gmt":"2022-03-31T12:15:48","guid":{"rendered":"https:\/\/www.vadaszboltcsorna.hu\/?post_type=product&#038;p=2667"},"modified":"2022-07-05T10:02:23","modified_gmt":"2022-07-05T10:02:23","slug":"halti-vadasz-hatizsak","status":"publish","type":"product","link":"https:\/\/www.vadaszboltcsorna.hu\/index.php\/termek\/halti-vadasz-hatizsak\/","title":{"rendered":"Halti vad\u00e1sz h\u00e1tizs\u00e1k (61323)"},"content":{"rendered":"<h2><strong>Halti vad\u00e1sz h\u00e1tizs\u00e1k (61323)<\/strong><\/h2>\n<h3>Ez a HALTI h\u00e1tizs\u00e1kja \u2013 kiv\u00e1l\u00f3 min\u0151s\u00e9gben, funkci\u00f3ban \u00e9s \u00e1rban!<br \/>\nB\u00e1r v\u00e9kony szab\u00e1s\u00fa, optim\u00e1lis k\u00e9nyelemmel, sok cipz\u00e1ras zsebbel, bels\u0151 h\u00e1l\u00f3s rekeszekkel \u00e9s k\u00e1rpitozott h\u00e1ts\u00f3 p\u00e1ntokkal b\u00fcszk\u00e9lkedhet.<\/h3>\n<h3>Extr\u00e1k:<\/h3>\n<h3>-keresztp\u00e1ntok patronh\u00fcvelyekkel<br \/>\n-er\u0151s \u00fcl\u0151zs\u00e1moly, levehet\u0151<br \/>\n-integr\u00e1lt pisztolytart\u00f3 (t\u00e1vcs\u0151vel ell\u00e1tott fegyverekhez is)<\/h3>\n<h3>Anyaga.:<br \/>\nMicro Velveton, 100% poli\u00e9szter.<br \/>\nPuha, csendes sz\u00f6vet 3 r\u00e9teg\u0171 PU bevonattal.<br \/>\nV\u00edzleperget\u0151, gyorsan sz\u00e1rad\u00f3.<br \/>\n\u0170rtartalom: 43 liter.<br \/>\nT\u00f6meg: kb. 2 kg<\/h3>\n<h3>Az \u00e1rak t\u00e1j\u00e9koztat\u00f3 jelleg\u0171ek, az \u00e1rv\u00e1ltoz\u00e1s jog\u00e1t fenntartjuk!<\/h3>\n","protected":false},"excerpt":{"rendered":"<p>Halti vad\u00e1sz h\u00e1tizs\u00e1k (61323) Ez a HALTI h\u00e1tizs\u00e1kja \u2013 kiv\u00e1l\u00f3 min\u0151s\u00e9gben, funkci\u00f3ban \u00e9s \u00e1rban! B\u00e1r v\u00e9kony szab\u00e1s\u00fa, optim\u00e1lis k\u00e9nyelemmel, sok cipz\u00e1ras zsebbel, bels\u0151 h\u00e1l\u00f3s rekeszekkel \u00e9s k\u00e1rpitozott h\u00e1ts\u00f3 p\u00e1ntokkal b\u00fcszk\u00e9lkedhet. Extr\u00e1k: -keresztp\u00e1ntok patronh\u00fcvelyekkel -er\u0151s \u00fcl\u0151zs\u00e1moly, levehet\u0151 -integr\u00e1lt pisztolytart\u00f3 (t\u00e1vcs\u0151vel ell\u00e1tott fegyverekhez is) Anyaga.: Micro Velveton, 100% poli\u00e9szter. Puha, csendes sz\u00f6vet 3 r\u00e9teg\u0171 PU bevonattal. V\u00edzleperget\u0151, [&hellip;]<\/p>\n","protected":false},"featured_media":2668,"comment_status":"open","ping_status":"closed","template":"","meta":{"_et_pb_use_builder":"","_et_pb_old_content":"","_et_gb_content_width":"","om_disable_all_campaigns":false},"product_brand":[],"product_cat":[21,741],"product_tag":[746,743],"class_list":{"0":"post-2667","1":"product","2":"type-product","3":"status-publish","4":"has-post-thumbnail","6":"product_cat-uj","7":"product_cat-vadasz-hatizsakok-taskak","8":"product_tag-halti-vadasz-hatizsak-61323","9":"product_tag-vadasz-hatizsak","11":"first","12":"instock","13":"taxable","14":"shipping-taxable","15":"purchasable","16":"product-type-simple"},"_links":{"self":[{"href":"https:\/\/www.vadaszboltcsorna.hu\/index.php\/wp-json\/wp\/v2\/product\/2667","targetHints":{"allow":["GET"]}}],"collection":[{"href":"https:\/\/www.vadaszboltcsorna.hu\/index.php\/wp-json\/wp\/v2\/product"}],"about":[{"href":"https:\/\/www.vadaszboltcsorna.hu\/index.php\/wp-json\/wp\/v2\/types\/product"}],"replies":[{"embeddable":true,"href":"https:\/\/www.vadaszboltcsorna.hu\/index.php\/wp-json\/wp\/v2\/comments?post=2667"}],"wp:featuredmedia":[{"embeddable":true,"href":"https:\/\/www.vadaszboltcsorna.hu\/index.php\/wp-json\/wp\/v2\/media\/2668"}],"wp:attachment":[{"href":"https:\/\/www.vadaszboltcsorna.hu\/index.php\/wp-json\/wp\/v2\/media?parent=2667"}],"wp:term":[{"taxonomy":"product_brand","embeddable":true,"href":"https:\/\/www.vadaszboltcsorna.hu\/index.php\/wp-json\/wp\/v2\/product_brand?post=2667"},{"taxonomy":"product_cat","embeddable":true,"href":"https:\/\/www.vadaszboltcsorna.hu\/index.php\/wp-json\/wp\/v2\/product_cat?post=2667"},{"taxonomy":"product_tag","embeddable":true,"href":"https:\/\/www.vadaszboltcsorna.hu\/index.php\/wp-json\/wp\/v2\/product_tag?post=2667"}],"curies":[{"name":"wp","href":"https:\/\/api.w.org\/{rel}","templated":true}]}}