{"id":2661,"date":"2022-03-31T11:37:09","date_gmt":"2022-03-31T11:37:09","guid":{"rendered":"https:\/\/www.vadaszboltcsorna.hu\/?post_type=product&#038;p=2661"},"modified":"2025-12-09T13:24:09","modified_gmt":"2025-12-09T13:24:09","slug":"akah-vadaszhatizsak61320000velveton","status":"publish","type":"product","link":"https:\/\/www.vadaszboltcsorna.hu\/index.php\/termek\/akah-vadaszhatizsak61320000velveton\/","title":{"rendered":"Akah vad\u00e1sz h\u00e1tizs\u00e1k ( 61320000) &#8222;Velveton&#8221;"},"content":{"rendered":"<h2><strong>Akah vad\u00e1sz h\u00e1tizs\u00e1k\u00a0 &#8222;Velveton&#8221;<\/strong><\/h2>\n<h2>( 61320000)<\/h2>\n<h3>Nedvess\u00e9g ellen teflonnal impregn\u00e1lt.<\/h3>\n<h3>\u25ba Csendes billen\u0151z\u00e1rak a zsebeken \u00e9s a fed\u00e9len.<br \/>\n\u25ba P\u00e1rn\u00e1zott v\u00e1llp\u00e1ntokkal, h\u00e1l\u00f3s b\u00e9l\u00e9ssel az izzad\u00e1s ellen \u00e9s a k\u00e9nyelem \u00e9rdek\u00e9ben.<\/h3>\n<h3>Val\u00f3di b\u0151r bujtat\u00f3k, a teljesen hangtalan haszn\u00e1lat \u00e9rdek\u00e9ben.<br \/>\nM\u00e9rete.: 50&#215;55 cm<\/h3>\n<h3>Az \u00e1rak t\u00e1j\u00e9koztat\u00f3 jelleg\u0171ek, az \u00e1rv\u00e1ltoz\u00e1s jog\u00e1t fenntartjuk!<\/h3>\n<div class=\"wrapper bot-border\"><\/div>\n<p>&nbsp;<\/p>\n","protected":false},"excerpt":{"rendered":"<p>Akah vad\u00e1sz h\u00e1tizs\u00e1k\u00a0 &#8222;Velveton&#8221; ( 61320000) Nedvess\u00e9g ellen teflonnal impregn\u00e1lt. \u25ba Csendes billen\u0151z\u00e1rak a zsebeken \u00e9s a fed\u00e9len. \u25ba P\u00e1rn\u00e1zott v\u00e1llp\u00e1ntokkal, h\u00e1l\u00f3s b\u00e9l\u00e9ssel az izzad\u00e1s ellen \u00e9s a k\u00e9nyelem \u00e9rdek\u00e9ben. Val\u00f3di b\u0151r bujtat\u00f3k, a teljesen hangtalan haszn\u00e1lat \u00e9rdek\u00e9ben. M\u00e9rete.: 50&#215;55 cm Az \u00e1rak t\u00e1j\u00e9koztat\u00f3 jelleg\u0171ek, az \u00e1rv\u00e1ltoz\u00e1s jog\u00e1t fenntartjuk! &nbsp;<\/p>\n","protected":false},"featured_media":2662,"comment_status":"open","ping_status":"closed","template":"","meta":{"_et_pb_use_builder":"","_et_pb_old_content":"","_et_gb_content_width":"","om_disable_all_campaigns":false},"product_brand":[],"product_cat":[21,741],"product_tag":[742,744,540,743,70],"class_list":{"0":"post-2661","1":"product","2":"type-product","3":"status-publish","4":"has-post-thumbnail","6":"product_cat-uj","7":"product_cat-vadasz-hatizsakok-taskak","8":"product_tag-akah-vadasz-hatizsak","9":"product_tag-hatizsak","10":"product_tag-szabadido","11":"product_tag-vadasz-hatizsak","12":"product_tag-vadaszat","14":"first","15":"instock","16":"sale","17":"taxable","18":"shipping-taxable","19":"purchasable","20":"product-type-simple"},"_links":{"self":[{"href":"https:\/\/www.vadaszboltcsorna.hu\/index.php\/wp-json\/wp\/v2\/product\/2661","targetHints":{"allow":["GET"]}}],"collection":[{"href":"https:\/\/www.vadaszboltcsorna.hu\/index.php\/wp-json\/wp\/v2\/product"}],"about":[{"href":"https:\/\/www.vadaszboltcsorna.hu\/index.php\/wp-json\/wp\/v2\/types\/product"}],"replies":[{"embeddable":true,"href":"https:\/\/www.vadaszboltcsorna.hu\/index.php\/wp-json\/wp\/v2\/comments?post=2661"}],"wp:featuredmedia":[{"embeddable":true,"href":"https:\/\/www.vadaszboltcsorna.hu\/index.php\/wp-json\/wp\/v2\/media\/2662"}],"wp:attachment":[{"href":"https:\/\/www.vadaszboltcsorna.hu\/index.php\/wp-json\/wp\/v2\/media?parent=2661"}],"wp:term":[{"taxonomy":"product_brand","embeddable":true,"href":"https:\/\/www.vadaszboltcsorna.hu\/index.php\/wp-json\/wp\/v2\/product_brand?post=2661"},{"taxonomy":"product_cat","embeddable":true,"href":"https:\/\/www.vadaszboltcsorna.hu\/index.php\/wp-json\/wp\/v2\/product_cat?post=2661"},{"taxonomy":"product_tag","embeddable":true,"href":"https:\/\/www.vadaszboltcsorna.hu\/index.php\/wp-json\/wp\/v2\/product_tag?post=2661"}],"curies":[{"name":"wp","href":"https:\/\/api.w.org\/{rel}","templated":true}]}}