{"id":2655,"date":"2022-03-31T10:50:47","date_gmt":"2022-03-31T10:50:47","guid":{"rendered":"https:\/\/www.vadaszboltcsorna.hu\/?post_type=product&#038;p=2655"},"modified":"2025-08-07T07:02:32","modified_gmt":"2025-08-07T07:02:32","slug":"akah-haromlabu-szek","status":"publish","type":"product","link":"https:\/\/www.vadaszboltcsorna.hu\/index.php\/termek\/akah-haromlabu-szek\/","title":{"rendered":"B\u0151r h\u00e1roml\u00e1b\u00fa sz\u00e9k"},"content":{"rendered":"<h2><strong>B\u0151r h\u00e1roml\u00e1b\u00fa sz\u00e9k<\/strong><\/h2>\n<h3>Barna sz\u00edben.<\/h3>\n<h3>B\u0151r \u00fcl\u0151fel\u00fclettel.<\/h3>\n<h3>Tart\u00f3s \u00e9s stabil.<\/h3>\n<h3>H\u00e1rom l\u00e1b\u00fa sz\u00e9k.<\/h3>\n<h3>K\u00f6nny\u0171 sz\u00e1ll\u00edthat\u00f3.<\/h3>\n<h3>Az \u00e1rak t\u00e1j\u00e9koztat\u00f3 jelleg\u0171ek, az \u00e1rv\u00e1ltoz\u00e1s jog\u00e1t fenntartjuk!<\/h3>\n<p>&nbsp;<\/p>\n<p>&nbsp;<\/p>\n","protected":false},"excerpt":{"rendered":"<p>B\u0151r h\u00e1roml\u00e1b\u00fa sz\u00e9k Barna sz\u00edben. B\u0151r \u00fcl\u0151fel\u00fclettel. Tart\u00f3s \u00e9s stabil. H\u00e1rom l\u00e1b\u00fa sz\u00e9k. K\u00f6nny\u0171 sz\u00e1ll\u00edthat\u00f3. Az \u00e1rak t\u00e1j\u00e9koztat\u00f3 jelleg\u0171ek, az \u00e1rv\u00e1ltoz\u00e1s jog\u00e1t fenntartjuk! &nbsp; &nbsp;<\/p>\n","protected":false},"featured_media":2657,"comment_status":"open","ping_status":"closed","template":"","meta":{"_et_pb_use_builder":"","_et_pb_old_content":"","_et_gb_content_width":"","om_disable_all_campaigns":false},"product_brand":[],"product_cat":[21,722,740],"product_tag":[1504,70,85],"class_list":{"0":"post-2655","1":"product","2":"type-product","3":"status-publish","4":"has-post-thumbnail","6":"product_cat-uj","7":"product_cat-vadasz-felszereles","8":"product_cat-vadasz-szek","9":"product_tag-bor-haromlabu-szek","10":"product_tag-vadaszat","11":"product_tag-vadaszfelszereles","13":"first","14":"instock","15":"taxable","16":"shipping-taxable","17":"purchasable","18":"product-type-simple"},"_links":{"self":[{"href":"https:\/\/www.vadaszboltcsorna.hu\/index.php\/wp-json\/wp\/v2\/product\/2655","targetHints":{"allow":["GET"]}}],"collection":[{"href":"https:\/\/www.vadaszboltcsorna.hu\/index.php\/wp-json\/wp\/v2\/product"}],"about":[{"href":"https:\/\/www.vadaszboltcsorna.hu\/index.php\/wp-json\/wp\/v2\/types\/product"}],"replies":[{"embeddable":true,"href":"https:\/\/www.vadaszboltcsorna.hu\/index.php\/wp-json\/wp\/v2\/comments?post=2655"}],"wp:featuredmedia":[{"embeddable":true,"href":"https:\/\/www.vadaszboltcsorna.hu\/index.php\/wp-json\/wp\/v2\/media\/2657"}],"wp:attachment":[{"href":"https:\/\/www.vadaszboltcsorna.hu\/index.php\/wp-json\/wp\/v2\/media?parent=2655"}],"wp:term":[{"taxonomy":"product_brand","embeddable":true,"href":"https:\/\/www.vadaszboltcsorna.hu\/index.php\/wp-json\/wp\/v2\/product_brand?post=2655"},{"taxonomy":"product_cat","embeddable":true,"href":"https:\/\/www.vadaszboltcsorna.hu\/index.php\/wp-json\/wp\/v2\/product_cat?post=2655"},{"taxonomy":"product_tag","embeddable":true,"href":"https:\/\/www.vadaszboltcsorna.hu\/index.php\/wp-json\/wp\/v2\/product_tag?post=2655"}],"curies":[{"name":"wp","href":"https:\/\/api.w.org\/{rel}","templated":true}]}}