{"id":2652,"date":"2022-03-30T09:09:15","date_gmt":"2022-03-30T09:09:15","guid":{"rendered":"https:\/\/www.vadaszboltcsorna.hu\/?post_type=product&#038;p=2652"},"modified":"2025-03-12T12:27:22","modified_gmt":"2025-03-12T12:27:22","slug":"diana-standard-5-fegyverszekreny","status":"publish","type":"product","link":"https:\/\/www.vadaszboltcsorna.hu\/index.php\/termek\/diana-standard-5-fegyverszekreny\/","title":{"rendered":"Diana Standard 5 fegyverszekr\u00e9ny"},"content":{"rendered":"<h2 data-start=\"121\" data-end=\"216\"><strong data-start=\"124\" data-end=\"214\">Diana Standard 5 fegyverszekr\u00e9ny \u2013 Biztons\u00e1g \u00e9s v\u00e9delem vad\u00e1szok \u00e9s sportl\u00f6v\u0151k sz\u00e1m\u00e1ra<\/strong><\/h2>\n<p data-start=\"218\" data-end=\"580\">A <strong data-start=\"220\" data-end=\"256\">Diana Standard 5 fegyverszekr\u00e9ny<\/strong> t\u00f6k\u00e9letes v\u00e1laszt\u00e1s minden fegyvertart\u00f3 sz\u00e1m\u00e1ra, aki <strong data-start=\"310\" data-end=\"342\">biztons\u00e1gosan \u00e9s szab\u00e1lyosan<\/strong> szeretn\u00e9 t\u00e1rolni vad\u00e1szfegyvereit, l\u0151szereit \u00e9s egy\u00e9b kieg\u00e9sz\u00edt\u0151it. Kiv\u00e1l\u00f3 min\u0151s\u00e9g\u0171, massz\u00edv kialak\u00edt\u00e1s\u00e1nak \u00e9s praktikus t\u00e1rol\u00f3megold\u00e1sainak k\u00f6sz\u00f6nhet\u0151en garant\u00e1lja fegyverei v\u00e9delm\u00e9t illet\u00e9ktelen hozz\u00e1f\u00e9r\u00e9ssel \u00e9s s\u00e9r\u00fcl\u00e9sekkel szemben.<\/p>\n<h3 data-start=\"582\" data-end=\"642\"><strong data-start=\"586\" data-end=\"640\">Mi\u00e9rt v\u00e1laszd a Diana Standard 5 fegyverszekr\u00e9nyt?<\/strong><\/h3>\n<p data-start=\"644\" data-end=\"1550\">\u2705 <strong data-start=\"646\" data-end=\"679\">5 fegyver t\u00e1rol\u00e1s\u00e1ra alkalmas<\/strong> \u2013 Ak\u00e1r s\u00f6r\u00e9tes, ak\u00e1r goly\u00f3s fegyvereid vannak, mindegyiknek elegend\u0151 helyet biztos\u00edt.<br data-start=\"765\" data-end=\"768\" \/>\u2705 <strong data-start=\"770\" data-end=\"806\">Biztons\u00e1gos \u00e9s massz\u00edv szerkezet<\/strong> \u2013 1,5 mm vastag ac\u00e9lajt\u00f3val \u00e9s <strong data-start=\"838\" data-end=\"882\">h\u00e1romir\u00e1ny\u00fa, h\u00e1rompontos z\u00e1rszerkezettel<\/strong> v\u00e9dett.<br data-start=\"890\" data-end=\"893\" \/>\u2705 <strong data-start=\"895\" data-end=\"925\">K\u00fcl\u00f6n z\u00e1rhat\u00f3 l\u0151szert\u00e1rol\u00f3<\/strong> \u2013 A <strong data-start=\"930\" data-end=\"952\">190 x 380 x 250 mm<\/strong> m\u00e9ret\u0171 rekeszben a l\u0151szerek \u00e9s kieg\u00e9sz\u00edt\u0151k v\u00e9detten t\u00e1rolhat\u00f3k, megemelt pereme pedig megakad\u00e1lyozza a l\u0151szerek legurul\u00e1s\u00e1t.<br data-start=\"1077\" data-end=\"1080\" \/>\u2705 <strong data-start=\"1082\" data-end=\"1119\">T\u00e1vcs\u00f6ves fegyverekhez is ide\u00e1lis<\/strong> \u2013 A m\u00e9lyebb szivacs puskat\u00e1masz kialak\u00edt\u00e1s r\u00e9v\u00e9n a t\u00e1vcs\u0151vel szerelt fegyverek is k\u00e9nyelmesen elf\u00e9rnek.<br data-start=\"1223\" data-end=\"1226\" \/>\u2705 <strong data-start=\"1228\" data-end=\"1263\">Falhoz vagy padl\u00f3hoz r\u00f6gz\u00edthet\u0151<\/strong> \u2013 A h\u00e1toldalon \u00e9s az alj\u00e1n tal\u00e1lhat\u00f3 r\u00f6gz\u00edt\u0151 furatoknak k\u00f6sz\u00f6nhet\u0151en m\u00e9g nagyobb biztons\u00e1got ny\u00fajt.<br data-start=\"1363\" data-end=\"1366\" \/>\u2705 <strong data-start=\"1368\" data-end=\"1403\" data-is-only-node=\"\">Magyar rend\u0151rs\u00e9g \u00e1ltal aj\u00e1nlott<\/strong> \u2013 A fegyverszekr\u00e9ny megfelel a <strong data-start=\"1435\" data-end=\"1473\">253\/2004 (VIII.31.) Korm. rendelet<\/strong> el\u0151\u00edr\u00e1sainak, \u00edgy biztos lehet benne, hogy fegyvereit szab\u00e1lyosan t\u00e1rolja.<\/p>\n<h3 data-start=\"1552\" data-end=\"1573\"><strong data-start=\"1556\" data-end=\"1571\">Tartoz\u00e9kok:<\/strong><\/h3>\n<p data-start=\"1574\" data-end=\"1774\">\u2714 <strong data-start=\"1576\" data-end=\"1607\">2 x 2 db sorsz\u00e1mozott kulcs<\/strong>, amely sorsz\u00e1m alapj\u00e1n ut\u00e1nrendelhet\u0151<br data-start=\"1645\" data-end=\"1648\" \/>\u2714 <strong data-start=\"1650\" data-end=\"1667\">Szivacs bet\u00e9t<\/strong> a puskatus v\u00e9delme \u00e9rdek\u00e9ben<br data-start=\"1696\" data-end=\"1699\" \/>\u2714 <strong data-start=\"1701\" data-end=\"1737\">5 \u00e1ll\u00e1s\u00fa szivacs puska t\u00e1maszt\u00e9k<\/strong><br data-start=\"1737\" data-end=\"1740\" \/>\u2714 <strong data-start=\"1742\" data-end=\"1772\">R\u00f6gz\u00edt\u0151 csavarok \u00e9s tiplik<\/strong><\/p>\n<h3 data-start=\"1776\" data-end=\"1801\"><strong data-start=\"1780\" data-end=\"1799\">M\u0171szaki adatok:<\/strong><\/h3>\n<ul data-start=\"1802\" data-end=\"1913\">\n<li data-start=\"1802\" data-end=\"1844\"><strong data-start=\"1804\" data-end=\"1833\">Maxim\u00e1lis fegyvermagass\u00e1g<\/strong>: 1310 mm<\/li>\n<li data-start=\"1845\" data-end=\"1893\"><strong data-start=\"1847\" data-end=\"1881\">Szivacs fegyvert\u00e1masz m\u00e9lys\u00e9ge<\/strong>: 80-90 mm<\/li>\n<li data-start=\"1894\" data-end=\"1913\"><strong data-start=\"1896\" data-end=\"1904\">S\u00faly<\/strong>: 25 kg<\/li>\n<\/ul>\n<h3 data-start=\"1915\" data-end=\"1941\"><strong data-start=\"1919\" data-end=\"1939\">\u00c1r \u00e9s sz\u00e1ll\u00edt\u00e1s:<\/strong><\/h3>\n<p data-start=\"1942\" data-end=\"2047\">\ud83d\udce6 <strong data-start=\"1945\" data-end=\"1963\">Sz\u00e1ll\u00edt\u00e1si d\u00edj<\/strong>: 5000 Ft<br data-start=\"1972\" data-end=\"1975\" \/>\ud83d\udcb0 <strong data-start=\"1978\" data-end=\"2045\">Az \u00e1rak t\u00e1j\u00e9koztat\u00f3 jelleg\u0171ek, az \u00e1rv\u00e1ltoz\u00e1s jog\u00e1t fenntartjuk.<\/strong><\/p>\n<p data-start=\"2049\" data-end=\"2160\">\ud83d\udd12 <strong data-start=\"2052\" data-end=\"2158\">Ne kock\u00e1ztass! Biztos\u00edtsd fegyvereid v\u00e9delm\u00e9t egy megb\u00edzhat\u00f3, hivatalosan aj\u00e1nlott fegyverszekr\u00e9nnyel!<\/strong><\/p>\n<p data-start=\"2162\" data-end=\"2222\">\ud83d\udcde <strong data-start=\"2165\" data-end=\"2220\">Rendeld meg most, vagy \u00e9rdekl\u0151dj el\u00e9rhet\u0151s\u00e9geinken!<\/strong><\/p>\n<p>&nbsp;<\/p>\n","protected":false},"excerpt":{"rendered":"<p>Diana Standard 5 fegyverszekr\u00e9ny \u2013 Biztons\u00e1g \u00e9s v\u00e9delem vad\u00e1szok \u00e9s sportl\u00f6v\u0151k sz\u00e1m\u00e1ra A Diana Standard 5 fegyverszekr\u00e9ny t\u00f6k\u00e9letes v\u00e1laszt\u00e1s minden fegyvertart\u00f3 sz\u00e1m\u00e1ra, aki biztons\u00e1gosan \u00e9s szab\u00e1lyosan szeretn\u00e9 t\u00e1rolni vad\u00e1szfegyvereit, l\u0151szereit \u00e9s egy\u00e9b kieg\u00e9sz\u00edt\u0151it. Kiv\u00e1l\u00f3 min\u0151s\u00e9g\u0171, massz\u00edv kialak\u00edt\u00e1s\u00e1nak \u00e9s praktikus t\u00e1rol\u00f3megold\u00e1sainak k\u00f6sz\u00f6nhet\u0151en garant\u00e1lja fegyverei v\u00e9delm\u00e9t illet\u00e9ktelen hozz\u00e1f\u00e9r\u00e9ssel \u00e9s s\u00e9r\u00fcl\u00e9sekkel szemben. Mi\u00e9rt v\u00e1laszd a Diana Standard 5 [&hellip;]<\/p>\n","protected":false},"featured_media":2653,"comment_status":"open","ping_status":"closed","template":"","meta":{"_et_pb_use_builder":"","_et_pb_old_content":"","_et_gb_content_width":"","om_disable_all_campaigns":false},"product_brand":[],"product_cat":[21,737,722],"product_tag":[738,540,364,70],"class_list":{"0":"post-2652","1":"product","2":"type-product","3":"status-publish","4":"has-post-thumbnail","6":"product_cat-uj","7":"product_cat-fegyverszekreny","8":"product_cat-vadasz-felszereles","9":"product_tag-diana-standard-5-fegyverszekreny","10":"product_tag-szabadido","11":"product_tag-vadasz-felszereles","12":"product_tag-vadaszat","14":"first","15":"instock","16":"sale","17":"taxable","18":"shipping-taxable","19":"purchasable","20":"product-type-simple"},"_links":{"self":[{"href":"https:\/\/www.vadaszboltcsorna.hu\/index.php\/wp-json\/wp\/v2\/product\/2652","targetHints":{"allow":["GET"]}}],"collection":[{"href":"https:\/\/www.vadaszboltcsorna.hu\/index.php\/wp-json\/wp\/v2\/product"}],"about":[{"href":"https:\/\/www.vadaszboltcsorna.hu\/index.php\/wp-json\/wp\/v2\/types\/product"}],"replies":[{"embeddable":true,"href":"https:\/\/www.vadaszboltcsorna.hu\/index.php\/wp-json\/wp\/v2\/comments?post=2652"}],"wp:featuredmedia":[{"embeddable":true,"href":"https:\/\/www.vadaszboltcsorna.hu\/index.php\/wp-json\/wp\/v2\/media\/2653"}],"wp:attachment":[{"href":"https:\/\/www.vadaszboltcsorna.hu\/index.php\/wp-json\/wp\/v2\/media?parent=2652"}],"wp:term":[{"taxonomy":"product_brand","embeddable":true,"href":"https:\/\/www.vadaszboltcsorna.hu\/index.php\/wp-json\/wp\/v2\/product_brand?post=2652"},{"taxonomy":"product_cat","embeddable":true,"href":"https:\/\/www.vadaszboltcsorna.hu\/index.php\/wp-json\/wp\/v2\/product_cat?post=2652"},{"taxonomy":"product_tag","embeddable":true,"href":"https:\/\/www.vadaszboltcsorna.hu\/index.php\/wp-json\/wp\/v2\/product_tag?post=2652"}],"curies":[{"name":"wp","href":"https:\/\/api.w.org\/{rel}","templated":true}]}}