{"id":2649,"date":"2022-03-29T10:59:44","date_gmt":"2022-03-29T10:59:44","guid":{"rendered":"https:\/\/www.vadaszboltcsorna.hu\/?post_type=product&#038;p=2649"},"modified":"2026-04-29T13:29:29","modified_gmt":"2026-04-29T13:29:29","slug":"lozsak-tbr-m-330","status":"publish","type":"product","link":"https:\/\/www.vadaszboltcsorna.hu\/index.php\/termek\/lozsak-tbr-m-330\/","title":{"rendered":"L\u0151zs\u00e1k TBR (M-330)"},"content":{"rendered":"<h3 data-start=\"0\" data-end=\"80\"><strong data-start=\"4\" data-end=\"78\">L\u0151zs\u00e1k TBR (M-330) \u2013 Maxim\u00e1lis Stabilit\u00e1s \u00e9s Pontoss\u00e1g Minden L\u00f6v\u00e9sn\u00e9l<\/strong><\/h3>\n<p data-start=\"82\" data-end=\"438\">A <strong data-start=\"84\" data-end=\"106\">L\u0151zs\u00e1k TBR (M-330)<\/strong> a prec\u00edzi\u00f3s l\u00f6v\u00e9szek \u00e9s vad\u00e1szok n\u00e9lk\u00fcl\u00f6zhetetlen seg\u00e9deszk\u00f6ze, amely <strong data-start=\"177\" data-end=\"213\">t\u00f6k\u00e9letes felt\u00e1maszt\u00e1st biztos\u00edt<\/strong> minden l\u00f6v\u00e9sn\u00e9l. <strong data-start=\"231\" data-end=\"264\">Id\u0151t\u00e1ll\u00f3, min\u0151s\u00e9gi anyagokb\u00f3l<\/strong> k\u00e9sz\u00fclt, \u00edgy hossz\u00fa t\u00e1von is megb\u00edzhat\u00f3 t\u00e1rs a l\u0151t\u00e9ren \u00e9s terepen egyar\u00e1nt. Kompakt m\u00e9ret\u00e9nek \u00e9s <strong data-start=\"362\" data-end=\"381\">k\u00f6nny\u0171 s\u00faly\u00e1nak<\/strong> k\u00f6sz\u00f6nhet\u0151en <strong data-start=\"395\" data-end=\"435\">cserkel\u00e9shez is kiv\u00e1l\u00f3an haszn\u00e1lhat\u00f3<\/strong>.<\/p>\n<h3 data-start=\"440\" data-end=\"488\"><strong data-start=\"444\" data-end=\"486\">Mi\u00e9rt v\u00e1laszd a L\u0151zs\u00e1k TBR (M-330)-at?<\/strong><\/h3>\n<p data-start=\"490\" data-end=\"1113\">\u2705 <strong data-start=\"492\" data-end=\"516\">Maxim\u00e1lis stabilit\u00e1s<\/strong> \u2013 Seg\u00edt cs\u00f6kkenteni a fegyver r\u00e1zk\u00f3d\u00e1s\u00e1t, ezzel n\u00f6velve a l\u00f6v\u00e9s pontoss\u00e1g\u00e1t.<br data-start=\"593\" data-end=\"596\" \/>\u2705 <strong data-start=\"598\" data-end=\"630\">H\u00e1romf\u00e9le \u00e1ll\u00edt\u00e1si lehet\u0151s\u00e9g<\/strong> \u2013 Rugalmas be\u00e1ll\u00edt\u00e1s, hogy minden helyzetben a legjobb t\u00e1maszt biztos\u00edtsa.<br data-start=\"705\" data-end=\"708\" \/>\u2705 <strong data-start=\"710\" data-end=\"734\">K\u00f6nny\u0171 \u00e9s hordozhat\u00f3<\/strong> \u2013 Kis m\u00e9rete ellen\u00e9re rendk\u00edv\u00fcl hat\u00e9kony, \u00e9s <strong data-start=\"780\" data-end=\"822\">cserkel\u00e9s k\u00f6zben is k\u00f6nnyen mozgathat\u00f3<\/strong>.<br data-start=\"823\" data-end=\"826\" \/>\u2705 <strong data-start=\"828\" data-end=\"854\">Tart\u00f3s \u00e9s id\u0151j\u00e1r\u00e1s\u00e1ll\u00f3<\/strong> \u2013 <strong data-start=\"857\" data-end=\"909\">Textilb\u0151r bor\u00edt\u00e1s \u00e9s impregn\u00e1lt poli\u00e9szter b\u00e9l\u00e9s<\/strong> gondoskodik a hossz\u00fa \u00e9lettartamr\u00f3l \u00e9s a strapab\u00edr\u00f3 kialak\u00edt\u00e1sr\u00f3l.<br data-start=\"975\" data-end=\"978\" data-is-only-node=\"\" \/>\u2705 <strong data-start=\"980\" data-end=\"1000\">Speci\u00e1lis t\u00f6ltet<\/strong> \u2013 <strong data-start=\"1003\" data-end=\"1025\">Kem\u00e9nyfa f\u0171r\u00e9szpor<\/strong>, amely optim\u00e1lis s\u00falyeloszt\u00e1st biztos\u00edt, megtartja a form\u00e1j\u00e1t \u00e9s stabil alapot ny\u00fajt.<\/p>\n<h3 data-start=\"1115\" data-end=\"1140\"><strong data-start=\"1119\" data-end=\"1138\">M\u0171szaki adatok:<\/strong><\/h3>\n<p data-start=\"1141\" data-end=\"1274\">\ud83d\udccf <strong data-start=\"1144\" data-end=\"1154\">M\u00e9ret:<\/strong> 25 x 16,5 x 11 cm<br data-start=\"1172\" data-end=\"1175\" \/>\ud83d\udee0 <strong data-start=\"1178\" data-end=\"1188\">Anyag:<\/strong> Textilb\u0151r<br data-start=\"1198\" data-end=\"1201\" \/>\ud83c\udfaf <strong data-start=\"1204\" data-end=\"1214\">B\u00e9l\u00e9s:<\/strong> Impregn\u00e1lt poli\u00e9szter<br data-start=\"1236\" data-end=\"1239\" \/>\ud83e\udeb5 <strong data-start=\"1242\" data-end=\"1253\">T\u00f6ltet:<\/strong> Kem\u00e9nyfa f\u0171r\u00e9szpor<\/p>\n<h3 data-start=\"1276\" data-end=\"1302\"><strong data-start=\"1280\" data-end=\"1300\">\u00c1r \u00e9s sz\u00e1ll\u00edt\u00e1s:<\/strong><\/h3>\n<p data-start=\"1303\" data-end=\"1475\">\ud83d\udce6 <strong data-start=\"1306\" data-end=\"1332\">Sz\u00e1ll\u00edt\u00e1si inform\u00e1ci\u00f3k<\/strong>: K\u00e9rj\u00fck, \u00e9rdekl\u0151dj aktu\u00e1lis k\u00e9szletr\u0151l \u00e9s sz\u00e1ll\u00edt\u00e1si felt\u00e9telekr\u0151l!<br data-start=\"1400\" data-end=\"1403\" \/>\ud83d\udcb0 <strong data-start=\"1406\" data-end=\"1473\">Az \u00e1rak t\u00e1j\u00e9koztat\u00f3 jelleg\u0171ek, az \u00e1rv\u00e1ltoz\u00e1s jog\u00e1t fenntartjuk.<\/strong><\/p>\n<p data-start=\"1477\" data-end=\"1584\">\ud83d\udd39 <strong data-start=\"1480\" data-end=\"1582\">L\u0151t\u00e9ren vagy terepen \u2013 a L\u0151zs\u00e1k TBR (M-330) biztos\u00edtja a t\u00f6k\u00e9letes l\u00f6v\u00e9st minden k\u00f6r\u00fclm\u00e9ny k\u00f6z\u00f6tt!<\/strong><\/p>\n<p data-start=\"1586\" data-end=\"1646\">\ud83d\udcde <strong data-start=\"1589\" data-end=\"1644\">Rendeld meg most, vagy \u00e9rdekl\u0151dj el\u00e9rhet\u0151s\u00e9geinken!<\/strong><\/p>\n","protected":false},"excerpt":{"rendered":"<p>L\u0151zs\u00e1k TBR (M-330) \u2013 Maxim\u00e1lis Stabilit\u00e1s \u00e9s Pontoss\u00e1g Minden L\u00f6v\u00e9sn\u00e9l A L\u0151zs\u00e1k TBR (M-330) a prec\u00edzi\u00f3s l\u00f6v\u00e9szek \u00e9s vad\u00e1szok n\u00e9lk\u00fcl\u00f6zhetetlen seg\u00e9deszk\u00f6ze, amely t\u00f6k\u00e9letes felt\u00e1maszt\u00e1st biztos\u00edt minden l\u00f6v\u00e9sn\u00e9l. Id\u0151t\u00e1ll\u00f3, min\u0151s\u00e9gi anyagokb\u00f3l k\u00e9sz\u00fclt, \u00edgy hossz\u00fa t\u00e1von is megb\u00edzhat\u00f3 t\u00e1rs a l\u0151t\u00e9ren \u00e9s terepen egyar\u00e1nt. Kompakt m\u00e9ret\u00e9nek \u00e9s k\u00f6nny\u0171 s\u00faly\u00e1nak k\u00f6sz\u00f6nhet\u0151en cserkel\u00e9shez is kiv\u00e1l\u00f3an haszn\u00e1lhat\u00f3. Mi\u00e9rt v\u00e1laszd a [&hellip;]<\/p>\n","protected":false},"featured_media":2650,"comment_status":"open","ping_status":"closed","template":"","meta":{"_et_pb_use_builder":"","_et_pb_old_content":"","_et_gb_content_width":"","om_disable_all_campaigns":false},"product_brand":[],"product_cat":[21,736,722],"product_tag":[735,364,70],"class_list":{"0":"post-2649","1":"product","2":"type-product","3":"status-publish","4":"has-post-thumbnail","6":"product_cat-uj","7":"product_cat-lozsak","8":"product_cat-vadasz-felszereles","9":"product_tag-lozsak","10":"product_tag-vadasz-felszereles","11":"product_tag-vadaszat","13":"first","14":"instock","15":"taxable","16":"shipping-taxable","17":"purchasable","18":"product-type-simple"},"_links":{"self":[{"href":"https:\/\/www.vadaszboltcsorna.hu\/index.php\/wp-json\/wp\/v2\/product\/2649","targetHints":{"allow":["GET"]}}],"collection":[{"href":"https:\/\/www.vadaszboltcsorna.hu\/index.php\/wp-json\/wp\/v2\/product"}],"about":[{"href":"https:\/\/www.vadaszboltcsorna.hu\/index.php\/wp-json\/wp\/v2\/types\/product"}],"replies":[{"embeddable":true,"href":"https:\/\/www.vadaszboltcsorna.hu\/index.php\/wp-json\/wp\/v2\/comments?post=2649"}],"wp:featuredmedia":[{"embeddable":true,"href":"https:\/\/www.vadaszboltcsorna.hu\/index.php\/wp-json\/wp\/v2\/media\/2650"}],"wp:attachment":[{"href":"https:\/\/www.vadaszboltcsorna.hu\/index.php\/wp-json\/wp\/v2\/media?parent=2649"}],"wp:term":[{"taxonomy":"product_brand","embeddable":true,"href":"https:\/\/www.vadaszboltcsorna.hu\/index.php\/wp-json\/wp\/v2\/product_brand?post=2649"},{"taxonomy":"product_cat","embeddable":true,"href":"https:\/\/www.vadaszboltcsorna.hu\/index.php\/wp-json\/wp\/v2\/product_cat?post=2649"},{"taxonomy":"product_tag","embeddable":true,"href":"https:\/\/www.vadaszboltcsorna.hu\/index.php\/wp-json\/wp\/v2\/product_tag?post=2649"}],"curies":[{"name":"wp","href":"https:\/\/api.w.org\/{rel}","templated":true}]}}