{"id":2640,"date":"2022-03-29T08:21:42","date_gmt":"2022-03-29T08:21:42","guid":{"rendered":"https:\/\/www.vadaszboltcsorna.hu\/?post_type=product&#038;p=2640"},"modified":"2024-08-05T10:49:27","modified_gmt":"2024-08-05T10:49:27","slug":"kamasli-wzm-247-1423","status":"publish","type":"product","link":"https:\/\/www.vadaszboltcsorna.hu\/index.php\/termek\/kamasli-wzm-247-1423\/","title":{"rendered":"Kam\u00e1sli WZM-247-1423"},"content":{"rendered":"<h2><strong>Kam\u00e1sli WZM-247-1423 (KICSI)<\/strong><\/h2>\n<h3>Egy m\u00e9retben k\u00e9sz\u00fcl, az alj\u00e1n \u00e9s a boka f\u00f6l\u00f6tt<br \/>\ngum\u00edroz\u00e1s, a tetej\u00e9n pedig f\u0171z\u0151 biztos\u00edtja a t\u00f6k\u00e9letes<br \/>\nilleszked\u00e9st.<\/h3>\n<h3>V\u00edzhatlan.<\/h3>\n<h3>Vaddiszn\u00f3 mint\u00e1val.<\/h3>\n<h3>Teljesen v\u00edzhatlan, oldalt cipz\u00e1rozott.<br \/>\nAnyaga: 100% PTP<\/h3>\n<h3>Az \u00e1rak t\u00e1j\u00e9koztat\u00f3 jelleg\u0171ek, az \u00e1rv\u00e1ltoz\u00e1s jog\u00e1t fenntartjuk!<\/h3>\n","protected":false},"excerpt":{"rendered":"<p>Kam\u00e1sli WZM-247-1423 (KICSI) Egy m\u00e9retben k\u00e9sz\u00fcl, az alj\u00e1n \u00e9s a boka f\u00f6l\u00f6tt gum\u00edroz\u00e1s, a tetej\u00e9n pedig f\u0171z\u0151 biztos\u00edtja a t\u00f6k\u00e9letes illeszked\u00e9st. V\u00edzhatlan. Vaddiszn\u00f3 mint\u00e1val. Teljesen v\u00edzhatlan, oldalt cipz\u00e1rozott. Anyaga: 100% PTP Az \u00e1rak t\u00e1j\u00e9koztat\u00f3 jelleg\u0171ek, az \u00e1rv\u00e1ltoz\u00e1s jog\u00e1t fenntartjuk!<\/p>\n","protected":false},"featured_media":2641,"comment_status":"open","ping_status":"closed","template":"","meta":{"_et_pb_use_builder":"","_et_pb_old_content":"","_et_gb_content_width":"","om_disable_all_campaigns":false},"product_brand":[],"product_cat":[21,733,722],"product_tag":[734,540,364,70],"class_list":{"0":"post-2640","1":"product","2":"type-product","3":"status-publish","4":"has-post-thumbnail","6":"product_cat-uj","7":"product_cat-kamasli","8":"product_cat-vadasz-felszereles","9":"product_tag-kamasli","10":"product_tag-szabadido","11":"product_tag-vadasz-felszereles","12":"product_tag-vadaszat","14":"first","15":"instock","16":"taxable","17":"shipping-taxable","18":"purchasable","19":"product-type-simple"},"_links":{"self":[{"href":"https:\/\/www.vadaszboltcsorna.hu\/index.php\/wp-json\/wp\/v2\/product\/2640","targetHints":{"allow":["GET"]}}],"collection":[{"href":"https:\/\/www.vadaszboltcsorna.hu\/index.php\/wp-json\/wp\/v2\/product"}],"about":[{"href":"https:\/\/www.vadaszboltcsorna.hu\/index.php\/wp-json\/wp\/v2\/types\/product"}],"replies":[{"embeddable":true,"href":"https:\/\/www.vadaszboltcsorna.hu\/index.php\/wp-json\/wp\/v2\/comments?post=2640"}],"wp:featuredmedia":[{"embeddable":true,"href":"https:\/\/www.vadaszboltcsorna.hu\/index.php\/wp-json\/wp\/v2\/media\/2641"}],"wp:attachment":[{"href":"https:\/\/www.vadaszboltcsorna.hu\/index.php\/wp-json\/wp\/v2\/media?parent=2640"}],"wp:term":[{"taxonomy":"product_brand","embeddable":true,"href":"https:\/\/www.vadaszboltcsorna.hu\/index.php\/wp-json\/wp\/v2\/product_brand?post=2640"},{"taxonomy":"product_cat","embeddable":true,"href":"https:\/\/www.vadaszboltcsorna.hu\/index.php\/wp-json\/wp\/v2\/product_cat?post=2640"},{"taxonomy":"product_tag","embeddable":true,"href":"https:\/\/www.vadaszboltcsorna.hu\/index.php\/wp-json\/wp\/v2\/product_tag?post=2640"}],"curies":[{"name":"wp","href":"https:\/\/api.w.org\/{rel}","templated":true}]}}