{"id":2628,"date":"2022-03-28T10:55:35","date_gmt":"2022-03-28T10:55:35","guid":{"rendered":"https:\/\/www.vadaszboltcsorna.hu\/?post_type=product&#038;p=2628"},"modified":"2025-12-08T08:34:22","modified_gmt":"2025-12-08T08:34:22","slug":"csizmatarto-taska-wzm-205-0803","status":"publish","type":"product","link":"https:\/\/www.vadaszboltcsorna.hu\/index.php\/termek\/csizmatarto-taska-wzm-205-0803\/","title":{"rendered":"Csizmatart\u00f3 t\u00e1ska WZM-205-0803 (szarvas)"},"content":{"rendered":"<h2><strong>Csizmatart\u00f3 t\u00e1ska<\/strong><\/h2>\n<h3>Cikksz\u00e1m: WZM-205-0803<\/h3>\n<h3>Dekorat\u00edv szarvas mint\u00e1val.<\/h3>\n<h3>Hasznos kieg\u00e9sz\u00edt\u0151je b\u00e1rmely hobbinak legyen az vad\u00e1szat, lovagl\u00e1s term\u00e9szet j\u00e1r\u00e1s, vagy ak\u00e1r horg\u00e1szat illetve a kert\u00e9szet.<\/h3>\n<h3>A csizma k\u00f6nny\u0171 sz\u00e1ll\u00edt\u00e1s\u00e1t teszi lehet\u0151v\u00e9, illetve megv\u00e9di az aut\u00f3nkat vagy otthonunkat a csizm\u00e1ra rak\u00f3dott piszokt\u00f3l.<\/h3>\n<h3>Term\u00e9k adatok:<\/h3>\n<h3>-hossz: 48 cm.<\/h3>\n<h3>-magass\u00e1g: 25 cm.<\/h3>\n<h3>-sz\u00e9less\u00e9g: 34 cm.<\/h3>\n<h3>Az \u00e1rak t\u00e1j\u00e9koztat\u00f3 jelleg\u0171ek, az \u00e1rv\u00e1ltoz\u00e1s jog\u00e1t fenntartjuk!<\/h3>\n","protected":false},"excerpt":{"rendered":"<p>Csizmatart\u00f3 t\u00e1ska Cikksz\u00e1m: WZM-205-0803 Dekorat\u00edv szarvas mint\u00e1val. Hasznos kieg\u00e9sz\u00edt\u0151je b\u00e1rmely hobbinak legyen az vad\u00e1szat, lovagl\u00e1s term\u00e9szet j\u00e1r\u00e1s, vagy ak\u00e1r horg\u00e1szat illetve a kert\u00e9szet. A csizma k\u00f6nny\u0171 sz\u00e1ll\u00edt\u00e1s\u00e1t teszi lehet\u0151v\u00e9, illetve megv\u00e9di az aut\u00f3nkat vagy otthonunkat a csizm\u00e1ra rak\u00f3dott piszokt\u00f3l. Term\u00e9k adatok: -hossz: 48 cm. -magass\u00e1g: 25 cm. -sz\u00e9less\u00e9g: 34 cm. Az \u00e1rak t\u00e1j\u00e9koztat\u00f3 jelleg\u0171ek, az [&hellip;]<\/p>\n","protected":false},"featured_media":2630,"comment_status":"open","ping_status":"closed","template":"","meta":{"_et_pb_use_builder":"","_et_pb_old_content":"","_et_gb_content_width":"","om_disable_all_campaigns":false},"product_brand":[],"product_cat":[21,731,722],"product_tag":[732,540,70,85],"class_list":{"0":"post-2628","1":"product","2":"type-product","3":"status-publish","4":"has-post-thumbnail","6":"product_cat-uj","7":"product_cat-csizmatarto-taska","8":"product_cat-vadasz-felszereles","9":"product_tag-csizmatarto-taska","10":"product_tag-szabadido","11":"product_tag-vadaszat","12":"product_tag-vadaszfelszereles","14":"first","15":"outofstock","16":"taxable","17":"shipping-taxable","18":"purchasable","19":"product-type-simple"},"_links":{"self":[{"href":"https:\/\/www.vadaszboltcsorna.hu\/index.php\/wp-json\/wp\/v2\/product\/2628","targetHints":{"allow":["GET"]}}],"collection":[{"href":"https:\/\/www.vadaszboltcsorna.hu\/index.php\/wp-json\/wp\/v2\/product"}],"about":[{"href":"https:\/\/www.vadaszboltcsorna.hu\/index.php\/wp-json\/wp\/v2\/types\/product"}],"replies":[{"embeddable":true,"href":"https:\/\/www.vadaszboltcsorna.hu\/index.php\/wp-json\/wp\/v2\/comments?post=2628"}],"wp:featuredmedia":[{"embeddable":true,"href":"https:\/\/www.vadaszboltcsorna.hu\/index.php\/wp-json\/wp\/v2\/media\/2630"}],"wp:attachment":[{"href":"https:\/\/www.vadaszboltcsorna.hu\/index.php\/wp-json\/wp\/v2\/media?parent=2628"}],"wp:term":[{"taxonomy":"product_brand","embeddable":true,"href":"https:\/\/www.vadaszboltcsorna.hu\/index.php\/wp-json\/wp\/v2\/product_brand?post=2628"},{"taxonomy":"product_cat","embeddable":true,"href":"https:\/\/www.vadaszboltcsorna.hu\/index.php\/wp-json\/wp\/v2\/product_cat?post=2628"},{"taxonomy":"product_tag","embeddable":true,"href":"https:\/\/www.vadaszboltcsorna.hu\/index.php\/wp-json\/wp\/v2\/product_tag?post=2628"}],"curies":[{"name":"wp","href":"https:\/\/api.w.org\/{rel}","templated":true}]}}