{"id":2619,"date":"2022-03-28T09:54:27","date_gmt":"2022-03-28T09:54:27","guid":{"rendered":"https:\/\/www.vadaszboltcsorna.hu\/?post_type=product&#038;p=2619"},"modified":"2024-12-17T09:59:21","modified_gmt":"2024-12-17T09:59:21","slug":"lesparna-m-248-1830","status":"publish","type":"product","link":"https:\/\/www.vadaszboltcsorna.hu\/index.php\/termek\/lesparna-m-248-1830\/","title":{"rendered":"Lesp\u00e1rna M-248-1830"},"content":{"rendered":"<h2><strong> Lesp\u00e1rna<\/strong><\/h2>\n<h3>Cikksz\u00e1m: M-248-1830<\/h3>\n<h3>Szarvasos mint\u00e1val.<\/h3>\n<h3>V\u00edzhatlan als\u00f3 r\u00e9sszel, cs\u00fasz\u00e1smentes bevonattal.\u00d6sszehajthat\u00f3, \u00edgy n\u00f6velhet\u0151 a vastags\u00e1ga is.<\/h3>\n<h3>M\u00e9retek:<br \/>\nTerm\u00e9k Hossza: 48 cm<br \/>\nTerm\u00e9k Sz\u00e9less\u00e9ge: 37 cm<br \/>\nTerm\u00e9k Magass\u00e1ga : 2 cm<br \/>\nAnyag :100% poli\u00e9szter<\/h3>\n<h3>Az \u00e1rak t\u00e1j\u00e9koztat\u00f3 jelleg\u0171ek,az \u00e1rv\u00e1ltoz\u00e1s jog\u00e1t fenntartjuk!<\/h3>\n","protected":false},"excerpt":{"rendered":"<p>Lesp\u00e1rna Cikksz\u00e1m: M-248-1830 Szarvasos mint\u00e1val. V\u00edzhatlan als\u00f3 r\u00e9sszel, cs\u00fasz\u00e1smentes bevonattal.\u00d6sszehajthat\u00f3, \u00edgy n\u00f6velhet\u0151 a vastags\u00e1ga is. M\u00e9retek: Term\u00e9k Hossza: 48 cm Term\u00e9k Sz\u00e9less\u00e9ge: 37 cm Term\u00e9k Magass\u00e1ga : 2 cm Anyag :100% poli\u00e9szter Az \u00e1rak t\u00e1j\u00e9koztat\u00f3 jelleg\u0171ek,az \u00e1rv\u00e1ltoz\u00e1s jog\u00e1t fenntartjuk!<\/p>\n","protected":false},"featured_media":2620,"comment_status":"open","ping_status":"closed","template":"","meta":{"_et_pb_use_builder":"","_et_pb_old_content":"","_et_gb_content_width":"","om_disable_all_campaigns":false},"product_brand":[],"product_cat":[21,728,722],"product_tag":[729,540,364],"class_list":{"0":"post-2619","1":"product","2":"type-product","3":"status-publish","4":"has-post-thumbnail","6":"product_cat-uj","7":"product_cat-lesparna","8":"product_cat-vadasz-felszereles","9":"product_tag-lesparna","10":"product_tag-szabadido","11":"product_tag-vadasz-felszereles","13":"first","14":"outofstock","15":"taxable","16":"shipping-taxable","17":"purchasable","18":"product-type-simple"},"_links":{"self":[{"href":"https:\/\/www.vadaszboltcsorna.hu\/index.php\/wp-json\/wp\/v2\/product\/2619","targetHints":{"allow":["GET"]}}],"collection":[{"href":"https:\/\/www.vadaszboltcsorna.hu\/index.php\/wp-json\/wp\/v2\/product"}],"about":[{"href":"https:\/\/www.vadaszboltcsorna.hu\/index.php\/wp-json\/wp\/v2\/types\/product"}],"replies":[{"embeddable":true,"href":"https:\/\/www.vadaszboltcsorna.hu\/index.php\/wp-json\/wp\/v2\/comments?post=2619"}],"wp:featuredmedia":[{"embeddable":true,"href":"https:\/\/www.vadaszboltcsorna.hu\/index.php\/wp-json\/wp\/v2\/media\/2620"}],"wp:attachment":[{"href":"https:\/\/www.vadaszboltcsorna.hu\/index.php\/wp-json\/wp\/v2\/media?parent=2619"}],"wp:term":[{"taxonomy":"product_brand","embeddable":true,"href":"https:\/\/www.vadaszboltcsorna.hu\/index.php\/wp-json\/wp\/v2\/product_brand?post=2619"},{"taxonomy":"product_cat","embeddable":true,"href":"https:\/\/www.vadaszboltcsorna.hu\/index.php\/wp-json\/wp\/v2\/product_cat?post=2619"},{"taxonomy":"product_tag","embeddable":true,"href":"https:\/\/www.vadaszboltcsorna.hu\/index.php\/wp-json\/wp\/v2\/product_tag?post=2619"}],"curies":[{"name":"wp","href":"https:\/\/api.w.org\/{rel}","templated":true}]}}