{"id":2615,"date":"2022-03-28T09:19:27","date_gmt":"2022-03-28T09:19:27","guid":{"rendered":"https:\/\/www.vadaszboltcsorna.hu\/?post_type=product&#038;p=2615"},"modified":"2026-04-13T05:47:43","modified_gmt":"2026-04-13T05:47:43","slug":"lesparna-m-248-1771","status":"publish","type":"product","link":"https:\/\/www.vadaszboltcsorna.hu\/index.php\/termek\/lesparna-m-248-1771\/","title":{"rendered":"Lesp\u00e1rna M-248-1771 (vaddiszn\u00f3s)"},"content":{"rendered":"<h2><strong>Lesp\u00e1rna<\/strong><\/h2>\n<h3>Cikksz\u00e1m : M-248-1771<\/h3>\n<h3>Vaddiszn\u00f3 mint\u00e1val.<\/h3>\n<h3>V\u00edzhatlan als\u00f3 r\u00e9sszel, cs\u00fasz\u00e1smentes bevonattal.<\/h3>\n<h3>M\u00e9retek:<br \/>\nTerm\u00e9k hossza: 48 cm<br \/>\nTerm\u00e9k sz\u00e9less\u00e9ge: 37 cm<br \/>\nTerm\u00e9k magass\u00e1ga: 2 cm<br \/>\nAnyag: 100% poli\u00e9szter<\/h3>\n<h3>Az \u00e1rak t\u00e1j\u00e9koztat\u00f3 jelleg\u0171ek, az \u00e1rv\u00e1ltoz\u00e1s jog\u00e1t fenntartjuk!<\/h3>\n","protected":false},"excerpt":{"rendered":"<p>Lesp\u00e1rna Cikksz\u00e1m : M-248-1771 Vaddiszn\u00f3 mint\u00e1val. V\u00edzhatlan als\u00f3 r\u00e9sszel, cs\u00fasz\u00e1smentes bevonattal. M\u00e9retek: Term\u00e9k hossza: 48 cm Term\u00e9k sz\u00e9less\u00e9ge: 37 cm Term\u00e9k magass\u00e1ga: 2 cm Anyag: 100% poli\u00e9szter Az \u00e1rak t\u00e1j\u00e9koztat\u00f3 jelleg\u0171ek, az \u00e1rv\u00e1ltoz\u00e1s jog\u00e1t fenntartjuk!<\/p>\n","protected":false},"featured_media":2617,"comment_status":"open","ping_status":"closed","template":"","meta":{"_et_pb_use_builder":"","_et_pb_old_content":"","_et_gb_content_width":"","om_disable_all_campaigns":false},"product_brand":[],"product_cat":[21,728,722],"product_tag":[729,540,70,85],"class_list":{"0":"post-2615","1":"product","2":"type-product","3":"status-publish","4":"has-post-thumbnail","6":"product_cat-uj","7":"product_cat-lesparna","8":"product_cat-vadasz-felszereles","9":"product_tag-lesparna","10":"product_tag-szabadido","11":"product_tag-vadaszat","12":"product_tag-vadaszfelszereles","14":"first","15":"instock","16":"taxable","17":"shipping-taxable","18":"purchasable","19":"product-type-simple"},"_links":{"self":[{"href":"https:\/\/www.vadaszboltcsorna.hu\/index.php\/wp-json\/wp\/v2\/product\/2615","targetHints":{"allow":["GET"]}}],"collection":[{"href":"https:\/\/www.vadaszboltcsorna.hu\/index.php\/wp-json\/wp\/v2\/product"}],"about":[{"href":"https:\/\/www.vadaszboltcsorna.hu\/index.php\/wp-json\/wp\/v2\/types\/product"}],"replies":[{"embeddable":true,"href":"https:\/\/www.vadaszboltcsorna.hu\/index.php\/wp-json\/wp\/v2\/comments?post=2615"}],"wp:featuredmedia":[{"embeddable":true,"href":"https:\/\/www.vadaszboltcsorna.hu\/index.php\/wp-json\/wp\/v2\/media\/2617"}],"wp:attachment":[{"href":"https:\/\/www.vadaszboltcsorna.hu\/index.php\/wp-json\/wp\/v2\/media?parent=2615"}],"wp:term":[{"taxonomy":"product_brand","embeddable":true,"href":"https:\/\/www.vadaszboltcsorna.hu\/index.php\/wp-json\/wp\/v2\/product_brand?post=2615"},{"taxonomy":"product_cat","embeddable":true,"href":"https:\/\/www.vadaszboltcsorna.hu\/index.php\/wp-json\/wp\/v2\/product_cat?post=2615"},{"taxonomy":"product_tag","embeddable":true,"href":"https:\/\/www.vadaszboltcsorna.hu\/index.php\/wp-json\/wp\/v2\/product_tag?post=2615"}],"curies":[{"name":"wp","href":"https:\/\/api.w.org\/{rel}","templated":true}]}}