{"id":2581,"date":"2022-03-23T13:21:01","date_gmt":"2022-03-23T13:21:01","guid":{"rendered":"https:\/\/www.vadaszboltcsorna.hu\/?post_type=product&#038;p=2581"},"modified":"2024-12-04T13:52:18","modified_gmt":"2024-12-04T13:52:18","slug":"tavcsovedo41cm-m-274-1643","status":"publish","type":"product","link":"https:\/\/www.vadaszboltcsorna.hu\/index.php\/termek\/tavcsovedo41cm-m-274-1643\/","title":{"rendered":"T\u00e1vcs\u0151v\u00e9d\u0151  41cm M-274-1643"},"content":{"rendered":"<div class=\"et_pb_tab clearfix et_pb_active_content et-pb-active-slide\">\n<div class=\"et_pb_tab_content\">\n<h2><strong>T\u00e1vcs\u0151v\u00e9d\u0151 c\u00e9lt\u00e1vcs\u0151re<\/strong><\/h2>\n<h3>Cikksz\u00e1m.: M-274-1643<\/h3>\n<h3>Hossz\u00fas\u00e1g : 41cm<\/h3>\n<h3>\u00d3vja a s\u00e9r\u00fcl\u00e9sekt\u0151l az \u00e9rz\u00e9keny optik\u00e1t legyen az por, nedvess\u00e9g vagy karcol\u00e1sok.<\/h3>\n<h3>Cipz\u00e1r,\u00a0 zseb \u00e9s t\u00f6rl\u0151kend\u0151vel. Dekorat\u00edv, modern nyomattal ell\u00e1tva.<\/h3>\n<h3>Min\u0151s\u00e9gi, id\u0151t\u00e1ll\u00f3 \u00e9s puha anyagokb\u00f3l k\u00e9sz\u00fclt praktikus term\u00e9k, amely k\u00f6nnyed\u00e9n egy mozdulattal le- illetve feltehet\u0151 a c\u00e9lt\u00e1vcs\u0151re.<\/h3>\n<h3>Az \u00e1rak t\u00e1j\u00e9koztat\u00f3 jelleg\u0171ek, az \u00e1rv\u00e1ltoz\u00e1s jog\u00e1t fenntartjuk!<\/h3>\n<\/div>\n<\/div>\n","protected":false},"excerpt":{"rendered":"<p>T\u00e1vcs\u0151v\u00e9d\u0151 c\u00e9lt\u00e1vcs\u0151re Cikksz\u00e1m.: M-274-1643 Hossz\u00fas\u00e1g : 41cm \u00d3vja a s\u00e9r\u00fcl\u00e9sekt\u0151l az \u00e9rz\u00e9keny optik\u00e1t legyen az por, nedvess\u00e9g vagy karcol\u00e1sok. Cipz\u00e1r,\u00a0 zseb \u00e9s t\u00f6rl\u0151kend\u0151vel. Dekorat\u00edv, modern nyomattal ell\u00e1tva. Min\u0151s\u00e9gi, id\u0151t\u00e1ll\u00f3 \u00e9s puha anyagokb\u00f3l k\u00e9sz\u00fclt praktikus term\u00e9k, amely k\u00f6nnyed\u00e9n egy mozdulattal le- illetve feltehet\u0151 a c\u00e9lt\u00e1vcs\u0151re. Az \u00e1rak t\u00e1j\u00e9koztat\u00f3 jelleg\u0171ek, az \u00e1rv\u00e1ltoz\u00e1s jog\u00e1t fenntartjuk!<\/p>\n","protected":false},"featured_media":2582,"comment_status":"open","ping_status":"closed","template":"","meta":{"_et_pb_use_builder":"","_et_pb_old_content":"","_et_gb_content_width":"","om_disable_all_campaigns":false},"product_brand":[],"product_cat":[21,723,722],"product_tag":[540,720,364,70],"class_list":{"0":"post-2581","1":"product","2":"type-product","3":"status-publish","4":"has-post-thumbnail","6":"product_cat-uj","7":"product_cat-tavcsovedo","8":"product_cat-vadasz-felszereles","9":"product_tag-szabadido","10":"product_tag-tavcsovedo-celtavcsore","11":"product_tag-vadasz-felszereles","12":"product_tag-vadaszat","14":"first","15":"outofstock","16":"taxable","17":"shipping-taxable","18":"purchasable","19":"product-type-simple"},"_links":{"self":[{"href":"https:\/\/www.vadaszboltcsorna.hu\/index.php\/wp-json\/wp\/v2\/product\/2581","targetHints":{"allow":["GET"]}}],"collection":[{"href":"https:\/\/www.vadaszboltcsorna.hu\/index.php\/wp-json\/wp\/v2\/product"}],"about":[{"href":"https:\/\/www.vadaszboltcsorna.hu\/index.php\/wp-json\/wp\/v2\/types\/product"}],"replies":[{"embeddable":true,"href":"https:\/\/www.vadaszboltcsorna.hu\/index.php\/wp-json\/wp\/v2\/comments?post=2581"}],"wp:featuredmedia":[{"embeddable":true,"href":"https:\/\/www.vadaszboltcsorna.hu\/index.php\/wp-json\/wp\/v2\/media\/2582"}],"wp:attachment":[{"href":"https:\/\/www.vadaszboltcsorna.hu\/index.php\/wp-json\/wp\/v2\/media?parent=2581"}],"wp:term":[{"taxonomy":"product_brand","embeddable":true,"href":"https:\/\/www.vadaszboltcsorna.hu\/index.php\/wp-json\/wp\/v2\/product_brand?post=2581"},{"taxonomy":"product_cat","embeddable":true,"href":"https:\/\/www.vadaszboltcsorna.hu\/index.php\/wp-json\/wp\/v2\/product_cat?post=2581"},{"taxonomy":"product_tag","embeddable":true,"href":"https:\/\/www.vadaszboltcsorna.hu\/index.php\/wp-json\/wp\/v2\/product_tag?post=2581"}],"curies":[{"name":"wp","href":"https:\/\/api.w.org\/{rel}","templated":true}]}}