{"id":2572,"date":"2022-03-23T12:36:42","date_gmt":"2022-03-23T12:36:42","guid":{"rendered":"https:\/\/www.vadaszboltcsorna.hu\/?post_type=product&#038;p=2572"},"modified":"2024-12-04T13:57:30","modified_gmt":"2024-12-04T13:57:30","slug":"tavcsovedo38cmm-257-1505","status":"publish","type":"product","link":"https:\/\/www.vadaszboltcsorna.hu\/index.php\/termek\/tavcsovedo38cmm-257-1505\/","title":{"rendered":"T\u00e1vcs\u0151v\u00e9d\u0151  38cm M-257-1505"},"content":{"rendered":"<h2><strong>T\u00e1vcs\u0151v\u00e9d\u0151 C\u00e9lt\u00e1vcs\u0151re<br \/>\n<\/strong><\/h2>\n<h3>Cikksz\u00e1m.: M-257-1505<\/h3>\n<h3>Praktikus v\u00e9d\u0151huzat a c\u00e9lt\u00e1vcs\u0151re, megv\u00e9di a port\u00f3l a nedvess\u00e9gt\u0151l \u00e9s karcol\u00e1sokt\u00f3l is egyar\u00e1nt, k\u00f6nnyen \u00e9s gyorsan fel &#8211;\u00a0 illetve\u00a0 levehet\u0151.<\/h3>\n<h3>G\u00edmszarvas mint\u00e1val d\u00edsz\u00edtett.<\/h3>\n<h3>Hossz\u00fas\u00e1g: 38 cm<\/h3>\n<h3 id=\"productDescription\" class=\"description biggerText\">Anyag: 100 % poli\u00e9szter, poliuret\u00e1n habszivacs.<\/h3>\n<h3>Az \u00e1rak t\u00e1j\u00e9koztat\u00f3 jelleg\u0171ek, az \u00e1rv\u00e1ltoz\u00e1s jog\u00e1t fenntartjuk!<\/h3>\n<h3><\/h3>\n<h3><\/h3>\n","protected":false},"excerpt":{"rendered":"<p>T\u00e1vcs\u0151v\u00e9d\u0151 C\u00e9lt\u00e1vcs\u0151re Cikksz\u00e1m.: M-257-1505 Praktikus v\u00e9d\u0151huzat a c\u00e9lt\u00e1vcs\u0151re, megv\u00e9di a port\u00f3l a nedvess\u00e9gt\u0151l \u00e9s karcol\u00e1sokt\u00f3l is egyar\u00e1nt, k\u00f6nnyen \u00e9s gyorsan fel &#8211;\u00a0 illetve\u00a0 levehet\u0151. G\u00edmszarvas mint\u00e1val d\u00edsz\u00edtett. Hossz\u00fas\u00e1g: 38 cm Anyag: 100 % poli\u00e9szter, poliuret\u00e1n habszivacs. Az \u00e1rak t\u00e1j\u00e9koztat\u00f3 jelleg\u0171ek, az \u00e1rv\u00e1ltoz\u00e1s jog\u00e1t fenntartjuk!<\/p>\n","protected":false},"featured_media":2573,"comment_status":"open","ping_status":"closed","template":"","meta":{"_et_pb_use_builder":"","_et_pb_old_content":"","_et_gb_content_width":"","om_disable_all_campaigns":false},"product_brand":[],"product_cat":[21,723,722],"product_tag":[540,720,364,70,721],"class_list":{"0":"post-2572","1":"product","2":"type-product","3":"status-publish","4":"has-post-thumbnail","6":"product_cat-uj","7":"product_cat-tavcsovedo","8":"product_cat-vadasz-felszereles","9":"product_tag-szabadido","10":"product_tag-tavcsovedo-celtavcsore","11":"product_tag-vadasz-felszereles","12":"product_tag-vadaszat","13":"product_tag-vedohuzat","15":"first","16":"outofstock","17":"taxable","18":"shipping-taxable","19":"purchasable","20":"product-type-simple"},"_links":{"self":[{"href":"https:\/\/www.vadaszboltcsorna.hu\/index.php\/wp-json\/wp\/v2\/product\/2572","targetHints":{"allow":["GET"]}}],"collection":[{"href":"https:\/\/www.vadaszboltcsorna.hu\/index.php\/wp-json\/wp\/v2\/product"}],"about":[{"href":"https:\/\/www.vadaszboltcsorna.hu\/index.php\/wp-json\/wp\/v2\/types\/product"}],"replies":[{"embeddable":true,"href":"https:\/\/www.vadaszboltcsorna.hu\/index.php\/wp-json\/wp\/v2\/comments?post=2572"}],"wp:featuredmedia":[{"embeddable":true,"href":"https:\/\/www.vadaszboltcsorna.hu\/index.php\/wp-json\/wp\/v2\/media\/2573"}],"wp:attachment":[{"href":"https:\/\/www.vadaszboltcsorna.hu\/index.php\/wp-json\/wp\/v2\/media?parent=2572"}],"wp:term":[{"taxonomy":"product_brand","embeddable":true,"href":"https:\/\/www.vadaszboltcsorna.hu\/index.php\/wp-json\/wp\/v2\/product_brand?post=2572"},{"taxonomy":"product_cat","embeddable":true,"href":"https:\/\/www.vadaszboltcsorna.hu\/index.php\/wp-json\/wp\/v2\/product_cat?post=2572"},{"taxonomy":"product_tag","embeddable":true,"href":"https:\/\/www.vadaszboltcsorna.hu\/index.php\/wp-json\/wp\/v2\/product_tag?post=2572"}],"curies":[{"name":"wp","href":"https:\/\/api.w.org\/{rel}","templated":true}]}}