{"id":2570,"date":"2022-03-23T12:06:28","date_gmt":"2022-03-23T12:06:28","guid":{"rendered":"https:\/\/www.vadaszboltcsorna.hu\/?post_type=product&#038;p=2570"},"modified":"2024-03-27T09:50:31","modified_gmt":"2024-03-27T09:50:31","slug":"triko-uleshuzat-wzm-271-1570-magasles","status":"publish","type":"product","link":"https:\/\/www.vadaszboltcsorna.hu\/index.php\/termek\/triko-uleshuzat-wzm-271-1570-magasles\/","title":{"rendered":"Trik\u00f3 \u00fcl\u00e9shuzat WZM-271-1570 Magasles"},"content":{"rendered":"<h2><strong>Trik\u00f3 \u00fcl\u00e9shuzat WZM-271-1570 Magasles<\/strong><\/h2>\n<h3>WZM-271-1570<\/h3>\n<h3>2 db Trik\u00f3 \u00fcl\u00e9shuzat<br \/>\nEgy m\u00e9retben k\u00e9sz\u00fcl, a sztreccs h\u00e1toldal seg\u00edts\u00e9g\u00e9vel<br \/>\nk\u00fcl\u00f6nb\u00f6z\u0151 m\u00e9ret\u0171 \u00fcl\u00e9sekre is r\u00e1igaz\u00edthat\u00f3.<br \/>\nAnyaga: 100% poli\u00e9szter<\/h3>\n<h3>Az \u00e1rak t\u00e1j\u00e9koztat\u00f3 jelleg\u0171ek, az \u00e1rv\u00e1ltoz\u00e1s jog\u00e1t fenntartjuk!<\/h3>\n","protected":false},"excerpt":{"rendered":"<p>Trik\u00f3 \u00fcl\u00e9shuzat WZM-271-1570 Magasles WZM-271-1570 2 db Trik\u00f3 \u00fcl\u00e9shuzat Egy m\u00e9retben k\u00e9sz\u00fcl, a sztreccs h\u00e1toldal seg\u00edts\u00e9g\u00e9vel k\u00fcl\u00f6nb\u00f6z\u0151 m\u00e9ret\u0171 \u00fcl\u00e9sekre is r\u00e1igaz\u00edthat\u00f3. Anyaga: 100% poli\u00e9szter Az \u00e1rak t\u00e1j\u00e9koztat\u00f3 jelleg\u0171ek, az \u00e1rv\u00e1ltoz\u00e1s jog\u00e1t fenntartjuk!<\/p>\n","protected":false},"featured_media":2569,"comment_status":"open","ping_status":"closed","template":"","meta":{"_et_pb_use_builder":"","_et_pb_old_content":"","_et_gb_content_width":"","om_disable_all_campaigns":false},"product_brand":[],"product_cat":[21,711,169],"product_tag":[713,719],"class_list":{"0":"post-2570","1":"product","2":"type-product","3":"status-publish","4":"has-post-thumbnail","6":"product_cat-uj","7":"product_cat-auto-uleshuzat","8":"product_cat-vadasz-ajandek","9":"product_tag-auto-uleshuzat","10":"product_tag-triko-uleshuzat-wzm-271-1570-magasles","12":"first","13":"outofstock","14":"taxable","15":"shipping-taxable","16":"purchasable","17":"product-type-simple"},"_links":{"self":[{"href":"https:\/\/www.vadaszboltcsorna.hu\/index.php\/wp-json\/wp\/v2\/product\/2570","targetHints":{"allow":["GET"]}}],"collection":[{"href":"https:\/\/www.vadaszboltcsorna.hu\/index.php\/wp-json\/wp\/v2\/product"}],"about":[{"href":"https:\/\/www.vadaszboltcsorna.hu\/index.php\/wp-json\/wp\/v2\/types\/product"}],"replies":[{"embeddable":true,"href":"https:\/\/www.vadaszboltcsorna.hu\/index.php\/wp-json\/wp\/v2\/comments?post=2570"}],"wp:featuredmedia":[{"embeddable":true,"href":"https:\/\/www.vadaszboltcsorna.hu\/index.php\/wp-json\/wp\/v2\/media\/2569"}],"wp:attachment":[{"href":"https:\/\/www.vadaszboltcsorna.hu\/index.php\/wp-json\/wp\/v2\/media?parent=2570"}],"wp:term":[{"taxonomy":"product_brand","embeddable":true,"href":"https:\/\/www.vadaszboltcsorna.hu\/index.php\/wp-json\/wp\/v2\/product_brand?post=2570"},{"taxonomy":"product_cat","embeddable":true,"href":"https:\/\/www.vadaszboltcsorna.hu\/index.php\/wp-json\/wp\/v2\/product_cat?post=2570"},{"taxonomy":"product_tag","embeddable":true,"href":"https:\/\/www.vadaszboltcsorna.hu\/index.php\/wp-json\/wp\/v2\/product_tag?post=2570"}],"curies":[{"name":"wp","href":"https:\/\/api.w.org\/{rel}","templated":true}]}}