{"id":2556,"date":"2022-03-22T14:29:27","date_gmt":"2022-03-22T14:29:27","guid":{"rendered":"https:\/\/www.vadaszboltcsorna.hu\/?post_type=product&#038;p=2556"},"modified":"2024-12-05T04:46:26","modified_gmt":"2024-12-05T04:46:26","slug":"triko-uleshuzat-wzm-271-0808-vaddiszno","status":"publish","type":"product","link":"https:\/\/www.vadaszboltcsorna.hu\/index.php\/termek\/triko-uleshuzat-wzm-271-0808-vaddiszno\/","title":{"rendered":"Trik\u00f3 \u00fcl\u00e9shuzat WZM-271-0808 vaddiszn\u00f3"},"content":{"rendered":"<h2><strong>Trik\u00f3 \u00fcl\u00e9shuzat WZM-271-0808<\/strong><\/h2>\n<h3>WZM-271-0808<\/h3>\n<h3>Vaddiszn\u00f3 mint\u00e1val<\/h3>\n<h3>2 db trik\u00f3 aut\u00f3, els\u0151 \u00fcl\u00e9shuzat.<br \/>\nEgy m\u00e9retben k\u00e9sz\u00fcl, a sztreccs h\u00e1toldal seg\u00edts\u00e9g\u00e9vel ,k\u00fcl\u00f6nb\u00f6z\u0151 m\u00e9ret\u0171 \u00fcl\u00e9sekre is r\u00e1igaz\u00edthat\u00f3.<br \/>\nAnyaga: 100% poli\u00e9szter.<\/h3>\n<h3>Az \u00e1rak t\u00e1j\u00e9koztat\u00f3 jelleg\u0171ek, az \u00e1rv\u00e1ltoz\u00e1s jog\u00e1t fenntartjuk!<\/h3>\n","protected":false},"excerpt":{"rendered":"<p>Trik\u00f3 \u00fcl\u00e9shuzat WZM-271-0808 WZM-271-0808 Vaddiszn\u00f3 mint\u00e1val 2 db trik\u00f3 aut\u00f3, els\u0151 \u00fcl\u00e9shuzat. Egy m\u00e9retben k\u00e9sz\u00fcl, a sztreccs h\u00e1toldal seg\u00edts\u00e9g\u00e9vel ,k\u00fcl\u00f6nb\u00f6z\u0151 m\u00e9ret\u0171 \u00fcl\u00e9sekre is r\u00e1igaz\u00edthat\u00f3. Anyaga: 100% poli\u00e9szter. Az \u00e1rak t\u00e1j\u00e9koztat\u00f3 jelleg\u0171ek, az \u00e1rv\u00e1ltoz\u00e1s jog\u00e1t fenntartjuk!<\/p>\n","protected":false},"featured_media":2558,"comment_status":"open","ping_status":"closed","template":"","meta":{"_et_pb_use_builder":"","_et_pb_old_content":"","_et_gb_content_width":"","om_disable_all_campaigns":false},"product_brand":[],"product_cat":[21,711,169],"product_tag":[713,716],"class_list":{"0":"post-2556","1":"product","2":"type-product","3":"status-publish","4":"has-post-thumbnail","6":"product_cat-uj","7":"product_cat-auto-uleshuzat","8":"product_cat-vadasz-ajandek","9":"product_tag-auto-uleshuzat","10":"product_tag-triko-uleshuzat-wzm-271-0808-vaddiszno","12":"first","13":"outofstock","14":"taxable","15":"shipping-taxable","16":"purchasable","17":"product-type-simple"},"_links":{"self":[{"href":"https:\/\/www.vadaszboltcsorna.hu\/index.php\/wp-json\/wp\/v2\/product\/2556","targetHints":{"allow":["GET"]}}],"collection":[{"href":"https:\/\/www.vadaszboltcsorna.hu\/index.php\/wp-json\/wp\/v2\/product"}],"about":[{"href":"https:\/\/www.vadaszboltcsorna.hu\/index.php\/wp-json\/wp\/v2\/types\/product"}],"replies":[{"embeddable":true,"href":"https:\/\/www.vadaszboltcsorna.hu\/index.php\/wp-json\/wp\/v2\/comments?post=2556"}],"wp:featuredmedia":[{"embeddable":true,"href":"https:\/\/www.vadaszboltcsorna.hu\/index.php\/wp-json\/wp\/v2\/media\/2558"}],"wp:attachment":[{"href":"https:\/\/www.vadaszboltcsorna.hu\/index.php\/wp-json\/wp\/v2\/media?parent=2556"}],"wp:term":[{"taxonomy":"product_brand","embeddable":true,"href":"https:\/\/www.vadaszboltcsorna.hu\/index.php\/wp-json\/wp\/v2\/product_brand?post=2556"},{"taxonomy":"product_cat","embeddable":true,"href":"https:\/\/www.vadaszboltcsorna.hu\/index.php\/wp-json\/wp\/v2\/product_cat?post=2556"},{"taxonomy":"product_tag","embeddable":true,"href":"https:\/\/www.vadaszboltcsorna.hu\/index.php\/wp-json\/wp\/v2\/product_tag?post=2556"}],"curies":[{"name":"wp","href":"https:\/\/api.w.org\/{rel}","templated":true}]}}