{"id":2546,"date":"2022-03-22T13:51:26","date_gmt":"2022-03-22T13:51:26","guid":{"rendered":"https:\/\/www.vadaszboltcsorna.hu\/?post_type=product&#038;p=2546"},"modified":"2025-08-21T16:38:37","modified_gmt":"2025-08-21T16:38:37","slug":"triko-uleshuzat-garnitura-m-271-1774-oz","status":"publish","type":"product","link":"https:\/\/www.vadaszboltcsorna.hu\/index.php\/termek\/triko-uleshuzat-garnitura-m-271-1774-oz\/","title":{"rendered":"Trik\u00f3 \u00fcl\u00e9shuzat Garnit\u00fara M-271-1774 (\u0151z)"},"content":{"rendered":"<h2><strong>Trik\u00f3 \u00fcl\u00e9shuzat Garnit\u00fara M-271-1774 (\u0151z)<\/strong><\/h2>\n<h3>Egy garnit\u00fara 2 db els\u0151 \u00fcl\u00e9shuzatot \u00e9s 2 db fejt\u00e1ml\u00e1t tartalmaz!<\/h3>\n<h3>Egy m\u00e9retben k\u00e9sz\u00fcl, a sztreccs h\u00e1toldal seg\u00edts\u00e9g\u00e9vel k\u00fcl\u00f6nb\u00f6z\u0151 m\u00e9ret\u0171 \u00fcl\u00e9sekre is r\u00e1igaz\u00edthat\u00f3.<\/h3>\n<h3>100% poli\u00e9szter<\/h3>\n<h3>Az \u00e1rak t\u00e1j\u00e9koztat\u00f3 jelleg\u0171ek, az \u00e1rv\u00e1ltoz\u00e1s jog\u00e1t fenntartjuk!<\/h3>\n<p>&nbsp;<\/p>\n","protected":false},"excerpt":{"rendered":"<p>Trik\u00f3 \u00fcl\u00e9shuzat Garnit\u00fara M-271-1774 (\u0151z) Egy garnit\u00fara 2 db els\u0151 \u00fcl\u00e9shuzatot \u00e9s 2 db fejt\u00e1ml\u00e1t tartalmaz! Egy m\u00e9retben k\u00e9sz\u00fcl, a sztreccs h\u00e1toldal seg\u00edts\u00e9g\u00e9vel k\u00fcl\u00f6nb\u00f6z\u0151 m\u00e9ret\u0171 \u00fcl\u00e9sekre is r\u00e1igaz\u00edthat\u00f3. 100% poli\u00e9szter Az \u00e1rak t\u00e1j\u00e9koztat\u00f3 jelleg\u0171ek, az \u00e1rv\u00e1ltoz\u00e1s jog\u00e1t fenntartjuk! &nbsp;<\/p>\n","protected":false},"featured_media":2547,"comment_status":"open","ping_status":"closed","template":"","meta":{"_et_pb_use_builder":"","_et_pb_old_content":"","_et_gb_content_width":"","om_disable_all_campaigns":false},"product_brand":[],"product_cat":[21,711,169],"product_tag":[713,712],"class_list":{"0":"post-2546","1":"product","2":"type-product","3":"status-publish","4":"has-post-thumbnail","6":"product_cat-uj","7":"product_cat-auto-uleshuzat","8":"product_cat-vadasz-ajandek","9":"product_tag-auto-uleshuzat","10":"product_tag-triko-uleshuzat-garnitura-m-271-1774-oz","12":"first","13":"instock","14":"taxable","15":"shipping-taxable","16":"purchasable","17":"product-type-simple"},"_links":{"self":[{"href":"https:\/\/www.vadaszboltcsorna.hu\/index.php\/wp-json\/wp\/v2\/product\/2546","targetHints":{"allow":["GET"]}}],"collection":[{"href":"https:\/\/www.vadaszboltcsorna.hu\/index.php\/wp-json\/wp\/v2\/product"}],"about":[{"href":"https:\/\/www.vadaszboltcsorna.hu\/index.php\/wp-json\/wp\/v2\/types\/product"}],"replies":[{"embeddable":true,"href":"https:\/\/www.vadaszboltcsorna.hu\/index.php\/wp-json\/wp\/v2\/comments?post=2546"}],"wp:featuredmedia":[{"embeddable":true,"href":"https:\/\/www.vadaszboltcsorna.hu\/index.php\/wp-json\/wp\/v2\/media\/2547"}],"wp:attachment":[{"href":"https:\/\/www.vadaszboltcsorna.hu\/index.php\/wp-json\/wp\/v2\/media?parent=2546"}],"wp:term":[{"taxonomy":"product_brand","embeddable":true,"href":"https:\/\/www.vadaszboltcsorna.hu\/index.php\/wp-json\/wp\/v2\/product_brand?post=2546"},{"taxonomy":"product_cat","embeddable":true,"href":"https:\/\/www.vadaszboltcsorna.hu\/index.php\/wp-json\/wp\/v2\/product_cat?post=2546"},{"taxonomy":"product_tag","embeddable":true,"href":"https:\/\/www.vadaszboltcsorna.hu\/index.php\/wp-json\/wp\/v2\/product_tag?post=2546"}],"curies":[{"name":"wp","href":"https:\/\/api.w.org\/{rel}","templated":true}]}}