{"id":247,"date":"2021-04-14T10:32:52","date_gmt":"2021-04-14T10:32:52","guid":{"rendered":"http:\/\/www.vadaszboltcsorna.hu\/?post_type=product&#038;p=247"},"modified":"2022-01-25T12:35:27","modified_gmt":"2022-01-25T12:35:27","slug":"winchester-sx4","status":"publish","type":"product","link":"https:\/\/www.vadaszboltcsorna.hu\/index.php\/termek\/winchester-sx4\/","title":{"rendered":"Winchester SX4"},"content":{"rendered":"<h2><strong>Winchester SX4<\/strong><\/h2>\n<h3><span id=\"ouHighlight__0_1TO0_1\">A Winchester SX4\u00a0 egy k\u00f6nnyen tiszt\u00e1n tarthat\u00f3, nem t\u00fal neh\u00e9z, egyszer\u0171en kezelhet\u0151, hossz\u00fa illetve norm\u00e1l cs\u00f6v\u0171 f\u00e9lautomata s\u00f6r\u00e9tes fegyver,vad\u00e1szatra \u00e9s sportc\u00e9lra egyar\u00e1nt. <\/span><\/h3>\n<h3><span id=\"ouHighlight__0_1TO0_1\">Az SX4\u00a0 megjelen\u00e9se kifog\u00e1stalan, \u00e9s m\u00e9g mindig a leggyorsabb s\u00f6r\u00e9tes fegyverek k\u00f6z\u00e9 tartoznak.<\/span><span id=\"noHighlight_0.2187264608265862\"><\/span><\/h3>\n<h3>El\u00e9rhet\u0151 kaliberek: 12\/76 , 12\/89 , 20\/76<\/h3>\n<h3>Kaphat\u00f3 szintetikus \u00e9s finom di\u00f3fa tussal \u00e9s lev\u00e9l mint\u00e1s tussal.<\/h3>\n<h3>K\u00fcl\u00f6nb\u00f6z\u0151 cs\u0151hossz\u00fas\u00e1g\/t\u00edpus.<\/h3>\n<h3>Kiv\u00e1l\u00f3 \u00e1r-\u00e9rt\u00e9k ar\u00e1ny.<\/h3>\n<h3>K\u00f6nny\u0171 \u201eBack-bored\u201d cs\u0151: n\u00f6veli a s\u00f6r\u00e9tszemek sebess\u00e9g\u00e9t \u00e9s becsap\u00f3d\u00e1si erej\u00e9t, jav\u00edtja a sz\u00f3r\u00e1sk\u00e9pet, cs\u00f6kkenti a puska visszar\u00fag\u00e1s\u00e1t<\/h3>\n<h3>S\u00faly: kb: 3kg<\/h3>\n<h4>A le\u00edr\u00e1sban szerepl\u0151 adatok t\u00e1j\u00e9koztat\u00f3 jelleg\u0171ek, t\u00edpusonk\u00e9nt v\u00e1ltozhat!<br \/>\nKaliberekr\u0151l, aktu\u00e1lis \u00e1rainkr\u00f3l \u00e9s egy\u00e9b inform\u00e1ci\u00f3kr\u00f3l k\u00e9rj\u00fck \u00e9rdekl\u0151dj\u00f6n!<\/h4>\n<h4><strong>A fegyvert\u00f6rv\u00e9ny \u00e9rtelm\u00e9ben, fegyvert, l\u0151szert kiz\u00e1r\u00f3lag szem\u00e9lyesen,az \u00fczletben fegyvertart\u00e1si enged\u00e9ly birtok\u00e1ban lehet v\u00e1s\u00e1rolni!<\/strong><br \/>\n<strong>A webshopban megrendelt fegyverek NEM ker\u00fclnek kisz\u00e1ll\u00edt\u00e1sra!\u00a0 Tov\u00e1bbi inform\u00e1ci\u00f3\u00e9rt l\u00e1togasson el boltunkba!<\/strong><\/h4>\n<h4>Az \u00e1rak t\u00e1j\u00e9koztat\u00f3 jelleg\u0171ek nem min\u0151s\u00fcl hivatalos aj\u00e1nlat t\u00e9telnek!<br \/>\nAz \u00e1rv\u00e1ltoz\u00e1s jog\u00e1t fenntartjuk!<\/h4>\n<h3><\/h3>\n<p>&nbsp;<\/p>\n<p>&nbsp;<\/p>\n<p>&nbsp;<\/p>\n<p>&nbsp;<\/p>\n","protected":false},"excerpt":{"rendered":"<p>https:\/\/www.youtube.com\/watch?v=vUW5a731IMg<\/p>\n","protected":false},"featured_media":248,"comment_status":"open","ping_status":"closed","template":"","meta":{"_et_pb_use_builder":"","_et_pb_old_content":"","_et_gb_content_width":"","om_disable_all_campaigns":false},"product_brand":[],"product_cat":[21,16,18,27],"product_tag":[116,42,106,40,115,114],"class_list":{"0":"post-247","1":"product","2":"type-product","3":"status-publish","4":"has-post-thumbnail","6":"product_cat-uj","7":"product_cat-fegyver","8":"product_cat-soretes-fegyver","9":"product_cat-winchester","10":"product_tag-12-7612-89","11":"product_tag-20-76","12":"product_tag-soretes-puska","13":"product_tag-vadaszfegyver","14":"product_tag-winchester","15":"product_tag-winchester-sx-4","17":"first","18":"instock","19":"taxable","20":"shipping-taxable","21":"product-type-simple"},"_links":{"self":[{"href":"https:\/\/www.vadaszboltcsorna.hu\/index.php\/wp-json\/wp\/v2\/product\/247","targetHints":{"allow":["GET"]}}],"collection":[{"href":"https:\/\/www.vadaszboltcsorna.hu\/index.php\/wp-json\/wp\/v2\/product"}],"about":[{"href":"https:\/\/www.vadaszboltcsorna.hu\/index.php\/wp-json\/wp\/v2\/types\/product"}],"replies":[{"embeddable":true,"href":"https:\/\/www.vadaszboltcsorna.hu\/index.php\/wp-json\/wp\/v2\/comments?post=247"}],"wp:featuredmedia":[{"embeddable":true,"href":"https:\/\/www.vadaszboltcsorna.hu\/index.php\/wp-json\/wp\/v2\/media\/248"}],"wp:attachment":[{"href":"https:\/\/www.vadaszboltcsorna.hu\/index.php\/wp-json\/wp\/v2\/media?parent=247"}],"wp:term":[{"taxonomy":"product_brand","embeddable":true,"href":"https:\/\/www.vadaszboltcsorna.hu\/index.php\/wp-json\/wp\/v2\/product_brand?post=247"},{"taxonomy":"product_cat","embeddable":true,"href":"https:\/\/www.vadaszboltcsorna.hu\/index.php\/wp-json\/wp\/v2\/product_cat?post=247"},{"taxonomy":"product_tag","embeddable":true,"href":"https:\/\/www.vadaszboltcsorna.hu\/index.php\/wp-json\/wp\/v2\/product_tag?post=247"}],"curies":[{"name":"wp","href":"https:\/\/api.w.org\/{rel}","templated":true}]}}