{"id":2457,"date":"2022-03-03T08:04:19","date_gmt":"2022-03-03T08:04:19","guid":{"rendered":"https:\/\/www.vadaszboltcsorna.hu\/?post_type=product&#038;p=2457"},"modified":"2025-05-19T08:32:55","modified_gmt":"2025-05-19T08:32:55","slug":"victorinox-ranger-grip-79-zsebkes","status":"publish","type":"product","link":"https:\/\/www.vadaszboltcsorna.hu\/index.php\/termek\/victorinox-ranger-grip-79-zsebkes\/","title":{"rendered":"Victorinox Ranger Grip 79 zsebk\u00e9s"},"content":{"rendered":"<h2><strong>Victorinox Ranger Grip 79 zsebk\u00e9s<\/strong><\/h2>\n<h3>Cikksz\u00e1m.: 0.9563.MC<\/h3>\n<h4>Nagym\u00e9ret\u0171 zsebk\u00e9s egykezes peng\u00e9vel, 12 funkci\u00f3val.<\/h4>\n<h4>Pengehossz : 95mm<\/h4>\n<h4>Vastags\u00e1g: 22,5 mm<\/h4>\n<h4>S\u00faly: 167gr.<\/h4>\n<h4>Funkci\u00f3k:<\/h4>\n<h4>-egykezes nagy penge z\u00e1rhat\u00f3<\/h4>\n<h4>-konzervnyit\u00f3<\/h4>\n<h4>-csavarh\u00faz\u00f3 3mm<\/h4>\n<h4>-\u00fcvegnyit\u00f3<\/h4>\n<h4>-csavarh\u00faz\u00f3 5mm<\/h4>\n<h4>-vezet\u00e9k csupasz\u00edt\u00f3<\/h4>\n<h4>-fa f\u0171r\u00e9sz<\/h4>\n<h4>-sz\u00far\u00f3-f\u00far\u00f3 \u00e1r varr\u00f3szemmel<\/h4>\n<h4>-dug\u00f3h\u00faz\u00f3<\/h4>\n<h4>-kulcskarika<\/h4>\n<h4>-csipesz<\/h4>\n<h4>-fogv\u00e1j\u00f3<\/h4>\n<h4>Az \u00e1rak t\u00e1j\u00e9koztat\u00f3 jelleg\u0171ek, az \u00e1rv\u00e1ltoz\u00e1s jog\u00e1t fenntartjuk!<\/h4>\n","protected":false},"excerpt":{"rendered":"<p>Victorinox Ranger Grip 79 zsebk\u00e9s Cikksz\u00e1m.: 0.9563.MC Nagym\u00e9ret\u0171 zsebk\u00e9s egykezes peng\u00e9vel, 12 funkci\u00f3val. Pengehossz : 95mm Vastags\u00e1g: 22,5 mm S\u00faly: 167gr. Funkci\u00f3k: -egykezes nagy penge z\u00e1rhat\u00f3 -konzervnyit\u00f3 -csavarh\u00faz\u00f3 3mm -\u00fcvegnyit\u00f3 -csavarh\u00faz\u00f3 5mm -vezet\u00e9k csupasz\u00edt\u00f3 -fa f\u0171r\u00e9sz -sz\u00far\u00f3-f\u00far\u00f3 \u00e1r varr\u00f3szemmel -dug\u00f3h\u00faz\u00f3 -kulcskarika -csipesz -fogv\u00e1j\u00f3 Az \u00e1rak t\u00e1j\u00e9koztat\u00f3 jelleg\u0171ek, az \u00e1rv\u00e1ltoz\u00e1s jog\u00e1t fenntartjuk!<\/p>\n","protected":false},"featured_media":2459,"comment_status":"open","ping_status":"closed","template":"","meta":{"_et_pb_use_builder":"","_et_pb_old_content":"","_et_gb_content_width":"","om_disable_all_campaigns":false},"product_brand":[],"product_cat":[21,166,167],"product_tag":[681,70,85,685],"class_list":{"0":"post-2457","1":"product","2":"type-product","3":"status-publish","4":"has-post-thumbnail","6":"product_cat-uj","7":"product_cat-kesek","8":"product_cat-zsebkesek","9":"product_tag-kes","10":"product_tag-vadaszat","11":"product_tag-vadaszfelszereles","12":"product_tag-victorinox-ranger-grip-79-zsebkes","14":"first","15":"instock","16":"taxable","17":"shipping-taxable","18":"purchasable","19":"product-type-simple"},"_links":{"self":[{"href":"https:\/\/www.vadaszboltcsorna.hu\/index.php\/wp-json\/wp\/v2\/product\/2457","targetHints":{"allow":["GET"]}}],"collection":[{"href":"https:\/\/www.vadaszboltcsorna.hu\/index.php\/wp-json\/wp\/v2\/product"}],"about":[{"href":"https:\/\/www.vadaszboltcsorna.hu\/index.php\/wp-json\/wp\/v2\/types\/product"}],"replies":[{"embeddable":true,"href":"https:\/\/www.vadaszboltcsorna.hu\/index.php\/wp-json\/wp\/v2\/comments?post=2457"}],"wp:featuredmedia":[{"embeddable":true,"href":"https:\/\/www.vadaszboltcsorna.hu\/index.php\/wp-json\/wp\/v2\/media\/2459"}],"wp:attachment":[{"href":"https:\/\/www.vadaszboltcsorna.hu\/index.php\/wp-json\/wp\/v2\/media?parent=2457"}],"wp:term":[{"taxonomy":"product_brand","embeddable":true,"href":"https:\/\/www.vadaszboltcsorna.hu\/index.php\/wp-json\/wp\/v2\/product_brand?post=2457"},{"taxonomy":"product_cat","embeddable":true,"href":"https:\/\/www.vadaszboltcsorna.hu\/index.php\/wp-json\/wp\/v2\/product_cat?post=2457"},{"taxonomy":"product_tag","embeddable":true,"href":"https:\/\/www.vadaszboltcsorna.hu\/index.php\/wp-json\/wp\/v2\/product_tag?post=2457"}],"curies":[{"name":"wp","href":"https:\/\/api.w.org\/{rel}","templated":true}]}}