{"id":2446,"date":"2022-03-02T12:55:08","date_gmt":"2022-03-02T12:55:08","guid":{"rendered":"https:\/\/www.vadaszboltcsorna.hu\/?post_type=product&#038;p=2446"},"modified":"2025-05-19T08:45:29","modified_gmt":"2025-05-19T08:45:29","slug":"victorinox-rescuetool-zsebkes","status":"publish","type":"product","link":"https:\/\/www.vadaszboltcsorna.hu\/index.php\/termek\/victorinox-rescuetool-zsebkes\/","title":{"rendered":"Victorinox RescueTool zsebk\u00e9s"},"content":{"rendered":"<h2><strong>Victorinox RescueTool zsebk\u00e9s<\/strong><\/h2>\n<h3>Cikksz\u00e1m.: 0.8623.MWN<\/h3>\n<h3>1.egykezes z\u00e1rhat\u00f3 penge<\/h3>\n<h3>2.biztons\u00e1gi \u00f6v v\u00e1g\u00f3<\/h3>\n<h3>3.sz\u00far\u00f3-f\u00far\u00f3 \u00e1r<\/h3>\n<h3>4.f\u0171r\u00e9sz a t\u00f6r\u00f6tt \u00fcveghez<\/h3>\n<h3>5.z\u00e1rhat\u00f3 palacknyit\u00f3<\/h3>\n<h3>6.z\u00e1rhat\u00f3 csavarh\u00faz\u00f3<\/h3>\n<h3>7.k\u00e1belcsupasz\u00edt\u00f3<\/h3>\n<h3>8.Phillips csavarh\u00faz\u00f3 1\/2<\/h3>\n<h3>9.\u00fcvegt\u00f6r\u0151<\/h3>\n<h3>10.bicskagy\u0171r\u0171<\/h3>\n<h3>11.fogv\u00e1j\u00f3<\/h3>\n<h3>12.csipesz<\/h3>\n<h3>13.zsin\u00f3r<\/h3>\n<h3 id=\"tw-target-text\" class=\"tw-data-text tw-text-large tw-ta\" dir=\"ltr\" data-placeholder=\"Ford\u00edt\u00e1s\"><span class=\"Y2IQFc\" lang=\"hu\">M\u00e9retek Magass\u00e1g 21,5 mm Nett\u00f3 t\u00f6meg 167 g M\u00e9rete 111 mm<br \/>\nAz \u00e1rak t\u00e1j\u00e9koztat\u00f3 jelleg\u0171ek,az \u00e1rv\u00e1ltoz\u00e1s jog\u00e1t fenntartjuk!<br \/>\n<\/span><\/h3>\n<p>&nbsp;<\/p>\n<p><iframe loading=\"lazy\" title=\"Victorinox Rescue Tool\" width=\"1080\" height=\"608\" src=\"https:\/\/www.youtube.com\/embed\/iW1FFbV3a7Q?feature=oembed\"  allow=\"accelerometer; autoplay; clipboard-write; encrypted-media; gyroscope; picture-in-picture; web-share\" referrerpolicy=\"strict-origin-when-cross-origin\" allowfullscreen><\/iframe><\/p>\n<p>&nbsp;<\/p>\n<p>&nbsp;<\/p>\n","protected":false},"excerpt":{"rendered":"<p>Victorinox RescueTool zsebk\u00e9s Cikksz\u00e1m.: 0.8623.MWN 1.egykezes z\u00e1rhat\u00f3 penge 2.biztons\u00e1gi \u00f6v v\u00e1g\u00f3 3.sz\u00far\u00f3-f\u00far\u00f3 \u00e1r 4.f\u0171r\u00e9sz a t\u00f6r\u00f6tt \u00fcveghez 5.z\u00e1rhat\u00f3 palacknyit\u00f3 6.z\u00e1rhat\u00f3 csavarh\u00faz\u00f3 7.k\u00e1belcsupasz\u00edt\u00f3 8.Phillips csavarh\u00faz\u00f3 1\/2 9.\u00fcvegt\u00f6r\u0151 10.bicskagy\u0171r\u0171 11.fogv\u00e1j\u00f3 12.csipesz 13.zsin\u00f3r M\u00e9retek Magass\u00e1g 21,5 mm Nett\u00f3 t\u00f6meg 167 g M\u00e9rete 111 mm Az \u00e1rak t\u00e1j\u00e9koztat\u00f3 jelleg\u0171ek,az \u00e1rv\u00e1ltoz\u00e1s jog\u00e1t fenntartjuk! &nbsp; &nbsp; &nbsp;<\/p>\n","protected":false},"featured_media":2450,"comment_status":"open","ping_status":"closed","template":"","meta":{"_et_pb_use_builder":"","_et_pb_old_content":"","_et_gb_content_width":"","om_disable_all_campaigns":false},"product_brand":[],"product_cat":[21,166,167],"product_tag":[681,364,70,683],"class_list":{"0":"post-2446","1":"product","2":"type-product","3":"status-publish","4":"has-post-thumbnail","6":"product_cat-uj","7":"product_cat-kesek","8":"product_cat-zsebkesek","9":"product_tag-kes","10":"product_tag-vadasz-felszereles","11":"product_tag-vadaszat","12":"product_tag-victorinox-rescuetool-zsebkes","14":"first","15":"instock","16":"taxable","17":"shipping-taxable","18":"purchasable","19":"product-type-simple"},"_links":{"self":[{"href":"https:\/\/www.vadaszboltcsorna.hu\/index.php\/wp-json\/wp\/v2\/product\/2446","targetHints":{"allow":["GET"]}}],"collection":[{"href":"https:\/\/www.vadaszboltcsorna.hu\/index.php\/wp-json\/wp\/v2\/product"}],"about":[{"href":"https:\/\/www.vadaszboltcsorna.hu\/index.php\/wp-json\/wp\/v2\/types\/product"}],"replies":[{"embeddable":true,"href":"https:\/\/www.vadaszboltcsorna.hu\/index.php\/wp-json\/wp\/v2\/comments?post=2446"}],"wp:featuredmedia":[{"embeddable":true,"href":"https:\/\/www.vadaszboltcsorna.hu\/index.php\/wp-json\/wp\/v2\/media\/2450"}],"wp:attachment":[{"href":"https:\/\/www.vadaszboltcsorna.hu\/index.php\/wp-json\/wp\/v2\/media?parent=2446"}],"wp:term":[{"taxonomy":"product_brand","embeddable":true,"href":"https:\/\/www.vadaszboltcsorna.hu\/index.php\/wp-json\/wp\/v2\/product_brand?post=2446"},{"taxonomy":"product_cat","embeddable":true,"href":"https:\/\/www.vadaszboltcsorna.hu\/index.php\/wp-json\/wp\/v2\/product_cat?post=2446"},{"taxonomy":"product_tag","embeddable":true,"href":"https:\/\/www.vadaszboltcsorna.hu\/index.php\/wp-json\/wp\/v2\/product_tag?post=2446"}],"curies":[{"name":"wp","href":"https:\/\/api.w.org\/{rel}","templated":true}]}}