{"id":2443,"date":"2022-03-02T12:40:04","date_gmt":"2022-03-02T12:40:04","guid":{"rendered":"https:\/\/www.vadaszboltcsorna.hu\/?post_type=product&#038;p=2443"},"modified":"2024-05-30T07:08:13","modified_gmt":"2024-05-30T07:08:13","slug":"victorinox-forester-fekete","status":"publish","type":"product","link":"https:\/\/www.vadaszboltcsorna.hu\/index.php\/termek\/victorinox-forester-fekete\/","title":{"rendered":"Victorinox Forester (fekete)"},"content":{"rendered":"<h2><strong>Victorinox Forester (fekete)<\/strong><\/h2>\n<h3>Cikksz\u00e1m: 0.8363.3<\/h3>\n<h3>Victorinox Forester zsebk\u00e9s fekete markolattal.<\/h3>\n<h3>Funkci\u00f3k.:<\/h3>\n<h3>1.nagym\u00e9ret\u0171 z\u00e1rhat\u00f3 penge<\/h3>\n<h3>2.dug\u00f3h\u00faz\u00f3<\/h3>\n<h3>3.konzervnyit\u00f3<\/h3>\n<h3>4.3mm-es csavarh\u00faz\u00f3<\/h3>\n<h3>5.z\u00e1rhat\u00f3 s\u00f6rnyit\u00f3<\/h3>\n<h3>6.5mm-es csavarh\u00faz\u00f3<\/h3>\n<h3>7.huzalcsupasz\u00edt\u00f3<\/h3>\n<h3>8.sz\u00far\u00f3-f\u00far\u00f3 \u00e1r<\/h3>\n<h3>9.kulcstart\u00f3karika<\/h3>\n<h3>10.faf\u0171r\u00e9sz<\/h3>\n<h3>11.csipesz<\/h3>\n<h3>12.fogv\u00e1j\u00f3<\/h3>\n<h3>Az \u00e1rak t\u00e1j\u00e9koztat\u00f3 jelleg\u0171ek,az \u00e1rv\u00e1ltoz\u00e1s jog\u00e1t fenntartjuk!<\/h3>\n<h3><\/h3>\n","protected":false},"excerpt":{"rendered":"<p>Victorinox Forester (fekete) Cikksz\u00e1m: 0.8363.3 Victorinox Forester zsebk\u00e9s fekete markolattal. Funkci\u00f3k.: 1.nagym\u00e9ret\u0171 z\u00e1rhat\u00f3 penge 2.dug\u00f3h\u00faz\u00f3 3.konzervnyit\u00f3 4.3mm-es csavarh\u00faz\u00f3 5.z\u00e1rhat\u00f3 s\u00f6rnyit\u00f3 6.5mm-es csavarh\u00faz\u00f3 7.huzalcsupasz\u00edt\u00f3 8.sz\u00far\u00f3-f\u00far\u00f3 \u00e1r 9.kulcstart\u00f3karika 10.faf\u0171r\u00e9sz 11.csipesz 12.fogv\u00e1j\u00f3 Az \u00e1rak t\u00e1j\u00e9koztat\u00f3 jelleg\u0171ek,az \u00e1rv\u00e1ltoz\u00e1s jog\u00e1t fenntartjuk!<\/p>\n","protected":false},"featured_media":2444,"comment_status":"open","ping_status":"closed","template":"","meta":{"_et_pb_use_builder":"","_et_pb_old_content":"","_et_gb_content_width":"","om_disable_all_campaigns":false},"product_brand":[],"product_cat":[21,166,167],"product_tag":[681,364,70,682],"class_list":{"0":"post-2443","1":"product","2":"type-product","3":"status-publish","4":"has-post-thumbnail","6":"product_cat-uj","7":"product_cat-kesek","8":"product_cat-zsebkesek","9":"product_tag-kes","10":"product_tag-vadasz-felszereles","11":"product_tag-vadaszat","12":"product_tag-victorinox-forester-fekete","14":"first","15":"instock","16":"taxable","17":"shipping-taxable","18":"purchasable","19":"product-type-simple"},"_links":{"self":[{"href":"https:\/\/www.vadaszboltcsorna.hu\/index.php\/wp-json\/wp\/v2\/product\/2443","targetHints":{"allow":["GET"]}}],"collection":[{"href":"https:\/\/www.vadaszboltcsorna.hu\/index.php\/wp-json\/wp\/v2\/product"}],"about":[{"href":"https:\/\/www.vadaszboltcsorna.hu\/index.php\/wp-json\/wp\/v2\/types\/product"}],"replies":[{"embeddable":true,"href":"https:\/\/www.vadaszboltcsorna.hu\/index.php\/wp-json\/wp\/v2\/comments?post=2443"}],"wp:featuredmedia":[{"embeddable":true,"href":"https:\/\/www.vadaszboltcsorna.hu\/index.php\/wp-json\/wp\/v2\/media\/2444"}],"wp:attachment":[{"href":"https:\/\/www.vadaszboltcsorna.hu\/index.php\/wp-json\/wp\/v2\/media?parent=2443"}],"wp:term":[{"taxonomy":"product_brand","embeddable":true,"href":"https:\/\/www.vadaszboltcsorna.hu\/index.php\/wp-json\/wp\/v2\/product_brand?post=2443"},{"taxonomy":"product_cat","embeddable":true,"href":"https:\/\/www.vadaszboltcsorna.hu\/index.php\/wp-json\/wp\/v2\/product_cat?post=2443"},{"taxonomy":"product_tag","embeddable":true,"href":"https:\/\/www.vadaszboltcsorna.hu\/index.php\/wp-json\/wp\/v2\/product_tag?post=2443"}],"curies":[{"name":"wp","href":"https:\/\/api.w.org\/{rel}","templated":true}]}}