{"id":2408,"date":"2022-02-23T12:14:51","date_gmt":"2022-02-23T12:14:51","guid":{"rendered":"https:\/\/www.vadaszboltcsorna.hu\/?post_type=product&#038;p=2408"},"modified":"2026-04-23T09:58:07","modified_gmt":"2026-04-23T09:58:07","slug":"inuit-nadrag-cippzaras-stretch","status":"publish","type":"product","link":"https:\/\/www.vadaszboltcsorna.hu\/index.php\/termek\/inuit-nadrag-cippzaras-stretch\/","title":{"rendered":"INUIT nadr\u00e1g cipz\u00e1ras stretch"},"content":{"rendered":"<h2><strong>INUIT nadr\u00e1g cipz\u00e1ras stretch<\/strong><\/h2>\n<h3>Stretch-es anyagb\u00f3l k\u00e9sz\u00fclt k\u00e9nyelmes nadr\u00e1g .<\/h3>\n<h3>Oldal\u00e1n cipz\u00e1ros zsebbel.<\/h3>\n<h3>K\u00e9nyelmes viselet h\u00e9tk\u00f6znapra vagy b\u00e1rmilyen szabadid\u0151s tev\u00e9kenys\u00e9ghez is.<\/h3>\n<h3>M\u00e9retek: 48 &#8211; 66 -ig<\/h3>\n<h3>K\u00e9rj\u00fck a megfelel\u0151 m\u00e9retet a rendel\u00e9sn\u00e9l felt\u00fcntetni a megjegyz\u00e9s rovatban.<\/h3>\n<h3>Az \u00e1rak t\u00e1j\u00e9koztat\u00f3 jelleg\u0171ek, az \u00e1rv\u00e1ltoz\u00e1s jog\u00e1t fenntartjuk!<\/h3>\n<p>&nbsp;<\/p>\n","protected":false},"excerpt":{"rendered":"<p>INUIT nadr\u00e1g cipz\u00e1ras stretch Stretch-es anyagb\u00f3l k\u00e9sz\u00fclt k\u00e9nyelmes nadr\u00e1g . Oldal\u00e1n cipz\u00e1ros zsebbel. K\u00e9nyelmes viselet h\u00e9tk\u00f6znapra vagy b\u00e1rmilyen szabadid\u0151s tev\u00e9kenys\u00e9ghez is. M\u00e9retek: 48 &#8211; 66 -ig K\u00e9rj\u00fck a megfelel\u0151 m\u00e9retet a rendel\u00e9sn\u00e9l felt\u00fcntetni a megjegyz\u00e9s rovatban. Az \u00e1rak t\u00e1j\u00e9koztat\u00f3 jelleg\u0171ek, az \u00e1rv\u00e1ltoz\u00e1s jog\u00e1t fenntartjuk! &nbsp;<\/p>\n","protected":false},"featured_media":2409,"comment_status":"open","ping_status":"closed","template":"","meta":{"_et_pb_use_builder":"","_et_pb_old_content":"","_et_gb_content_width":"","om_disable_all_campaigns":false},"product_brand":[],"product_cat":[21,664,159],"product_tag":[670,666,540,581,70],"class_list":{"0":"post-2408","1":"product","2":"type-product","3":"status-publish","4":"has-post-thumbnail","6":"product_cat-uj","7":"product_cat-nadrag","8":"product_cat-vadasz-ruhazat","9":"product_tag-inuit-nadrag-cipzaras-stretch","10":"product_tag-nadrag","11":"product_tag-szabadido","12":"product_tag-vadasz-ruhazat","13":"product_tag-vadaszat","15":"first","16":"instock","17":"taxable","18":"shipping-taxable","19":"purchasable","20":"product-type-variable"},"_links":{"self":[{"href":"https:\/\/www.vadaszboltcsorna.hu\/index.php\/wp-json\/wp\/v2\/product\/2408","targetHints":{"allow":["GET"]}}],"collection":[{"href":"https:\/\/www.vadaszboltcsorna.hu\/index.php\/wp-json\/wp\/v2\/product"}],"about":[{"href":"https:\/\/www.vadaszboltcsorna.hu\/index.php\/wp-json\/wp\/v2\/types\/product"}],"replies":[{"embeddable":true,"href":"https:\/\/www.vadaszboltcsorna.hu\/index.php\/wp-json\/wp\/v2\/comments?post=2408"}],"wp:featuredmedia":[{"embeddable":true,"href":"https:\/\/www.vadaszboltcsorna.hu\/index.php\/wp-json\/wp\/v2\/media\/2409"}],"wp:attachment":[{"href":"https:\/\/www.vadaszboltcsorna.hu\/index.php\/wp-json\/wp\/v2\/media?parent=2408"}],"wp:term":[{"taxonomy":"product_brand","embeddable":true,"href":"https:\/\/www.vadaszboltcsorna.hu\/index.php\/wp-json\/wp\/v2\/product_brand?post=2408"},{"taxonomy":"product_cat","embeddable":true,"href":"https:\/\/www.vadaszboltcsorna.hu\/index.php\/wp-json\/wp\/v2\/product_cat?post=2408"},{"taxonomy":"product_tag","embeddable":true,"href":"https:\/\/www.vadaszboltcsorna.hu\/index.php\/wp-json\/wp\/v2\/product_tag?post=2408"}],"curies":[{"name":"wp","href":"https:\/\/api.w.org\/{rel}","templated":true}]}}