{"id":2405,"date":"2022-02-23T11:23:50","date_gmt":"2022-02-23T11:23:50","guid":{"rendered":"https:\/\/www.vadaszboltcsorna.hu\/?post_type=product&#038;p=2405"},"modified":"2024-06-15T00:32:35","modified_gmt":"2024-06-15T00:32:35","slug":"declan-46603zold-vadasznadrag","status":"publish","type":"product","link":"https:\/\/www.vadaszboltcsorna.hu\/index.php\/termek\/declan-46603zold-vadasznadrag\/","title":{"rendered":"Declan 46603(z\u00f6ld) Vad\u00e1sznadr\u00e1g"},"content":{"rendered":"<h2><strong>Declan 46603(z\u00f6ld) Vad\u00e1sznadr\u00e1g<\/strong><\/h2>\n<h3>Derekas nadr\u00e1g 350 grammos farmer vastags\u00e1g\u00fa alapanyagb\u00f3l.<\/h3>\n<h3>95% pamut, 5% elaszt\u00e1n rugalmas alapanyagb\u00f3l.<\/h3>\n<h3>Meger\u0151s\u00edtett t\u00e9rdfolttal.<\/h3>\n<h3>K\u00e9t als\u00f3 zseb, egy-egy oldalzseb a combokon \u00e9s k\u00e9t nagy m\u00e9ret\u0171 farzseb,<\/h3>\n<h3>kis m\u00e9rt\u00e9kben gum\u00edrozott k\u00e9nyelmi der\u00e9kp\u00e1nt.<\/h3>\n<h3>Reteszelt, er\u0151s\u00edtett varr\u00e1ssal.<\/h3>\n<h3>K\u00e9nyelmes, tart\u00f3s viselet.<\/h3>\n<h3>Kheki z\u00f6ld sz\u00ednben.<\/h3>\n<h3>A rendel\u00e9sn\u00e9l k\u00e9rj\u00fck adja meg a k\u00edv\u00e1nt m\u00e9retet.<\/h3>\n","protected":false},"excerpt":{"rendered":"<p>Declan 46603(z\u00f6ld) Vad\u00e1sznadr\u00e1g Derekas nadr\u00e1g 350 grammos farmer vastags\u00e1g\u00fa alapanyagb\u00f3l. 95% pamut, 5% elaszt\u00e1n rugalmas alapanyagb\u00f3l. Meger\u0151s\u00edtett t\u00e9rdfolttal. K\u00e9t als\u00f3 zseb, egy-egy oldalzseb a combokon \u00e9s k\u00e9t nagy m\u00e9ret\u0171 farzseb, kis m\u00e9rt\u00e9kben gum\u00edrozott k\u00e9nyelmi der\u00e9kp\u00e1nt. Reteszelt, er\u0151s\u00edtett varr\u00e1ssal. K\u00e9nyelmes, tart\u00f3s viselet. Kheki z\u00f6ld sz\u00ednben. A rendel\u00e9sn\u00e9l k\u00e9rj\u00fck adja meg a k\u00edv\u00e1nt m\u00e9retet.<\/p>\n","protected":false},"featured_media":2407,"comment_status":"open","ping_status":"closed","template":"","meta":{"_et_pb_use_builder":"","_et_pb_old_content":"","_et_gb_content_width":"","om_disable_all_campaigns":false},"product_brand":[],"product_cat":[21,664,159],"product_tag":[669,666,540,581],"class_list":{"0":"post-2405","1":"product","2":"type-product","3":"status-publish","4":"has-post-thumbnail","6":"product_cat-uj","7":"product_cat-nadrag","8":"product_cat-vadasz-ruhazat","9":"product_tag-declan-46603zold-vadasznadrag","10":"product_tag-nadrag","11":"product_tag-szabadido","12":"product_tag-vadasz-ruhazat","14":"first","15":"instock","16":"taxable","17":"shipping-taxable","18":"purchasable","19":"product-type-variable"},"_links":{"self":[{"href":"https:\/\/www.vadaszboltcsorna.hu\/index.php\/wp-json\/wp\/v2\/product\/2405","targetHints":{"allow":["GET"]}}],"collection":[{"href":"https:\/\/www.vadaszboltcsorna.hu\/index.php\/wp-json\/wp\/v2\/product"}],"about":[{"href":"https:\/\/www.vadaszboltcsorna.hu\/index.php\/wp-json\/wp\/v2\/types\/product"}],"replies":[{"embeddable":true,"href":"https:\/\/www.vadaszboltcsorna.hu\/index.php\/wp-json\/wp\/v2\/comments?post=2405"}],"wp:featuredmedia":[{"embeddable":true,"href":"https:\/\/www.vadaszboltcsorna.hu\/index.php\/wp-json\/wp\/v2\/media\/2407"}],"wp:attachment":[{"href":"https:\/\/www.vadaszboltcsorna.hu\/index.php\/wp-json\/wp\/v2\/media?parent=2405"}],"wp:term":[{"taxonomy":"product_brand","embeddable":true,"href":"https:\/\/www.vadaszboltcsorna.hu\/index.php\/wp-json\/wp\/v2\/product_brand?post=2405"},{"taxonomy":"product_cat","embeddable":true,"href":"https:\/\/www.vadaszboltcsorna.hu\/index.php\/wp-json\/wp\/v2\/product_cat?post=2405"},{"taxonomy":"product_tag","embeddable":true,"href":"https:\/\/www.vadaszboltcsorna.hu\/index.php\/wp-json\/wp\/v2\/product_tag?post=2405"}],"curies":[{"name":"wp","href":"https:\/\/api.w.org\/{rel}","templated":true}]}}