{"id":2384,"date":"2022-02-22T09:41:22","date_gmt":"2022-02-22T09:41:22","guid":{"rendered":"https:\/\/www.vadaszboltcsorna.hu\/?post_type=product&#038;p=2384"},"modified":"2023-05-25T06:24:50","modified_gmt":"2023-05-25T06:24:50","slug":"antifer-zold-vadriaszto-oldat-750ml","status":"publish","type":"product","link":"https:\/\/www.vadaszboltcsorna.hu\/index.php\/termek\/antifer-zold-vadriaszto-oldat-750ml\/","title":{"rendered":"Antifer z\u00f6ld vadriaszt\u00f3 oldat 750ml"},"content":{"rendered":"<h2><strong>Antifer z\u00f6ld vadriaszt\u00f3 oldat 750ml<\/strong><\/h2>\n<div id=\"productDescription\" class=\"description biggerText\">\n<div class=\"tab-content\">\n<div id=\"tab-description\" class=\"tab-pane active\">\n<h3><strong>Szagalap\u00fa vadriaszt\u00f3 k\u00e9sz\u00edtm\u00e9ny, hosszan tart\u00f3 hat\u00e1ssal<\/strong><\/h3>\n<h3>A vadon \u00e9l\u0151 \u00e1llatok sz\u00e1m\u00e1ra kellemetlen szagok seg\u00edts\u00e9g\u00e9vel megakad\u00e1lyozza \u0151ket abban, hogy k\u00e1rt tegyenek a term\u00e9nyekben, valamint t\u00e1vol tartja \u0151ket a forgalmas k\u00f6zutakt\u00f3l \u00e9s a vas\u00fati s\u00ednekt\u0151l, amivel l\u00e9nyegesen cs\u00f6kkenti a balesetek el\u0151fordul\u00e1s\u00e1nak es\u00e9ly\u00e9t.<\/h3>\n<h3><strong>Alkalmazhat\u00f3:<\/strong><\/h3>\n<ul>\n<li>\n<h3>k\u00f6zutak ment\u00e9n,<\/h3>\n<\/li>\n<li>\n<h3>mez\u0151gazdas\u00e1gi f\u00f6ldter\u00fcletek,<\/h3>\n<\/li>\n<li>\n<h3>golfp\u00e1ly\u00e1k,<\/h3>\n<\/li>\n<li>\n<h3>gy\u00fcm\u00f6lcs\u00f6s\u00f6k vagy sz\u0151l\u0151\u00fcltetv\u00e9nyek v\u00e9delm\u00e9re<\/h3>\n<\/li>\n<\/ul>\n<h3><strong>Alkalmaz\u00e1sa:<\/strong><\/h3>\n<h3>Az Antifer foly\u00e9kony oldat v\u00e1ltozata k\u00f6nnyed\u00e9n alkalmazhat\u00f3 nagyobb ter\u00fcletek v\u00e9delm\u00e9re, valamint az utak ment\u00e9n. K\u00e9miai \u00f6sszet\u00e9tele azonos a hab v\u00e1ltozattal, viszont az oldat haszn\u00e1lata sor\u00e1n nem marad hullad\u00e9k, amit \u00f6ssze kell gy\u0171jteni. Csak egyszer\u0171en \u00fajra kell permetezni a szert a tart\u00f3kban elhelyezett anyag\/sz\u0151nyeg darabokra.<\/h3>\n<h3>Az Antifer riaszt\u00f3szer foly\u00e9kony v\u00e1ltozat\u00e1t olyan anyagon kell alkalmazni, amely besz\u00edvja mag\u00e1ba a szert, majd p\u00e1rologtat\u00e1ssal fejti ki hat\u00e1s\u00e1t.A k\u00e9sz\u00edtm\u00e9nyt csepegtesse anyag-, sz\u0151nyeg- vagy cellul\u00f3zdarabokra, amelyeket helyezzen el k\u00f6zvetlen\u00fcl a v\u00e9deni k\u00edv\u00e1nt ter\u00fclet k\u00f6r\u00fcl, vagy tegye bele m\u0171anyag zacsk\u00f3kba, \u00e9s akassza fel ezeket oszlopokra 50 cm-es magass\u00e1gban. Ezeket az oszlopokat \u00a030-50 m\u00e9teres t\u00e1vols\u00e1gban helyezze el a v\u00e9deni k\u00edv\u00e1nt ter\u00fclet k\u00f6r\u00e9.<\/h3>\n<h3>A k\u00e9sz\u00edtm\u00e9nyt alkalmazhatja v\u00e9kony sug\u00e1rban k\u00f6zvetlen\u00fcl a f\u0171re permetezve is.<\/h3>\n<h3>A k\u00e9sz\u00edtm\u00e9ny 14-21 napon \u00e1t fejti ki hat\u00e1s\u00e1t, f\u00fcgg\u0151en az id\u0151j\u00e1r\u00e1si viszonyokt\u00f3l \u00e9s az alkalmaz\u00e1s t\u00edpus\u00e1t\u00f3l. Ezen id\u0151 eltelte ut\u00e1n aj\u00e1nlott a k\u00e9sz\u00edtm\u00e9ny egy m\u00e1sik v\u00e1ltozat\u00e1t alkalmazni (piros, z\u00f6ld \u00e9s k\u00e9k Antifer), amivel megel\u0151zheti azt, hogy a vadak hozz\u00e1szokjanak az aktu\u00e1lisan alkalmazott k\u00e9sz\u00edtm\u00e9ny szag\u00e1hoz.<\/h3>\n<h3>Nagyj\u00e1b\u00f3l egy 3km-es szakasz, vagy egy 50 &#8211; 80 hekt\u00e1ros f\u00f6ldter\u00fclet 1 h\u00f3napon \u00e1t tart\u00f3 v\u00e9delm\u00e9re elegend\u0151.<\/h3>\n<h3>Az \u00e1rak t\u00e1j\u00e9koztat\u00f3 jelleg\u0171ek, az \u00e1rv\u00e1ltoz\u00e1s jog\u00e1t fenntartjuk!<\/h3>\n<\/div>\n<\/div>\n<\/div>\n<h3 class=\"wrapper bot-border\"><\/h3>\n<p>&nbsp;<\/p>\n","protected":false},"excerpt":{"rendered":"<p>Antifer z\u00f6ld vadriaszt\u00f3 oldat 750ml Szagalap\u00fa vadriaszt\u00f3 k\u00e9sz\u00edtm\u00e9ny, hosszan tart\u00f3 hat\u00e1ssal A vadon \u00e9l\u0151 \u00e1llatok sz\u00e1m\u00e1ra kellemetlen szagok seg\u00edts\u00e9g\u00e9vel megakad\u00e1lyozza \u0151ket abban, hogy k\u00e1rt tegyenek a term\u00e9nyekben, valamint t\u00e1vol tartja \u0151ket a forgalmas k\u00f6zutakt\u00f3l \u00e9s a vas\u00fati s\u00ednekt\u0151l, amivel l\u00e9nyegesen cs\u00f6kkenti a balesetek el\u0151fordul\u00e1s\u00e1nak es\u00e9ly\u00e9t. Alkalmazhat\u00f3: k\u00f6zutak ment\u00e9n, mez\u0151gazdas\u00e1gi f\u00f6ldter\u00fcletek, golfp\u00e1ly\u00e1k, gy\u00fcm\u00f6lcs\u00f6s\u00f6k vagy sz\u0151l\u0151\u00fcltetv\u00e9nyek v\u00e9delm\u00e9re [&hellip;]<\/p>\n","protected":false},"featured_media":2386,"comment_status":"open","ping_status":"closed","template":"","meta":{"_et_pb_use_builder":"","_et_pb_old_content":"","_et_gb_content_width":"","om_disable_all_campaigns":false},"product_brand":[],"product_cat":[21,657],"product_tag":[661,70,659],"class_list":{"0":"post-2384","1":"product","2":"type-product","3":"status-publish","4":"has-post-thumbnail","6":"product_cat-uj","7":"product_cat-vadriasztokvadkamera","8":"product_tag-antifer-zold-vadriaszto-oldat-750ml","9":"product_tag-vadaszat","10":"product_tag-vadriaszto","12":"first","13":"instock","14":"sale","15":"taxable","16":"shipping-taxable","17":"purchasable","18":"product-type-simple"},"_links":{"self":[{"href":"https:\/\/www.vadaszboltcsorna.hu\/index.php\/wp-json\/wp\/v2\/product\/2384","targetHints":{"allow":["GET"]}}],"collection":[{"href":"https:\/\/www.vadaszboltcsorna.hu\/index.php\/wp-json\/wp\/v2\/product"}],"about":[{"href":"https:\/\/www.vadaszboltcsorna.hu\/index.php\/wp-json\/wp\/v2\/types\/product"}],"replies":[{"embeddable":true,"href":"https:\/\/www.vadaszboltcsorna.hu\/index.php\/wp-json\/wp\/v2\/comments?post=2384"}],"wp:featuredmedia":[{"embeddable":true,"href":"https:\/\/www.vadaszboltcsorna.hu\/index.php\/wp-json\/wp\/v2\/media\/2386"}],"wp:attachment":[{"href":"https:\/\/www.vadaszboltcsorna.hu\/index.php\/wp-json\/wp\/v2\/media?parent=2384"}],"wp:term":[{"taxonomy":"product_brand","embeddable":true,"href":"https:\/\/www.vadaszboltcsorna.hu\/index.php\/wp-json\/wp\/v2\/product_brand?post=2384"},{"taxonomy":"product_cat","embeddable":true,"href":"https:\/\/www.vadaszboltcsorna.hu\/index.php\/wp-json\/wp\/v2\/product_cat?post=2384"},{"taxonomy":"product_tag","embeddable":true,"href":"https:\/\/www.vadaszboltcsorna.hu\/index.php\/wp-json\/wp\/v2\/product_tag?post=2384"}],"curies":[{"name":"wp","href":"https:\/\/api.w.org\/{rel}","templated":true}]}}