{"id":2336,"date":"2022-02-18T13:38:53","date_gmt":"2022-02-18T13:38:53","guid":{"rendered":"https:\/\/www.vadaszboltcsorna.hu\/?post_type=product&#038;p=2336"},"modified":"2026-04-13T05:47:08","modified_gmt":"2026-04-13T05:47:08","slug":"impact-sport-fulvedo","status":"publish","type":"product","link":"https:\/\/www.vadaszboltcsorna.hu\/index.php\/termek\/impact-sport-fulvedo\/","title":{"rendered":"Impact Sport f\u00fclv\u00e9d\u0151"},"content":{"rendered":"<h2><\/h2>\n<h2 data-start=\"0\" data-end=\"89\"><strong data-start=\"3\" data-end=\"87\">Impact Sport F\u00fclv\u00e9d\u0151 \u2013 Intelligens Hall\u00e1sv\u00e9delem Vad\u00e1szathoz \u00e9s Sportl\u00f6v\u00e9szethez<\/strong><\/h2>\n<p data-start=\"91\" data-end=\"139\">\ud83c\udfaf <strong data-start=\"94\" data-end=\"137\">Hallja, ami fontos \u2013 V\u00e9dje, ami sz\u00e1m\u00edt!<\/strong><\/p>\n<p data-start=\"141\" data-end=\"354\">Az <strong data-start=\"144\" data-end=\"181\">Impact Sport elektronikus f\u00fclv\u00e9d\u0151<\/strong> a legmodernebb <strong data-start=\"197\" data-end=\"230\">hangszab\u00e1lyoz\u00f3 technol\u00f3gi\u00e1val<\/strong> biztos\u00edtja, hogy \u00d6n tiszt\u00e1n hallja a k\u00f6rnyezet\u00e9t, mik\u00f6zben megb\u00edzhat\u00f3 v\u00e9delmet ny\u00fajt a l\u00f6v\u00e9sek \u00e9s egy\u00e9b er\u0151s zajok ellen.<\/p>\n<h3 data-start=\"356\" data-end=\"402\"><strong data-start=\"360\" data-end=\"400\">\ud83d\udd39 Kiemelt tulajdons\u00e1gok \u00e9s el\u0151ny\u00f6k:<\/strong><\/h3>\n<p data-start=\"403\" data-end=\"1059\">\u2714 <strong data-start=\"405\" data-end=\"436\">Intelligens hangszab\u00e1lyoz\u00e1s<\/strong> \u2013 Feler\u0151s\u00edti a k\u00f6rnyezeti zajokat, \u00edgy hallhatja a besz\u00e9lget\u00e9seket \u00e9s figyelmeztet\u0151 jelz\u00e9seket<br data-start=\"531\" data-end=\"534\" \/>\u2714 <strong data-start=\"536\" data-end=\"565\">Automatikus zajcs\u00f6kkent\u00e9s<\/strong> \u2013 A 82 dB feletti hangokat automatikusan csillap\u00edtja, megv\u00e9dve a hall\u00e1s\u00e1t<br data-start=\"639\" data-end=\"642\" \/>\u2714 <strong data-start=\"644\" data-end=\"672\">SNR 23 dB zajcsillap\u00edt\u00e1s<\/strong> \u2013 Hat\u00e9kony v\u00e9delem sportl\u00f6v\u00e9szethez \u00e9s vad\u00e1szathoz<br data-start=\"723\" data-end=\"726\" \/>\u2714 <strong data-start=\"728\" data-end=\"761\">Air Flow Control\u2122 technol\u00f3gia<\/strong> \u2013 Optim\u00e1lis zajcs\u00f6kkent\u00e9s a maxim\u00e1lis komfort \u00e9rdek\u00e9ben<br data-start=\"817\" data-end=\"820\" \/>\u2714 <strong data-start=\"822\" data-end=\"861\">K\u00e9nyelmes \u00e9s ergonomikus kialak\u00edt\u00e1s<\/strong> \u2013 Hosszabb ideig is k\u00e9nyelmes viselet<br data-start=\"899\" data-end=\"902\" \/>\u2714 <strong data-start=\"904\" data-end=\"925\">Kompakt \u00e9s k\u00f6nny\u0171<\/strong> \u2013 \u00d6sszecsukhat\u00f3 kialak\u00edt\u00e1s az egyszer\u0171 sz\u00e1ll\u00edt\u00e1s \u00e9rdek\u00e9ben<br data-start=\"984\" data-end=\"987\" \/>\u2714 <strong data-start=\"989\" data-end=\"1025\">Elemr\u0151l m\u0171k\u00f6d\u0151 akt\u00edv elektronika<\/strong> \u2013 Hossz\u00fa \u00fczemid\u0151vel rendelkezik<\/p>\n<h3 data-start=\"1061\" data-end=\"1089\"><strong data-start=\"1065\" data-end=\"1087\">\ud83d\udd39 Kinek aj\u00e1nljuk?<\/strong><\/h3>\n<p data-start=\"1090\" data-end=\"1375\">\ud83d\udd38 Vad\u00e1szoknak \u2013 T\u00f6k\u00e9letes t\u00e1rs terepen, hiszen a term\u00e9szet hangjait hallhat\u00f3v\u00e1 teszi, mik\u00f6zben a l\u00f6v\u00e9sek zaj\u00e1t cs\u00f6kkenti<br data-start=\"1211\" data-end=\"1214\" \/>\ud83d\udd38 Sportl\u00f6v\u0151knek \u2013 Edz\u00e9seken \u00e9s versenyeken is maxim\u00e1lis v\u00e9delmet ny\u00fajt<br data-start=\"1285\" data-end=\"1288\" \/>\ud83d\udd38 Ipari dolgoz\u00f3knak \u2013 Hangos k\u00f6rnyezetben is lehet\u0151v\u00e9 teszi a hat\u00e9kony kommunik\u00e1ci\u00f3t<\/p>\n<p data-start=\"1377\" data-end=\"1423\">\ud83d\udce6 <strong data-start=\"1380\" data-end=\"1421\">Rendelhet\u0151 most \u2013 Gyors sz\u00e1ll\u00edt\u00e1ssal!<\/strong><\/p>\n<p data-start=\"1425\" data-end=\"1539\">\ud83d\udca1 <strong data-start=\"1428\" data-end=\"1537\">Ne kock\u00e1ztassa hall\u00e1s\u00e1t! V\u00e1lassza az Impact Sport f\u00fclv\u00e9d\u0151t a maxim\u00e1lis v\u00e9delem \u00e9s hall\u00e1s\u00e9lm\u00e9ny \u00e9rdek\u00e9ben!<\/strong><\/p>\n<p data-start=\"1541\" data-end=\"1572\">\ud83d\udcf2 <strong data-start=\"1544\" data-end=\"1570\">Rendeljen most online!<\/strong><\/p>\n<h4><strong>Az \u00e1rak t\u00e1j\u00e9koztat\u00f3 jelleg\u0171ek, az \u00e1rv\u00e1ltoz\u00e1s jog\u00e1t fenntartjuk!<\/strong><\/h4>\n<p>&nbsp;<\/p>\n","protected":false},"excerpt":{"rendered":"<p data-start=\"98\" data-end=\"544\">Az <strong data-start=\"101\" data-end=\"138\">Impact Sport elektronikus f\u00fclv\u00e9d\u0151<\/strong> kiv\u00e1l\u00f3 v\u00e1laszt\u00e1s vad\u00e1szok, sportl\u00f6v\u0151k \u00e9s ipari dolgoz\u00f3k sz\u00e1m\u00e1ra. <strong data-start=\"204\" data-end=\"239\">Hangszab\u00e1lyoz\u00f3 technol\u00f3gi\u00e1j\u00e1nak<\/strong> k\u00f6sz\u00f6nhet\u0151en feler\u0151s\u00edti a k\u00f6rnyezeti hangokat, mik\u00f6zben <strong data-start=\"296\" data-end=\"362\">automatikusan cs\u00f6kkenti a l\u00f6v\u00e9sek \u00e9s m\u00e1s er\u0151s zajok hangerej\u00e9t<\/strong>. A <strong data-start=\"366\" data-end=\"400\">k\u00f6nny\u0171, ergonomikus kialak\u00edt\u00e1s<\/strong>, a <strong data-start=\"404\" data-end=\"454\">kiv\u00e1l\u00f3 zajcs\u00f6kkent\u00e9si teljes\u00edtm\u00e9ny (SNR 23 dB)<\/strong> \u00e9s az <strong data-start=\"461\" data-end=\"485\">\u00f6sszecsukhat\u00f3 diz\u00e1jn<\/strong> mind hozz\u00e1j\u00e1rulnak a k\u00e9nyelmes \u00e9s hat\u00e9kony haszn\u00e1lathoz.<\/p>\n","protected":false},"featured_media":2337,"comment_status":"open","ping_status":"closed","template":"","meta":{"_et_pb_use_builder":"","_et_pb_old_content":"","_et_gb_content_width":"","om_disable_all_campaigns":false},"product_brand":[],"product_cat":[21,644],"product_tag":[1752,1754,645,1753,70],"class_list":{"0":"post-2336","1":"product","2":"type-product","3":"status-publish","4":"has-post-thumbnail","6":"product_cat-uj","7":"product_cat-hallasvedo","8":"product_tag-elektronikus-fultok-loveszethez","9":"product_tag-hangszabalyozos-hallasvedelem","10":"product_tag-impact-sport-fulvedo","11":"product_tag-vadasz-fulvedo-zajcsokkentessel","12":"product_tag-vadaszat","14":"first","15":"instock","16":"sale","17":"taxable","18":"shipping-taxable","19":"purchasable","20":"product-type-simple"},"_links":{"self":[{"href":"https:\/\/www.vadaszboltcsorna.hu\/index.php\/wp-json\/wp\/v2\/product\/2336","targetHints":{"allow":["GET"]}}],"collection":[{"href":"https:\/\/www.vadaszboltcsorna.hu\/index.php\/wp-json\/wp\/v2\/product"}],"about":[{"href":"https:\/\/www.vadaszboltcsorna.hu\/index.php\/wp-json\/wp\/v2\/types\/product"}],"replies":[{"embeddable":true,"href":"https:\/\/www.vadaszboltcsorna.hu\/index.php\/wp-json\/wp\/v2\/comments?post=2336"}],"wp:featuredmedia":[{"embeddable":true,"href":"https:\/\/www.vadaszboltcsorna.hu\/index.php\/wp-json\/wp\/v2\/media\/2337"}],"wp:attachment":[{"href":"https:\/\/www.vadaszboltcsorna.hu\/index.php\/wp-json\/wp\/v2\/media?parent=2336"}],"wp:term":[{"taxonomy":"product_brand","embeddable":true,"href":"https:\/\/www.vadaszboltcsorna.hu\/index.php\/wp-json\/wp\/v2\/product_brand?post=2336"},{"taxonomy":"product_cat","embeddable":true,"href":"https:\/\/www.vadaszboltcsorna.hu\/index.php\/wp-json\/wp\/v2\/product_cat?post=2336"},{"taxonomy":"product_tag","embeddable":true,"href":"https:\/\/www.vadaszboltcsorna.hu\/index.php\/wp-json\/wp\/v2\/product_tag?post=2336"}],"curies":[{"name":"wp","href":"https:\/\/api.w.org\/{rel}","templated":true}]}}