{"id":2091,"date":"2022-02-16T13:44:25","date_gmt":"2022-02-16T13:44:25","guid":{"rendered":"https:\/\/www.vadaszboltcsorna.hu\/?post_type=product&#038;p=2091"},"modified":"2025-03-17T11:00:11","modified_gmt":"2025-03-17T11:00:11","slug":"bresser-hunter-kereso-tavcso-10x50","status":"publish","type":"product","link":"https:\/\/www.vadaszboltcsorna.hu\/index.php\/termek\/bresser-hunter-kereso-tavcso-10x50\/","title":{"rendered":"Bresser Hunter keres\u0151 t\u00e1vcs\u0151 10&#215;50"},"content":{"rendered":"<h2><strong>Bresser Hunter keres\u0151 t\u00e1vcs\u0151 10&#215;50<\/strong><\/h2>\n<h3 class=\"description biggerText\">Bresser Hunter 10&#215;50 k\u00e9tszemes t\u00e1vcs\u0151<\/h3>\n<h3>Nagy\u00edt\u00e1s: 10\u0445. Objekt\u00edvlencse \u00e1tm\u00e9r\u0151je: 50 mm<\/h3>\n<h3>Ha nagy teljes\u00edtm\u00e9ny\u0171 \u00e9s sokoldal\u00fa t\u00e1vcs\u00f6vet keres egy vad\u00e1szatot, horg\u00e1szatot vagy term\u00e9szetet kedvel\u0151 szem\u00e9lynek, akkor a Bresser Hunter 10&#215;50 k\u00e9tszemes t\u00e1vcs\u00f6vet keresi. Ez az eszk\u00f6z 10-szeres nagy\u00edt\u00e1st, tiszta \u00e9s vil\u00e1gos k\u00e9pet biztos\u00edt m\u00e9g rossz f\u00e9nyviszonyok k\u00f6z\u00f6tt is \u2013 ez\u00e9rt ez a t\u00e1vcs\u0151 haszn\u00e1lhat\u00f3 erd\u0151ben is vad\u00e1llatok \u00e9s madarak megfigyel\u00e9s\u00e9re. Mindez a Porro prizm\u00e1s optikai kialak\u00edt\u00e1snak, a lehet\u0151 legt\u00f6bb f\u00e9nyt \u00f6sszegy\u0171jt\u0151, nagy objekt\u00edveknek \u00e9s a t\u00fckr\u00f6z\u0151d\u00e9smentes bevonatnak k\u00f6sz\u00f6nhet\u0151. A minimum f\u00f3kuszt\u00e1vols\u00e1g a megfigyel\u0151t\u0151l sz\u00e1m\u00edtott 5 m\u00e9ter. Ez a t\u00e1vcs\u0151 k\u00f6z\u00e9ps\u0151 f\u00f3kusszal rendelkezik. A v\u00e1za k\u00f6nny\u0171 m\u0171anyagb\u00f3l k\u00e9sz\u00fclt gumibet\u00e9tekkel \u00e9s k\u00e9nyelmes szemkagyl\u00f3kkal. A dioptria \u00e9s a pupillat\u00e1vols\u00e1g k\u00f6nnyen \u00e1ll\u00edthat\u00f3, ami megfelel\u0151v\u00e9 teszi szem\u00fcvegeseknek.<\/h3>\n<h3>A k\u00e9szlet a k\u00f6vetkez\u0151ket tartalmazza:<br \/>\nBresser Hunter 10&#215;50 k\u00e9tszemes t\u00e1vcs\u0151<br \/>\nT\u00e1ska<br \/>\nNyakp\u00e1nt<br \/>\nPorv\u00e9d\u0151 sapk\u00e1k objekt\u00edvhez \u00e9s szemlencs\u00e9hez<br \/>\nT\u00f6rl\u0151kend\u0151<br \/>\nHaszn\u00e1lati \u00fatmutat\u00f3<\/h3>\n<h3>M\u0171szaki param\u00e9terek:<br \/>\nNagy\u00edt\u00e1s foka, x: 10<br \/>\nTipus: Porro-prizma<br \/>\nOptikai anyagok: BK-7 \u00fcveg<br \/>\nOptikai bevonat: teljes bevonat, k\u00e9k<br \/>\nObjekt\u00edvlencse \u00e1tm\u00e9r\u0151je (rekeszny\u00edl\u00e1s), mm: 50<br \/>\nKil\u00e9p\u0151 pupilla \u00e1tm\u00e9r\u0151je, mm: 5<br \/>\nSz\u00fcrk\u00fcleti \u00e9rt\u00e9k: 22,36<br \/>\nRelat\u00edv f\u00e9nyess\u00e9g: 25<br \/>\nL\u00e1t\u00f3mez\u0151, \u00b0: 6,8<br \/>\nL\u00e1t\u00f3mez\u0151, m\/1000 m: 119<br \/>\nK\u00f6zelf\u00f3kusz, m: 5<br \/>\nF\u00f3kusz\u00e1l\u00e1s: k\u00f6zponti<br \/>\nT\u00f6meg, kg: 0,784<br \/>\nM\u00e9retek, mm: 200x165x58<\/h3>\n<h3><strong>Az \u00e1rak t\u00e1j\u00e9koztat\u00f3 jelleg\u0171ek, az \u00e1rv\u00e1ltoz\u00e1s jog\u00e1t fenntartjuk!<\/strong><\/h3>\n<div class=\"wrapper bot-border\"><\/div>\n","protected":false},"excerpt":{"rendered":"<p>Bresser Hunter keres\u0151 t\u00e1vcs\u0151 10&#215;50 Bresser Hunter 10&#215;50 k\u00e9tszemes t\u00e1vcs\u0151 Nagy\u00edt\u00e1s: 10\u0445. Objekt\u00edvlencse \u00e1tm\u00e9r\u0151je: 50 mm Ha nagy teljes\u00edtm\u00e9ny\u0171 \u00e9s sokoldal\u00fa t\u00e1vcs\u00f6vet keres egy vad\u00e1szatot, horg\u00e1szatot vagy term\u00e9szetet kedvel\u0151 szem\u00e9lynek, akkor a Bresser Hunter 10&#215;50 k\u00e9tszemes t\u00e1vcs\u00f6vet keresi. Ez az eszk\u00f6z 10-szeres nagy\u00edt\u00e1st, tiszta \u00e9s vil\u00e1gos k\u00e9pet biztos\u00edt m\u00e9g rossz f\u00e9nyviszonyok k\u00f6z\u00f6tt is \u2013 ez\u00e9rt [&hellip;]<\/p>\n","protected":false},"featured_media":2098,"comment_status":"open","ping_status":"closed","template":"","meta":{"_et_pb_use_builder":"","_et_pb_old_content":"","_et_gb_content_width":"","om_disable_all_campaigns":false},"product_brand":[],"product_cat":[21,65],"product_tag":[637,632,540,71],"class_list":{"0":"post-2091","1":"product","2":"type-product","3":"status-publish","4":"has-post-thumbnail","6":"product_cat-uj","7":"product_cat-keresotavcso","8":"product_tag-bresser-hunter-kereso-tavcso-10x50","9":"product_tag-optika","10":"product_tag-szabadido","11":"product_tag-tavcso","13":"first","14":"instock","15":"taxable","16":"shipping-taxable","17":"purchasable","18":"product-type-simple"},"_links":{"self":[{"href":"https:\/\/www.vadaszboltcsorna.hu\/index.php\/wp-json\/wp\/v2\/product\/2091","targetHints":{"allow":["GET"]}}],"collection":[{"href":"https:\/\/www.vadaszboltcsorna.hu\/index.php\/wp-json\/wp\/v2\/product"}],"about":[{"href":"https:\/\/www.vadaszboltcsorna.hu\/index.php\/wp-json\/wp\/v2\/types\/product"}],"replies":[{"embeddable":true,"href":"https:\/\/www.vadaszboltcsorna.hu\/index.php\/wp-json\/wp\/v2\/comments?post=2091"}],"wp:featuredmedia":[{"embeddable":true,"href":"https:\/\/www.vadaszboltcsorna.hu\/index.php\/wp-json\/wp\/v2\/media\/2098"}],"wp:attachment":[{"href":"https:\/\/www.vadaszboltcsorna.hu\/index.php\/wp-json\/wp\/v2\/media?parent=2091"}],"wp:term":[{"taxonomy":"product_brand","embeddable":true,"href":"https:\/\/www.vadaszboltcsorna.hu\/index.php\/wp-json\/wp\/v2\/product_brand?post=2091"},{"taxonomy":"product_cat","embeddable":true,"href":"https:\/\/www.vadaszboltcsorna.hu\/index.php\/wp-json\/wp\/v2\/product_cat?post=2091"},{"taxonomy":"product_tag","embeddable":true,"href":"https:\/\/www.vadaszboltcsorna.hu\/index.php\/wp-json\/wp\/v2\/product_tag?post=2091"}],"curies":[{"name":"wp","href":"https:\/\/api.w.org\/{rel}","templated":true}]}}