{"id":2084,"date":"2022-02-16T12:09:49","date_gmt":"2022-02-16T12:09:49","guid":{"rendered":"https:\/\/www.vadaszboltcsorna.hu\/?post_type=product&#038;p=2084"},"modified":"2025-03-17T10:59:26","modified_gmt":"2025-03-17T10:59:26","slug":"bresser-hunter-kereso-tavcso-7x50","status":"publish","type":"product","link":"https:\/\/www.vadaszboltcsorna.hu\/index.php\/termek\/bresser-hunter-kereso-tavcso-7x50\/","title":{"rendered":"Bresser Hunter keres\u0151 t\u00e1vcs\u0151 7&#215;50"},"content":{"rendered":"<h2><strong>Bresser Hunter keres\u0151 t\u00e1vcs\u0151 7&#215;50<\/strong><\/h2>\n<h3>T\u00e1vcs\u0151 &#8211; binokul\u00e1ris<\/h3>\n<h3>-7\u00d7 nagy\u00edt\u00e1s,<br \/>\n-val\u00f3s l\u00e1t\u00f3mez\u0151: 6,97 \u00b0,<br \/>\n-l\u00e1tsz\u00f3lagos l\u00e1t\u00f3mez\u0151: 48,8 \u00b0,<br \/>\n-objekt\u00edv \u00e1tm\u00e9r\u0151je: 50 mm,<br \/>\n-t\u00f6mege: 790 g<\/h3>\n<h3>Er\u0151teljes \u00e9s univerz\u00e1lis Bresser Hunter 7\u00d750 t\u00e1vcs\u0151<br \/>\nAlkalmas gyeng\u00e9bb f\u00e9nyviszonyok eset\u00e9n is<br \/>\nAz optika BK-7 t\u00edpus\u00fa \u00fcvegb\u0151l k\u00e9sz\u00fclt<br \/>\n&#8222;Fully Coating&#8221; t\u00fckr\u00f6z\u0151d\u00e9sg\u00e1tl\u00f3 bevonat biztos\u00edtja a k\u00e9p fokozott tisztas\u00e1g\u00e1t<br \/>\nF\u00f3kusz\u00e1l\u00e1s k\u00f6zponti csavarral<br \/>\nDioptri\u00e1s korrekci\u00f3val rendelkezik<br \/>\nA gum\u00edrozott test k\u00e9nyelmes, szil\u00e1rd \u00e9s biztons\u00e1gos tart\u00e1st garant\u00e1l<br \/>\nEgy speci\u00e1lis adapter seg\u00edts\u00e9g\u00e9vel \u00e1llv\u00e1nyra telep\u00edthet\u0151.<\/h3>\n<h3>Csomag tartalma:<br \/>\nBresser Hunter binokul\u00e1ris t\u00e1vcs\u0151 7\u00d750<br \/>\nPorv\u00e9d\u0151 sapka objekt\u00edvhez \u00e9s szemlencs\u00e9khez<br \/>\nNyakp\u00e1nt<br \/>\nTok<\/h3>\n<h3><strong>Az \u00e1rak t\u00e1j\u00e9koztat\u00f3 jelleg\u0171ek,az \u00e1rv\u00e1ltoz\u00e1s jog\u00e1t fenntartjuk!<\/strong><\/h3>\n<h3><\/h3>\n","protected":false},"excerpt":{"rendered":"<p>Bresser Hunter keres\u0151 t\u00e1vcs\u0151 7&#215;50 T\u00e1vcs\u0151 &#8211; binokul\u00e1ris -7\u00d7 nagy\u00edt\u00e1s, -val\u00f3s l\u00e1t\u00f3mez\u0151: 6,97 \u00b0, -l\u00e1tsz\u00f3lagos l\u00e1t\u00f3mez\u0151: 48,8 \u00b0, -objekt\u00edv \u00e1tm\u00e9r\u0151je: 50 mm, -t\u00f6mege: 790 g Er\u0151teljes \u00e9s univerz\u00e1lis Bresser Hunter 7\u00d750 t\u00e1vcs\u0151 Alkalmas gyeng\u00e9bb f\u00e9nyviszonyok eset\u00e9n is Az optika BK-7 t\u00edpus\u00fa \u00fcvegb\u0151l k\u00e9sz\u00fclt &#8222;Fully Coating&#8221; t\u00fckr\u00f6z\u0151d\u00e9sg\u00e1tl\u00f3 bevonat biztos\u00edtja a k\u00e9p fokozott tisztas\u00e1g\u00e1t F\u00f3kusz\u00e1l\u00e1s k\u00f6zponti csavarral [&hellip;]<\/p>\n","protected":false},"featured_media":2089,"comment_status":"open","ping_status":"closed","template":"","meta":{"_et_pb_use_builder":"","_et_pb_old_content":"","_et_gb_content_width":"","om_disable_all_campaigns":false},"product_brand":[],"product_cat":[21,65],"product_tag":[636,67,540,364,70],"class_list":{"0":"post-2084","1":"product","2":"type-product","3":"status-publish","4":"has-post-thumbnail","6":"product_cat-uj","7":"product_cat-keresotavcso","8":"product_tag-bresser-hunter-kereso-tavcso-7x50","9":"product_tag-keresotavcso","10":"product_tag-szabadido","11":"product_tag-vadasz-felszereles","12":"product_tag-vadaszat","14":"first","15":"instock","16":"taxable","17":"shipping-taxable","18":"purchasable","19":"product-type-simple"},"_links":{"self":[{"href":"https:\/\/www.vadaszboltcsorna.hu\/index.php\/wp-json\/wp\/v2\/product\/2084","targetHints":{"allow":["GET"]}}],"collection":[{"href":"https:\/\/www.vadaszboltcsorna.hu\/index.php\/wp-json\/wp\/v2\/product"}],"about":[{"href":"https:\/\/www.vadaszboltcsorna.hu\/index.php\/wp-json\/wp\/v2\/types\/product"}],"replies":[{"embeddable":true,"href":"https:\/\/www.vadaszboltcsorna.hu\/index.php\/wp-json\/wp\/v2\/comments?post=2084"}],"wp:featuredmedia":[{"embeddable":true,"href":"https:\/\/www.vadaszboltcsorna.hu\/index.php\/wp-json\/wp\/v2\/media\/2089"}],"wp:attachment":[{"href":"https:\/\/www.vadaszboltcsorna.hu\/index.php\/wp-json\/wp\/v2\/media?parent=2084"}],"wp:term":[{"taxonomy":"product_brand","embeddable":true,"href":"https:\/\/www.vadaszboltcsorna.hu\/index.php\/wp-json\/wp\/v2\/product_brand?post=2084"},{"taxonomy":"product_cat","embeddable":true,"href":"https:\/\/www.vadaszboltcsorna.hu\/index.php\/wp-json\/wp\/v2\/product_cat?post=2084"},{"taxonomy":"product_tag","embeddable":true,"href":"https:\/\/www.vadaszboltcsorna.hu\/index.php\/wp-json\/wp\/v2\/product_tag?post=2084"}],"curies":[{"name":"wp","href":"https:\/\/api.w.org\/{rel}","templated":true}]}}