{"id":2052,"date":"2022-02-15T14:10:14","date_gmt":"2022-02-15T14:10:14","guid":{"rendered":"https:\/\/www.vadaszboltcsorna.hu\/?post_type=product&#038;p=2052"},"modified":"2022-08-04T09:17:58","modified_gmt":"2022-08-04T09:17:58","slug":"kite-k6-2-12x50-celtavcso","status":"publish","type":"product","link":"https:\/\/www.vadaszboltcsorna.hu\/index.php\/termek\/kite-k6-2-12x50-celtavcso\/","title":{"rendered":"KITE K6 2-12X50 c\u00e9lt\u00e1vcs\u0151"},"content":{"rendered":"<h2><strong>KITE K6 2-12X50 c\u00e9lt\u00e1vcs\u0151<\/strong><\/h2>\n<div class=\"col-sm-12\">\n<h3>-Sz\u00e9les l\u00e1t\u00f3mez\u0151<\/h3>\n<h3>-K\u00f6nny\u0171 szerkezet<\/h3>\n<h3>-6x-os nagy\u00edt\u00e1s<\/h3>\n<h3>-4Ai sz\u00e1lkereszt vil\u00e1g\u00edt\u00f3ponttal<\/h3>\n<h3>-Automatikus kikapcsol\u00e1s<\/h3>\n<h3>-93%-os f\u00e9ny\u00e1tereszt\u00e9s<\/h3>\n<h3><strong>Az \u00e1rak t\u00e1j\u00e9koztat\u00f3 jelleg\u0171ek, az \u00e1rv\u00e1ltoz\u00e1s jog\u00e1t fenntartjuk!<\/strong><\/h3>\n<\/div>\n<h3><\/h3>\n","protected":false},"excerpt":{"rendered":"<p>KITE K6 2-12X50 c\u00e9lt\u00e1vcs\u0151 -Sz\u00e9les l\u00e1t\u00f3mez\u0151 -K\u00f6nny\u0171 szerkezet -6x-os nagy\u00edt\u00e1s -4Ai sz\u00e1lkereszt vil\u00e1g\u00edt\u00f3ponttal -Automatikus kikapcsol\u00e1s -93%-os f\u00e9ny\u00e1tereszt\u00e9s Az \u00e1rak t\u00e1j\u00e9koztat\u00f3 jelleg\u0171ek, az \u00e1rv\u00e1ltoz\u00e1s jog\u00e1t fenntartjuk!<\/p>\n","protected":false},"featured_media":2057,"comment_status":"open","ping_status":"closed","template":"","meta":{"_et_pb_use_builder":"","_et_pb_old_content":"","_et_gb_content_width":"","om_disable_all_campaigns":false},"product_brand":[],"product_cat":[21,50,627],"product_tag":[52,628,364,70,86],"class_list":{"0":"post-2052","1":"product","2":"type-product","3":"status-publish","4":"has-post-thumbnail","6":"product_cat-uj","7":"product_cat-celtavcso","8":"product_cat-kite-celtavcso","9":"product_tag-celtavcso","10":"product_tag-kite-k6-2-12x50-celtavcso","11":"product_tag-vadasz-felszereles","12":"product_tag-vadaszat","13":"product_tag-vadaszoptika","15":"first","16":"instock","17":"sale","18":"taxable","19":"shipping-taxable","20":"purchasable","21":"product-type-simple"},"_links":{"self":[{"href":"https:\/\/www.vadaszboltcsorna.hu\/index.php\/wp-json\/wp\/v2\/product\/2052","targetHints":{"allow":["GET"]}}],"collection":[{"href":"https:\/\/www.vadaszboltcsorna.hu\/index.php\/wp-json\/wp\/v2\/product"}],"about":[{"href":"https:\/\/www.vadaszboltcsorna.hu\/index.php\/wp-json\/wp\/v2\/types\/product"}],"replies":[{"embeddable":true,"href":"https:\/\/www.vadaszboltcsorna.hu\/index.php\/wp-json\/wp\/v2\/comments?post=2052"}],"wp:featuredmedia":[{"embeddable":true,"href":"https:\/\/www.vadaszboltcsorna.hu\/index.php\/wp-json\/wp\/v2\/media\/2057"}],"wp:attachment":[{"href":"https:\/\/www.vadaszboltcsorna.hu\/index.php\/wp-json\/wp\/v2\/media?parent=2052"}],"wp:term":[{"taxonomy":"product_brand","embeddable":true,"href":"https:\/\/www.vadaszboltcsorna.hu\/index.php\/wp-json\/wp\/v2\/product_brand?post=2052"},{"taxonomy":"product_cat","embeddable":true,"href":"https:\/\/www.vadaszboltcsorna.hu\/index.php\/wp-json\/wp\/v2\/product_cat?post=2052"},{"taxonomy":"product_tag","embeddable":true,"href":"https:\/\/www.vadaszboltcsorna.hu\/index.php\/wp-json\/wp\/v2\/product_tag?post=2052"}],"curies":[{"name":"wp","href":"https:\/\/api.w.org\/{rel}","templated":true}]}}