{"id":1963,"date":"2022-02-03T08:00:59","date_gmt":"2022-02-03T08:00:59","guid":{"rendered":"https:\/\/www.vadaszboltcsorna.hu\/?post_type=product&#038;p=1963"},"modified":"2024-09-17T11:59:08","modified_gmt":"2024-09-17T11:59:08","slug":"aigle-parcours-2-iso-open-neoprenes-cipzaros-vadasz-csizma","status":"publish","type":"product","link":"https:\/\/www.vadaszboltcsorna.hu\/index.php\/termek\/aigle-parcours-2-iso-open-neoprenes-cipzaros-vadasz-csizma\/","title":{"rendered":"Aigle Parcours 2 Iso Open gumicsizma"},"content":{"rendered":"<h2><strong>Aigle Parcours 2 Iso Open gumicsizma<\/strong><\/h2>\n<h3 class=\"product-page-heading\"><strong><span class=\"product-page-product-name\">T\u00e9li neopr\u00e9nes cipz\u00e1ros z\u00f6ld gumicsizma<\/span><\/strong><\/h3>\n<h3 class=\"description biggerText\">K\u00e9zzel k\u00e9sz\u00edtett pr\u00e9mium 4,5 mm neopr\u00e9n t\u00e9li vad\u00e1sz gumicsizma Franciaorsz\u00e1gb\u00f3l.<br \/>\nT\u00f6k\u00e9letes, k\u00e9nyelmes viselet es\u0151s, hideg id\u0151ben.<br \/>\nOldalt a csizmasz\u00e1ron cipz\u00e1rral, k\u00f6nny\u0171 le \u00e9s felh\u00faz\u00e1s.<br \/>\nHossz\u00fa \u00e9lettartam, tripla s\u0171r\u0171s\u00e9g\u0171 gumitalp.<br \/>\nL\u00e9gkamr\u00e1s- energiaelnyel\u0151 sarok a l\u00e1b f\u00e1rad\u00e1sa ellen.<\/h3>\n<h3>A csizma garant\u00e1lja a rugalmass\u00e1got a k\u00e9nyelmet.<\/h3>\n<h3>100% term\u00e9szetes gumi<br \/>\n4,5 mm vastag neopr\u00e9n bels\u0151<br \/>\nEr\u0151s tripla s\u0171r\u0171s\u00e9g\u0171 tov\u00e1bbfejlesztett talp, k\u00e9nyelmes hossz\u00fa gyalogl\u00e1s\u00e9rt<br \/>\n\u00dct\u00e9scsillap\u00edt\u00e1s a sarokr\u00e9szben<br \/>\nL\u00e9gkamr\u00e1s energia elnyel\u0151 sarok<br \/>\nHajl\u00e9kony term\u00e9szetes gumi nagy szak\u00edt\u00f3szil\u00e1rds\u00e1ggal<br \/>\nOldalt a sz\u00e1ron cipz\u00e1rral, k\u00f6nny\u0171 fel-, \u00e9s lev\u00e9tel, k\u00e9nyelem<br \/>\nK\u00e9zi k\u00e9sz\u00edt\u00e9s<br \/>\nZ\u00f6ld sz\u00edn<\/h3>\n<h3><\/h3>\n<h3><\/h3>\n<div id=\"productAttributes\"><\/div>\n<p>&nbsp;<\/p>\n","protected":false},"excerpt":{"rendered":"<h2><strong>Aigle Parcours 2 Iso Open<\/strong><\/h2>\n<h3>-Neopr\u00e9nes cipz\u00e1ros z\u00f6ld gumicsizma.<\/h3>\n","protected":false},"featured_media":1967,"comment_status":"open","ping_status":"closed","template":"","meta":{"_et_pb_use_builder":"","_et_pb_old_content":"","_et_gb_content_width":"","om_disable_all_campaigns":false},"product_brand":[],"product_cat":[21,162,160],"product_tag":[612,540,364,70,363],"class_list":{"0":"post-1963","1":"product","2":"type-product","3":"status-publish","4":"has-post-thumbnail","6":"product_cat-uj","7":"product_cat-csizma","8":"product_cat-labbelik","9":"product_tag-aigle-parcours-2-iso-open-gumicsizma","10":"product_tag-szabadido","11":"product_tag-vadasz-felszereles","12":"product_tag-vadaszat","13":"product_tag-vadaszcsizma","15":"first","16":"instock","17":"sale","18":"taxable","19":"shipping-taxable","20":"purchasable","21":"product-type-variable"},"_links":{"self":[{"href":"https:\/\/www.vadaszboltcsorna.hu\/index.php\/wp-json\/wp\/v2\/product\/1963","targetHints":{"allow":["GET"]}}],"collection":[{"href":"https:\/\/www.vadaszboltcsorna.hu\/index.php\/wp-json\/wp\/v2\/product"}],"about":[{"href":"https:\/\/www.vadaszboltcsorna.hu\/index.php\/wp-json\/wp\/v2\/types\/product"}],"replies":[{"embeddable":true,"href":"https:\/\/www.vadaszboltcsorna.hu\/index.php\/wp-json\/wp\/v2\/comments?post=1963"}],"wp:featuredmedia":[{"embeddable":true,"href":"https:\/\/www.vadaszboltcsorna.hu\/index.php\/wp-json\/wp\/v2\/media\/1967"}],"wp:attachment":[{"href":"https:\/\/www.vadaszboltcsorna.hu\/index.php\/wp-json\/wp\/v2\/media?parent=1963"}],"wp:term":[{"taxonomy":"product_brand","embeddable":true,"href":"https:\/\/www.vadaszboltcsorna.hu\/index.php\/wp-json\/wp\/v2\/product_brand?post=1963"},{"taxonomy":"product_cat","embeddable":true,"href":"https:\/\/www.vadaszboltcsorna.hu\/index.php\/wp-json\/wp\/v2\/product_cat?post=1963"},{"taxonomy":"product_tag","embeddable":true,"href":"https:\/\/www.vadaszboltcsorna.hu\/index.php\/wp-json\/wp\/v2\/product_tag?post=1963"}],"curies":[{"name":"wp","href":"https:\/\/api.w.org\/{rel}","templated":true}]}}