{"id":1947,"date":"2022-02-02T12:18:45","date_gmt":"2022-02-02T12:18:45","guid":{"rendered":"https:\/\/www.vadaszboltcsorna.hu\/?post_type=product&#038;p=1947"},"modified":"2025-04-14T10:03:08","modified_gmt":"2025-04-14T10:03:08","slug":"pinewood-vest-abisko-5883-241","status":"publish","type":"product","link":"https:\/\/www.vadaszboltcsorna.hu\/index.php\/termek\/pinewood-vest-abisko-5883-241\/","title":{"rendered":"Pinewood Vest Abisko mell\u00e9ny 5883\/241"},"content":{"rendered":"<h2><strong>Pinewood Vest Abisko mell\u00e9ny 5883\/241<\/strong><\/h2>\n<h2><strong>A K\u00c9SZLET EREJ\u00c9IG!<\/strong><\/h2>\n<div>\n<div id=\"article_number\">\n<div>\n<div id=\"article-description\">\n<h3>Modern kivitel\u0171, b\u00e9lelt sz\u00e9l\u00e1ll\u00f3 mell\u00e9ny puha \u00e9s csendes anyagb\u00f3l.<\/h3>\n<h3>&#8211; Fleece belsej\u0171 gall\u00e9rral<br \/>\n&#8211; Nagy els\u0151 zsebek<br \/>\n&#8211; M\u00e1gneses patentok<br \/>\n&#8211; K\u00e9tir\u00e1ny\u00fa cipz\u00e1r<br \/>\n&#8211; K\u00e9t bels\u0151 zseb<br \/>\n&#8211; Nagy h\u00e1ts\u00f3 zseb<br \/>\n&#8211; Szarvasb\u0151r ut\u00e1nzat\u00fa berak\u00e1ssal.<\/h3>\n<h3>\u00d6sszet\u00e9tel: 88% poli\u00e9szter, 12% poliamid. B\u00e9l\u00e9s: 100% poli\u00e9szter<br \/>\nS\u00faly: 760 gramm (L-es m\u00e9ret)<br \/>\nKivitel: modern szab\u00e1s\u00fa<br \/>\nFelhaszn\u00e1l\u00e1si ter\u00fclet: vad\u00e1szat<\/h3>\n<\/div>\n<h3 id=\"article-available-colors\">Kaphat\u00f3 szarvasbarna (241).<\/h3>\n<h3><img decoding=\"async\" class=\"symbol\" title=\"Sz\u00e9l\u00e1ll\u00f3\" src=\"https:\/\/www.pinewood.eu\/img\/symbols\/icon\/pictogram-windproof.png\" alt=\"Sz\u00e9l\u00e1ll\u00f3\" data-image=\"pictogram-windproof\" data-content=\"&lt;p&gt;Az ezzel a szimb\u00f3lummal ell\u00e1tott felszerel\u00e9sek sz\u00e9l\u00e1ll\u00f3ak.&lt;\/p&gt;\" \/> <img decoding=\"async\" class=\"symbol\" title=\"L\u00e9g\u00e1tereszt\u0151\" src=\"https:\/\/www.pinewood.eu\/img\/symbols\/icon\/pictogram-breathable.png\" alt=\"L\u00e9g\u00e1tereszt\u0151\" data-image=\"pictogram-breathable\" data-content=\"&lt;p&gt;Az ezzel a szimb\u00f3lummal ell\u00e1tott felszerel\u00e9sek nagym\u00e9rt\u00e9kben l\u00e9g\u00e1tereszt\u0151ek.&lt;\/p&gt;\" \/> <img decoding=\"async\" class=\"symbol\" title=\"Extra meleg\" src=\"https:\/\/www.pinewood.eu\/img\/symbols\/icon\/pictogram-extra-warm.png\" alt=\"Extra meleg\" data-image=\"pictogram-extra-warm\" data-content=\"&lt;p&gt;Melegen tart\u00f3 term\u00e9k.&lt;\/p&gt;\" \/><\/h3>\n<\/div>\n<h3><\/h3>\n<h3>A felt\u00fcntetett \u00e1rak t\u00e1j\u00e9koztat\u00f3 jelleg\u0171ek, aktu\u00e1lis \u00e1rainkr\u00f3l k\u00e9rj\u00fck \u00e9rdekl\u0151dj\u00f6n! Az \u00e1rv\u00e1ltoztat\u00e1s jog\u00e1t fenntartjuk!<\/h3>\n<\/div>\n<\/div>\n<h3><\/h3>\n","protected":false},"excerpt":{"rendered":"<p>Pinewood Vest Abisko mell\u00e9ny 5883\/241 A K\u00c9SZLET EREJ\u00c9IG! Modern kivitel\u0171, b\u00e9lelt sz\u00e9l\u00e1ll\u00f3 mell\u00e9ny puha \u00e9s csendes anyagb\u00f3l. &#8211; Fleece belsej\u0171 gall\u00e9rral &#8211; Nagy els\u0151 zsebek &#8211; M\u00e1gneses patentok &#8211; K\u00e9tir\u00e1ny\u00fa cipz\u00e1r &#8211; K\u00e9t bels\u0151 zseb &#8211; Nagy h\u00e1ts\u00f3 zseb &#8211; Szarvasb\u0151r ut\u00e1nzat\u00fa berak\u00e1ssal. \u00d6sszet\u00e9tel: 88% poli\u00e9szter, 12% poliamid. B\u00e9l\u00e9s: 100% poli\u00e9szter S\u00faly: 760 gramm (L-es [&hellip;]<\/p>\n","protected":false},"featured_media":1953,"comment_status":"open","ping_status":"closed","template":"","meta":{"_et_pb_use_builder":"","_et_pb_old_content":"","_et_gb_content_width":"","om_disable_all_campaigns":false},"product_brand":[],"product_cat":[21,607,159],"product_tag":[582,583,608,540,581,70],"class_list":{"0":"post-1947","1":"product","2":"type-product","3":"status-publish","4":"has-post-thumbnail","6":"product_cat-uj","7":"product_cat-melleny-vadasz-ruhazat","8":"product_cat-vadasz-ruhazat","9":"product_tag-melleny","10":"product_tag-pinewood","11":"product_tag-pinewood-vest-abisko-melleny-5883-241","12":"product_tag-szabadido","13":"product_tag-vadasz-ruhazat","14":"product_tag-vadaszat","16":"first","17":"instock","18":"taxable","19":"shipping-taxable","20":"purchasable","21":"product-type-variable"},"_links":{"self":[{"href":"https:\/\/www.vadaszboltcsorna.hu\/index.php\/wp-json\/wp\/v2\/product\/1947","targetHints":{"allow":["GET"]}}],"collection":[{"href":"https:\/\/www.vadaszboltcsorna.hu\/index.php\/wp-json\/wp\/v2\/product"}],"about":[{"href":"https:\/\/www.vadaszboltcsorna.hu\/index.php\/wp-json\/wp\/v2\/types\/product"}],"replies":[{"embeddable":true,"href":"https:\/\/www.vadaszboltcsorna.hu\/index.php\/wp-json\/wp\/v2\/comments?post=1947"}],"wp:featuredmedia":[{"embeddable":true,"href":"https:\/\/www.vadaszboltcsorna.hu\/index.php\/wp-json\/wp\/v2\/media\/1953"}],"wp:attachment":[{"href":"https:\/\/www.vadaszboltcsorna.hu\/index.php\/wp-json\/wp\/v2\/media?parent=1947"}],"wp:term":[{"taxonomy":"product_brand","embeddable":true,"href":"https:\/\/www.vadaszboltcsorna.hu\/index.php\/wp-json\/wp\/v2\/product_brand?post=1947"},{"taxonomy":"product_cat","embeddable":true,"href":"https:\/\/www.vadaszboltcsorna.hu\/index.php\/wp-json\/wp\/v2\/product_cat?post=1947"},{"taxonomy":"product_tag","embeddable":true,"href":"https:\/\/www.vadaszboltcsorna.hu\/index.php\/wp-json\/wp\/v2\/product_tag?post=1947"}],"curies":[{"name":"wp","href":"https:\/\/api.w.org\/{rel}","templated":true}]}}