{"id":1900,"date":"2022-02-01T13:45:24","date_gmt":"2022-02-01T13:45:24","guid":{"rendered":"https:\/\/www.vadaszboltcsorna.hu\/?post_type=product&#038;p=1900"},"modified":"2023-02-10T12:30:09","modified_gmt":"2023-02-10T12:30:09","slug":"fegyvertok-gyongyvaszon-barna","status":"publish","type":"product","link":"https:\/\/www.vadaszboltcsorna.hu\/index.php\/termek\/fegyvertok-gyongyvaszon-barna\/","title":{"rendered":"Fegyvertok gy\u00f6ngyv\u00e1szon (barna)"},"content":{"rendered":"<h2><strong>Fegyvertok gy\u00f6ngyv\u00e1szon (barna)<\/strong><\/h2>\n<h3>Fegyvertok barna sz\u00ednben, b\u0151rut\u00e1nzat berak\u00e1ssal .<br \/>\nA fegyvertok ki van kem\u00e9ny\u00edtve, \u00edgy a fegyver \u00e9s az optika maxim\u00e1lisan v\u00e9dve van az esetleges k\u00fcls\u0151 hat\u00e1sokt\u00f3l.<br \/>\nK\u00fcls\u0151 zsebbel.<\/h3>\n<h3>Bel\u00fcl szivaccsal b\u00e9lelt, amely m\u00e9g egy r\u00e9teg pol\u00e1r anyag\u00fa bevonatot is kapott.<\/h3>\n<h3>Hordsz\u00edjjal.<\/h3>\n<h3>Hossz: 1,26 m.<\/h3>\n","protected":false},"excerpt":{"rendered":"<p>Fegyvertok gy\u00f6ngyv\u00e1szon (barna) Fegyvertok barna sz\u00ednben, b\u0151rut\u00e1nzat berak\u00e1ssal . A fegyvertok ki van kem\u00e9ny\u00edtve, \u00edgy a fegyver \u00e9s az optika maxim\u00e1lisan v\u00e9dve van az esetleges k\u00fcls\u0151 hat\u00e1sokt\u00f3l. K\u00fcls\u0151 zsebbel. Bel\u00fcl szivaccsal b\u00e9lelt, amely m\u00e9g egy r\u00e9teg pol\u00e1r anyag\u00fa bevonatot is kapott. Hordsz\u00edjjal. Hossz: 1,26 m.<\/p>\n","protected":false},"featured_media":1901,"comment_status":"open","ping_status":"closed","template":"","meta":{"_et_pb_use_builder":"","_et_pb_old_content":"","_et_gb_content_width":"","om_disable_all_campaigns":false},"product_brand":[],"product_cat":[21,587,588],"product_tag":[591,594,595,364,70],"class_list":{"0":"post-1900","1":"product","2":"type-product","3":"status-publish","4":"has-post-thumbnail","6":"product_cat-uj","7":"product_cat-fegyvertokok","8":"product_cat-golyos-fegyvertok","9":"product_tag-fegyvertok","10":"product_tag-fegyvertok-gyongyvaszon-barna","11":"product_tag-puska-tok","12":"product_tag-vadasz-felszereles","13":"product_tag-vadaszat","15":"first","16":"instock","17":"taxable","18":"shipping-taxable","19":"purchasable","20":"product-type-simple"},"_links":{"self":[{"href":"https:\/\/www.vadaszboltcsorna.hu\/index.php\/wp-json\/wp\/v2\/product\/1900","targetHints":{"allow":["GET"]}}],"collection":[{"href":"https:\/\/www.vadaszboltcsorna.hu\/index.php\/wp-json\/wp\/v2\/product"}],"about":[{"href":"https:\/\/www.vadaszboltcsorna.hu\/index.php\/wp-json\/wp\/v2\/types\/product"}],"replies":[{"embeddable":true,"href":"https:\/\/www.vadaszboltcsorna.hu\/index.php\/wp-json\/wp\/v2\/comments?post=1900"}],"wp:featuredmedia":[{"embeddable":true,"href":"https:\/\/www.vadaszboltcsorna.hu\/index.php\/wp-json\/wp\/v2\/media\/1901"}],"wp:attachment":[{"href":"https:\/\/www.vadaszboltcsorna.hu\/index.php\/wp-json\/wp\/v2\/media?parent=1900"}],"wp:term":[{"taxonomy":"product_brand","embeddable":true,"href":"https:\/\/www.vadaszboltcsorna.hu\/index.php\/wp-json\/wp\/v2\/product_brand?post=1900"},{"taxonomy":"product_cat","embeddable":true,"href":"https:\/\/www.vadaszboltcsorna.hu\/index.php\/wp-json\/wp\/v2\/product_cat?post=1900"},{"taxonomy":"product_tag","embeddable":true,"href":"https:\/\/www.vadaszboltcsorna.hu\/index.php\/wp-json\/wp\/v2\/product_tag?post=1900"}],"curies":[{"name":"wp","href":"https:\/\/api.w.org\/{rel}","templated":true}]}}