{"id":1892,"date":"2022-02-01T13:24:53","date_gmt":"2022-02-01T13:24:53","guid":{"rendered":"https:\/\/www.vadaszboltcsorna.hu\/?post_type=product&#038;p=1892"},"modified":"2025-06-23T10:36:40","modified_gmt":"2025-06-23T10:36:40","slug":"fegyvertok-gyongyvaszon-zold-himzet-szarvas","status":"publish","type":"product","link":"https:\/\/www.vadaszboltcsorna.hu\/index.php\/termek\/fegyvertok-gyongyvaszon-zold-himzet-szarvas\/","title":{"rendered":"Fegyvertok gy\u00f6ngyv\u00e1szon z\u00f6ld (h\u00edmzett szarvas)"},"content":{"rendered":"<h2><strong>Fegyvertok gy\u00f6ngyv\u00e1szon z\u00f6ld (h\u00edmzett szarvas)<\/strong><\/h2>\n<p>&nbsp;<\/p>\n<h5>Fegyvertok z\u00f6ld sz\u00ednben .<br \/>\nNagy cipz\u00e1ros oldalzsebbel rajta h\u00edmzett szarvas mot\u00edvummal.<\/h5>\n<h5>Bel\u00fcl szivaccsal b\u00e9lelt ,s pol\u00e1r anyaggal bor\u00edtott ez\u00e1ltal tart\u00f3sabb.<\/h5>\n<h5>A fegyvertok ki van kem\u00e9ny\u00edtve, \u00edgy a fegyver \u00e9s az optika maxim\u00e1lisan v\u00e9dve van az esetleges k\u00fcls\u0151 hat\u00e1sokt\u00f3l.<br \/>\nK\u00fcls\u0151 zsebbel.<br \/>\nHossz: 126 cm.<\/h5>\n<h5><\/h5>\n","protected":false},"excerpt":{"rendered":"<p>Fegyvertok gy\u00f6ngyv\u00e1szon z\u00f6ld (h\u00edmzett szarvas) &nbsp; Fegyvertok z\u00f6ld sz\u00ednben . Nagy cipz\u00e1ros oldalzsebbel rajta h\u00edmzett szarvas mot\u00edvummal. Bel\u00fcl szivaccsal b\u00e9lelt ,s pol\u00e1r anyaggal bor\u00edtott ez\u00e1ltal tart\u00f3sabb. A fegyvertok ki van kem\u00e9ny\u00edtve, \u00edgy a fegyver \u00e9s az optika maxim\u00e1lisan v\u00e9dve van az esetleges k\u00fcls\u0151 hat\u00e1sokt\u00f3l. K\u00fcls\u0151 zsebbel. Hossz: 126 cm.<\/p>\n","protected":false},"featured_media":1893,"comment_status":"open","ping_status":"closed","template":"","meta":{"_et_pb_use_builder":"","_et_pb_old_content":"","_et_gb_content_width":"","om_disable_all_campaigns":false},"product_brand":[],"product_cat":[21,587,588],"product_tag":[591,592,62,540,364,70],"class_list":{"0":"post-1892","1":"product","2":"type-product","3":"status-publish","4":"has-post-thumbnail","6":"product_cat-uj","7":"product_cat-fegyvertokok","8":"product_cat-golyos-fegyvertok","9":"product_tag-fegyvertok","10":"product_tag-fegyvertok-gyongyvaszon-zold-himzett-szarvas","11":"product_tag-sportloveszet","12":"product_tag-szabadido","13":"product_tag-vadasz-felszereles","14":"product_tag-vadaszat","16":"first","17":"instock","18":"taxable","19":"shipping-taxable","20":"purchasable","21":"product-type-simple"},"_links":{"self":[{"href":"https:\/\/www.vadaszboltcsorna.hu\/index.php\/wp-json\/wp\/v2\/product\/1892","targetHints":{"allow":["GET"]}}],"collection":[{"href":"https:\/\/www.vadaszboltcsorna.hu\/index.php\/wp-json\/wp\/v2\/product"}],"about":[{"href":"https:\/\/www.vadaszboltcsorna.hu\/index.php\/wp-json\/wp\/v2\/types\/product"}],"replies":[{"embeddable":true,"href":"https:\/\/www.vadaszboltcsorna.hu\/index.php\/wp-json\/wp\/v2\/comments?post=1892"}],"wp:featuredmedia":[{"embeddable":true,"href":"https:\/\/www.vadaszboltcsorna.hu\/index.php\/wp-json\/wp\/v2\/media\/1893"}],"wp:attachment":[{"href":"https:\/\/www.vadaszboltcsorna.hu\/index.php\/wp-json\/wp\/v2\/media?parent=1892"}],"wp:term":[{"taxonomy":"product_brand","embeddable":true,"href":"https:\/\/www.vadaszboltcsorna.hu\/index.php\/wp-json\/wp\/v2\/product_brand?post=1892"},{"taxonomy":"product_cat","embeddable":true,"href":"https:\/\/www.vadaszboltcsorna.hu\/index.php\/wp-json\/wp\/v2\/product_cat?post=1892"},{"taxonomy":"product_tag","embeddable":true,"href":"https:\/\/www.vadaszboltcsorna.hu\/index.php\/wp-json\/wp\/v2\/product_tag?post=1892"}],"curies":[{"name":"wp","href":"https:\/\/api.w.org\/{rel}","templated":true}]}}