{"id":1886,"date":"2022-02-01T11:59:19","date_gmt":"2022-02-01T11:59:19","guid":{"rendered":"https:\/\/www.vadaszboltcsorna.hu\/?post_type=product&#038;p=1886"},"modified":"2023-10-24T13:42:03","modified_gmt":"2023-10-24T13:42:03","slug":"deerhunter-moor-padded-vadaszkabat-5572","status":"publish","type":"product","link":"https:\/\/www.vadaszboltcsorna.hu\/index.php\/termek\/deerhunter-moor-padded-vadaszkabat-5572\/","title":{"rendered":"Deerhunter Moor Padded vad\u00e1szkab\u00e1t 5572\/571"},"content":{"rendered":"<h2><strong>Deerhunter Moor Padded vad\u00e1szkab\u00e1t( 5572\/571)<\/strong><\/h2>\n<h3><span class=\"\" lang=\"hu\"><span class=\"\"><span id=\"result_box\" class=\"\" lang=\"hu\">Sokoldal\u00fa, k\u00f6t\u00f6tt r\u00e9sszel kieg\u00e9sz\u00edtett vad\u00e1szkab\u00e1t.<\/span> A karok alatt puha k\u00f6t\u00f6tt anyagb\u00f3l k\u00e9sz\u00fclt, ami jobb l\u00e9g\u00e1tereszt\u00e9st biztos\u00edt. Modern szab\u00e1s\u00e1nak k\u00f6sz\u00f6nhet\u0151en minden term\u00e9szetbar\u00e1t ig\u00e9nyeinek megfelel!<br \/>\n<\/span><\/span><\/h3>\n<h3>St\u00edlusos kab\u00e1t, ami nagyon k\u00e9nyelmes a vad\u00e1szaton \u00e9s egy\u00e9b szabadid\u0151s tev\u00e9kenys\u00e9gekn\u00e9l.<\/h3>\n<h3>A Moor kab\u00e1t g\u00e9pben moshat\u00f3.<\/h3>\n<h3>El\u0151l 3 cipz\u00e1ras zsebbel rendelkezik.<\/h3>\n<h3>V\u00edzleperget\u0151 tulajdons\u00e1gokkal!<\/h3>\n<h3>M\u00e9retek. S,M,L, XL, XXL,XXXL,4XL,5XL<\/h3>\n<h3><strong>Az \u00e1rak t\u00e1j\u00e9koztat\u00f3 jeleg\u0171ek, az \u00e1rv\u00e1ltoz\u00e1s jog\u00e1t fenntartjuk!<\/strong><\/h3>\n<div class=\"wrapper bot-border\"><\/div>\n<p>&nbsp;<\/p>\n","protected":false},"excerpt":{"rendered":"<p>Deerhunter Moor Padded vad\u00e1szkab\u00e1t( 5572\/571) Sokoldal\u00fa, k\u00f6t\u00f6tt r\u00e9sszel kieg\u00e9sz\u00edtett vad\u00e1szkab\u00e1t. A karok alatt puha k\u00f6t\u00f6tt anyagb\u00f3l k\u00e9sz\u00fclt, ami jobb l\u00e9g\u00e1tereszt\u00e9st biztos\u00edt. Modern szab\u00e1s\u00e1nak k\u00f6sz\u00f6nhet\u0151en minden term\u00e9szetbar\u00e1t ig\u00e9nyeinek megfelel! St\u00edlusos kab\u00e1t, ami nagyon k\u00e9nyelmes a vad\u00e1szaton \u00e9s egy\u00e9b szabadid\u0151s tev\u00e9kenys\u00e9gekn\u00e9l. A Moor kab\u00e1t g\u00e9pben moshat\u00f3. El\u0151l 3 cipz\u00e1ras zsebbel rendelkezik. V\u00edzleperget\u0151 tulajdons\u00e1gokkal! M\u00e9retek. S,M,L, XL, XXL,XXXL,4XL,5XL [&hellip;]<\/p>\n","protected":false},"featured_media":1887,"comment_status":"open","ping_status":"closed","template":"","meta":{"_et_pb_use_builder":"","_et_pb_old_content":"","_et_gb_content_width":"","om_disable_all_campaigns":false},"product_brand":[],"product_cat":[21,553,159],"product_tag":[586],"class_list":{"0":"post-1886","1":"product","2":"type-product","3":"status-publish","4":"has-post-thumbnail","6":"product_cat-uj","7":"product_cat-kabat","8":"product_cat-vadasz-ruhazat","9":"product_tag-deerhunter-moor-padded-vadaszkabat-5572","11":"first","12":"instock","13":"sale","14":"taxable","15":"shipping-taxable","16":"purchasable","17":"product-type-variable"},"_links":{"self":[{"href":"https:\/\/www.vadaszboltcsorna.hu\/index.php\/wp-json\/wp\/v2\/product\/1886","targetHints":{"allow":["GET"]}}],"collection":[{"href":"https:\/\/www.vadaszboltcsorna.hu\/index.php\/wp-json\/wp\/v2\/product"}],"about":[{"href":"https:\/\/www.vadaszboltcsorna.hu\/index.php\/wp-json\/wp\/v2\/types\/product"}],"replies":[{"embeddable":true,"href":"https:\/\/www.vadaszboltcsorna.hu\/index.php\/wp-json\/wp\/v2\/comments?post=1886"}],"wp:featuredmedia":[{"embeddable":true,"href":"https:\/\/www.vadaszboltcsorna.hu\/index.php\/wp-json\/wp\/v2\/media\/1887"}],"wp:attachment":[{"href":"https:\/\/www.vadaszboltcsorna.hu\/index.php\/wp-json\/wp\/v2\/media?parent=1886"}],"wp:term":[{"taxonomy":"product_brand","embeddable":true,"href":"https:\/\/www.vadaszboltcsorna.hu\/index.php\/wp-json\/wp\/v2\/product_brand?post=1886"},{"taxonomy":"product_cat","embeddable":true,"href":"https:\/\/www.vadaszboltcsorna.hu\/index.php\/wp-json\/wp\/v2\/product_cat?post=1886"},{"taxonomy":"product_tag","embeddable":true,"href":"https:\/\/www.vadaszboltcsorna.hu\/index.php\/wp-json\/wp\/v2\/product_tag?post=1886"}],"curies":[{"name":"wp","href":"https:\/\/api.w.org\/{rel}","templated":true}]}}