{"id":1879,"date":"2022-02-01T11:00:40","date_gmt":"2022-02-01T11:00:40","guid":{"rendered":"https:\/\/www.vadaszboltcsorna.hu\/?post_type=product&#038;p=1879"},"modified":"2023-03-09T08:01:35","modified_gmt":"2023-03-09T08:01:35","slug":"deerhunter-moor-padded-dzseki-5571-353","status":"publish","type":"product","link":"https:\/\/www.vadaszboltcsorna.hu\/index.php\/termek\/deerhunter-moor-padded-dzseki-5571-353\/","title":{"rendered":"Deerhunter Moor Padded dzseki (5571\/353)"},"content":{"rendered":"<h2><strong>Deerhunter Moor Padded dzseki (5571\/353)<\/strong><\/h2>\n<h3>&#8211; H\u00e1rom el\u00fcls\u0151 zseb cipz\u00e1rral<br \/>\n&#8211; Kontraszt ny\u00fajthat\u00f3 anyag az oldalakon \u00e9s az ujjakon a jobb illeszked\u00e9s \u00e9s a k\u00e9nyelem \u00e9rdek\u00e9ben<br \/>\n&#8211; Elasztikus szeg\u00e9lyszalag a mandzsett\u00e1n \u00e9s az alj\u00e1n<br \/>\n-K\u00e9nyelmes kab\u00e1t minden szabadt\u00e9ri tev\u00e9kenys\u00e9ghez<\/h3>\n<div id=\"tw-target-text-container\" class=\"tw-ta-container F0azHf tw-nfl\" tabindex=\"0\">\n<h3 id=\"tw-target-text\" class=\"tw-data-text tw-text-large tw-ta\" dir=\"ltr\" data-placeholder=\"Ford\u00edt\u00e1s\"><span class=\"Y2IQFc\" lang=\"hu\">K\u00e9tir\u00e1ny\u00fa ny\u00fajt\u00e1s Ha extra mozg\u00e1sszabads\u00e1gra \u00e9s j\u00f3 illeszked\u00e9sre van sz\u00fcks\u00e9ge, v\u00e1lassza a Deerhunter sztreccsel ell\u00e1tott term\u00e9keit.<br \/>\nA k\u00e9tir\u00e1ny\u00fa ny\u00fal\u00e1s\u00fa anyagok haszn\u00e1lata rugalmass\u00e1 teszi a vad\u00e1szruh\u00e1zatot, ami n\u00f6veli a mozg\u00e1s szabads\u00e1g\u00e1t.<\/span><\/h3>\n<\/div>\n<div id=\"tw-target-rmn-container\" class=\"tw-target-rmn tw-ta-container F0azHf tw-nfl\">\n<pre id=\"tw-target-rmn\" class=\"tw-data-placeholder tw-text-small tw-ta\" dir=\"ltr\" data-placeholder=\"\"><\/pre>\n<\/div>\n<h3 id=\"tw-target-text\" class=\"tw-data-text tw-text-large tw-ta\" dir=\"ltr\" data-placeholder=\"Ford\u00edt\u00e1s\"><span class=\"Y2IQFc\" lang=\"hu\">Ha nagyon hideg h\u0151m\u00e9rs\u00e9kleten szeretne vad\u00e1szni, nagy haszna lesz, ha szigetelt vad\u00e1szruh\u00e1zatot v\u00e1laszt.<br \/>\nA p\u00e1rn\u00e1z\u00e1st vagy a szigetel\u00e9st \u00fagy tervezt\u00e9k, hogy melegen tartsa. Fontos, hogy eg\u00e9sz nap stabil testh\u0151m\u00e9rs\u00e9kletet tudjon<br \/>\nfenntartani.<\/span><\/h3>\n<div id=\"tw-target-text-container\" class=\"tw-ta-container F0azHf tw-nfl\" tabindex=\"0\">\n<h3 id=\"tw-target-text\" class=\"tw-data-text tw-text-large tw-ta\" dir=\"ltr\" data-placeholder=\"Ford\u00edt\u00e1s\"><span class=\"Y2IQFc\" lang=\"hu\">DEER-TEX\u00ae Temp:<\/span><\/h3>\n<h3 class=\"tw-data-text tw-text-large tw-ta\" dir=\"ltr\" data-placeholder=\"Ford\u00edt\u00e1s\"><span class=\"Y2IQFc\" lang=\"hu\">H\u00e1romr\u00e9teg\u0171 p\u00e1rn\u00e1z\u00e1s alacsony h\u0151 hat\u00e1s\u00e1ra \u00f6sszeolvasztott sz\u00e1lakb\u00f3l.<br \/>\nEz az egyed\u00fcl\u00e1ll\u00f3 szerkezet rendk\u00edv\u00fcli puhas\u00e1got eredm\u00e9nyez.<br \/>\nA Deer-Tex\u00ae Temp \u00f6sszegy\u0171jti a test h\u0151j\u00e9t, m\u00edg a fel\u00fcleti anyag gondoskodik a h\u0151 be\u00e1gyaz\u00f3d\u00e1s\u00e1r\u00f3l a r\u00e9tegekbe \u00e9s szigeteli a testet.<\/span><\/h3>\n<h3><strong>M\u00e9retek: S,M,L,XL,XXL,XXXL,4XL,5XL<\/strong><\/h3>\n<\/div>\n<h3><\/h3>\n<h3>Az \u00e1rak t\u00e1j\u00e9koztat\u00f3 jeleg\u0171ek, az \u00e1rv\u00e1ltoz\u00e1s jog\u00e1t fenntartjuk!<\/h3>\n<h3><\/h3>\n","protected":false},"excerpt":{"rendered":"<p>Deerhunter Moor Padded dzseki (5571\/353) &#8211; H\u00e1rom el\u00fcls\u0151 zseb cipz\u00e1rral &#8211; Kontraszt ny\u00fajthat\u00f3 anyag az oldalakon \u00e9s az ujjakon a jobb illeszked\u00e9s \u00e9s a k\u00e9nyelem \u00e9rdek\u00e9ben &#8211; Elasztikus szeg\u00e9lyszalag a mandzsett\u00e1n \u00e9s az alj\u00e1n -K\u00e9nyelmes kab\u00e1t minden szabadt\u00e9ri tev\u00e9kenys\u00e9ghez K\u00e9tir\u00e1ny\u00fa ny\u00fajt\u00e1s Ha extra mozg\u00e1sszabads\u00e1gra \u00e9s j\u00f3 illeszked\u00e9sre van sz\u00fcks\u00e9ge, v\u00e1lassza a Deerhunter sztreccsel ell\u00e1tott term\u00e9keit. [&hellip;]<\/p>\n","protected":false},"featured_media":1880,"comment_status":"open","ping_status":"closed","template":"","meta":{"_et_pb_use_builder":"","_et_pb_old_content":"","_et_gb_content_width":"","om_disable_all_campaigns":false},"product_brand":[],"product_cat":[21,553,159],"product_tag":[580,585,540,364,581,70],"class_list":{"0":"post-1879","1":"product","2":"type-product","3":"status-publish","4":"has-post-thumbnail","6":"product_cat-uj","7":"product_cat-kabat","8":"product_cat-vadasz-ruhazat","9":"product_tag-deerhunter","10":"product_tag-deerhunter-moor-padded-dzseki","11":"product_tag-szabadido","12":"product_tag-vadasz-felszereles","13":"product_tag-vadasz-ruhazat","14":"product_tag-vadaszat","16":"first","17":"instock","18":"sale","19":"taxable","20":"shipping-taxable","21":"purchasable","22":"product-type-variable"},"_links":{"self":[{"href":"https:\/\/www.vadaszboltcsorna.hu\/index.php\/wp-json\/wp\/v2\/product\/1879","targetHints":{"allow":["GET"]}}],"collection":[{"href":"https:\/\/www.vadaszboltcsorna.hu\/index.php\/wp-json\/wp\/v2\/product"}],"about":[{"href":"https:\/\/www.vadaszboltcsorna.hu\/index.php\/wp-json\/wp\/v2\/types\/product"}],"replies":[{"embeddable":true,"href":"https:\/\/www.vadaszboltcsorna.hu\/index.php\/wp-json\/wp\/v2\/comments?post=1879"}],"wp:featuredmedia":[{"embeddable":true,"href":"https:\/\/www.vadaszboltcsorna.hu\/index.php\/wp-json\/wp\/v2\/media\/1880"}],"wp:attachment":[{"href":"https:\/\/www.vadaszboltcsorna.hu\/index.php\/wp-json\/wp\/v2\/media?parent=1879"}],"wp:term":[{"taxonomy":"product_brand","embeddable":true,"href":"https:\/\/www.vadaszboltcsorna.hu\/index.php\/wp-json\/wp\/v2\/product_brand?post=1879"},{"taxonomy":"product_cat","embeddable":true,"href":"https:\/\/www.vadaszboltcsorna.hu\/index.php\/wp-json\/wp\/v2\/product_cat?post=1879"},{"taxonomy":"product_tag","embeddable":true,"href":"https:\/\/www.vadaszboltcsorna.hu\/index.php\/wp-json\/wp\/v2\/product_tag?post=1879"}],"curies":[{"name":"wp","href":"https:\/\/api.w.org\/{rel}","templated":true}]}}