{"id":1803,"date":"2021-12-01T14:34:03","date_gmt":"2021-12-01T14:34:03","guid":{"rendered":"https:\/\/www.vadaszboltcsorna.hu\/?post_type=product&#038;p=1803"},"modified":"2025-04-14T09:46:21","modified_gmt":"2025-04-14T09:46:21","slug":"pinewood-abisko-leszsak-5886","status":"publish","type":"product","link":"https:\/\/www.vadaszboltcsorna.hu\/index.php\/termek\/pinewood-abisko-leszsak-5886\/","title":{"rendered":"PINEWOOD\u00ae ABISKO LESZS\u00c1K 5886"},"content":{"rendered":"<h2 class=\"name-type bot-border\"><strong>PINEWOOD\u00ae ABISKO LESZS\u00c1K 5886<\/strong><\/h2>\n<h4>5886<br \/>\nMeleg, zajmentes \u00e9s sz\u00e9l\u00e1ll\u00f3 h\u00e1l\u00f3zs\u00e1k, a szabadban t\u00f6lt\u00f6tt hosszabb id\u0151kre. Extra b\u00e9l\u00e9ssel, v\u00e1llp\u00e1nttal \u00e9s lecipz\u00e1rozhat\u00f3 als\u00f3 r\u00e9sszel.<\/h4>\n<h4>El\u0151l k\u00e9nyelmes fleece b\u00e9l\u00e9s\u0171 k\u00e9zmeleg\u00edt\u0151 zsebekkel. K\u00f6nnyen \u00f6sszecsavarhat\u00f3, \u00e9s a v\u00e1llp\u00e1ntnak k\u00f6sz\u00f6nhet\u0151en v\u00e1llra akaszthat\u00f3.<br \/>\nT\u00f6k\u00e9letes vad\u00e1szt\u00e1rs a hideg id\u0151kben!<\/h4>\n<h4>&#8211; Csendes<br \/>\n&#8211; Sz\u00e9l\u00e1ll\u00f3<br \/>\n&#8211; J\u00f3l b\u00e9lelt<br \/>\n&#8211; K\u00e9zmeleg\u00edt\u0151 zsebek el\u0151l<br \/>\n&#8211; Tart\u00f3 v\u00e1llp\u00e1ntok<br \/>\n&#8211; Lecipz\u00e1rozhat\u00f3 als\u00f3 r\u00e9sz<br \/>\n&#8211; Egyar\u00e1nt haszn\u00e1lhat\u00f3 \u00fclve \u00e9s \u00e1llva<br \/>\n&#8211; Puha \u00e9s meleg pile fleece b\u00e9l\u00e9ssel<br \/>\n&#8211; K\u00f6nnyen \u00f6sszetekerhet\u0151 majd v\u00e1llon hordhat\u00f3<\/h4>\n<h4>S\u00faly: 2740 gramm (M\/L m\u00e9ret)<br \/>\nFelhaszn\u00e1l\u00e1si ter\u00fclet: vad\u00e1szat, outdoor<br \/>\nKaphat\u00f3 Szarvasbarna (241).<br \/>\nSz\u00e9l\u00e1ll\u00f3 Halk Extra meleg<\/h4>\n<h4>M\u00c9RETEK:\u00a0 XL\/XXL<\/h4>\n<h4>A felt\u00fcntetett \u00e1rak t\u00e1j\u00e9koztat\u00f3 jelleg\u0171ek, aktu\u00e1lis \u00e1rainkr\u00f3l k\u00e9rj\u00fck \u00e9rdekl\u0151dj\u00f6n!<br \/>\nAz \u00e1rv\u00e1ltoztat\u00e1s jog\u00e1t fenntartjuk!<\/h4>\n<h4><\/h4>\n<h4 id=\"productPrices\" class=\"productGeneral\"><\/h4>\n","protected":false},"excerpt":{"rendered":"<p>PINEWOOD\u00ae ABISKO LESZS\u00c1K 5886 5886 Meleg, zajmentes \u00e9s sz\u00e9l\u00e1ll\u00f3 h\u00e1l\u00f3zs\u00e1k, a szabadban t\u00f6lt\u00f6tt hosszabb id\u0151kre. Extra b\u00e9l\u00e9ssel, v\u00e1llp\u00e1nttal \u00e9s lecipz\u00e1rozhat\u00f3 als\u00f3 r\u00e9sszel. El\u0151l k\u00e9nyelmes fleece b\u00e9l\u00e9s\u0171 k\u00e9zmeleg\u00edt\u0151 zsebekkel. K\u00f6nnyen \u00f6sszecsavarhat\u00f3, \u00e9s a v\u00e1llp\u00e1ntnak k\u00f6sz\u00f6nhet\u0151en v\u00e1llra akaszthat\u00f3. T\u00f6k\u00e9letes vad\u00e1szt\u00e1rs a hideg id\u0151kben! &#8211; Csendes &#8211; Sz\u00e9l\u00e1ll\u00f3 &#8211; J\u00f3l b\u00e9lelt &#8211; K\u00e9zmeleg\u00edt\u0151 zsebek el\u0151l &#8211; Tart\u00f3 v\u00e1llp\u00e1ntok [&hellip;]<\/p>\n","protected":false},"featured_media":3225,"comment_status":"open","ping_status":"closed","template":"","meta":{"_et_pb_use_builder":"","_et_pb_old_content":"","_et_gb_content_width":"","om_disable_all_campaigns":false},"product_brand":[],"product_cat":[553,575,21,159],"product_tag":[577,576,70,555],"class_list":{"0":"post-1803","1":"product","2":"type-product","3":"status-publish","4":"has-post-thumbnail","6":"product_cat-kabat","7":"product_cat-leszsak","8":"product_cat-uj","9":"product_cat-vadasz-ruhazat","10":"product_tag-leszsak","11":"product_tag-pinewood-abisko-leszsak","12":"product_tag-vadaszat","13":"product_tag-vadaszruhazat","15":"first","16":"outofstock","17":"taxable","18":"shipping-taxable","19":"purchasable","20":"product-type-variable"},"_links":{"self":[{"href":"https:\/\/www.vadaszboltcsorna.hu\/index.php\/wp-json\/wp\/v2\/product\/1803","targetHints":{"allow":["GET"]}}],"collection":[{"href":"https:\/\/www.vadaszboltcsorna.hu\/index.php\/wp-json\/wp\/v2\/product"}],"about":[{"href":"https:\/\/www.vadaszboltcsorna.hu\/index.php\/wp-json\/wp\/v2\/types\/product"}],"replies":[{"embeddable":true,"href":"https:\/\/www.vadaszboltcsorna.hu\/index.php\/wp-json\/wp\/v2\/comments?post=1803"}],"wp:featuredmedia":[{"embeddable":true,"href":"https:\/\/www.vadaszboltcsorna.hu\/index.php\/wp-json\/wp\/v2\/media\/3225"}],"wp:attachment":[{"href":"https:\/\/www.vadaszboltcsorna.hu\/index.php\/wp-json\/wp\/v2\/media?parent=1803"}],"wp:term":[{"taxonomy":"product_brand","embeddable":true,"href":"https:\/\/www.vadaszboltcsorna.hu\/index.php\/wp-json\/wp\/v2\/product_brand?post=1803"},{"taxonomy":"product_cat","embeddable":true,"href":"https:\/\/www.vadaszboltcsorna.hu\/index.php\/wp-json\/wp\/v2\/product_cat?post=1803"},{"taxonomy":"product_tag","embeddable":true,"href":"https:\/\/www.vadaszboltcsorna.hu\/index.php\/wp-json\/wp\/v2\/product_tag?post=1803"}],"curies":[{"name":"wp","href":"https:\/\/api.w.org\/{rel}","templated":true}]}}