{"id":1749,"date":"2021-11-03T08:50:30","date_gmt":"2021-11-03T08:50:30","guid":{"rendered":"https:\/\/www.vadaszboltcsorna.hu\/?post_type=product&#038;p=1749"},"modified":"2026-03-31T12:43:11","modified_gmt":"2026-03-31T12:43:11","slug":"pinewood-abisko-teli-kabat-5884","status":"publish","type":"product","link":"https:\/\/www.vadaszboltcsorna.hu\/index.php\/termek\/pinewood-abisko-teli-kabat-5884\/","title":{"rendered":"Pinewood Abisko t\u00e9li kab\u00e1t (5884)"},"content":{"rendered":"<h2><strong>Pinewood Abisko t\u00e9li kab\u00e1t (5884)<\/strong><\/h2>\n<h3><\/h3>\n<div id=\"tw-target-text-container\" class=\"tw-ta-container F0azHf tw-nfl\" tabindex=\"0\">\n<h3 id=\"tw-target-text\" class=\"tw-data-text tw-text-large XcVN5d tw-ta\" dir=\"ltr\" data-placeholder=\"Ford\u00edt\u00e1s\"><span class=\"Y2IQFc\" lang=\"hu\">Az Abisko 2.0 a t\u00f6k\u00e9letes vad\u00e1szkab\u00e1t a hideg t\u00e9li napokra.<\/span><\/h3>\n<h3 class=\"tw-data-text tw-text-large XcVN5d tw-ta\" dir=\"ltr\" data-placeholder=\"Ford\u00edt\u00e1s\"><span class=\"Y2IQFc\" lang=\"hu\">A leg\u00fajabb Pinewood Ultra Body-Heat technol\u00f3gi\u00e1nkkal b\u00e9lelt, amely maximaliz\u00e1lja ennek a ruhadarabnak a k\u00e9nyelm\u00e9t. <\/span><\/h3>\n<h3 class=\"tw-data-text tw-text-large XcVN5d tw-ta\" dir=\"ltr\" data-placeholder=\"Ford\u00edt\u00e1s\"><span class=\"Y2IQFc\" lang=\"hu\">A b\u00e9l\u00e9s f\u00e9mes pontjai a test h\u0151j\u00e9t t\u00fckr\u00f6zik, \u00edgy ak\u00e1r 25%-kal melegebb\u00e9 var\u00e1zsolj\u00e1k a ruh\u00e1t. Sz\u00e9l- \u00e9s v\u00edz\u00e1ll\u00f3 vad\u00e1szkab\u00e1t.<\/span><\/h3>\n<h3 class=\"tw-data-text tw-text-large XcVN5d tw-ta\" dir=\"ltr\" data-placeholder=\"Ford\u00edt\u00e1s\"><span class=\"Y2IQFc\" lang=\"hu\"> P\u00e1rn\u00e1zott az extra meleg\u00e9rt. Hosszabb a modellben. <\/span><\/h3>\n<h3 class=\"tw-data-text tw-text-large XcVN5d tw-ta\" dir=\"ltr\" data-placeholder=\"Ford\u00edt\u00e1s\"><span class=\"Y2IQFc\" lang=\"hu\">K\u00e9tir\u00e1ny\u00fa cipz\u00e1r \u00e9s m\u00e1gneses gombok az elej\u00e9n. \u00c1ll\u00edthat\u00f3 der\u00e9kr\u00e9sz, \u00e1ll\u00edthat\u00f3 als\u00f3 \u00e9s mandzsetta t\u00e9p\u0151z\u00e1rral. \u00c1ll\u00edthat\u00f3 \u00e9s levehet\u0151 kapucni. K\u00e9zmeleg\u00edt\u0151 zsebek pol\u00e1r b\u00e9l\u00e9ssel, t\u00e1gas el\u00fcls\u0151 zsebek m\u00e1gnesgombokkal \u00e9s r\u00e1di\u00f3zseb mindk\u00e9t oldal\u00e1n.<\/span><\/h3>\n<h3 class=\"tw-data-text tw-text-large XcVN5d tw-ta\" dir=\"ltr\" data-placeholder=\"Ford\u00edt\u00e1s\"><span class=\"Y2IQFc\" lang=\"hu\">\u2022 Fejlett technol\u00f3gia: <\/span><span class=\"Y2IQFc\" lang=\"hu\">Pinewood Ultra Body-Heat <\/span><\/h3>\n<h3 class=\"tw-data-text tw-text-large XcVN5d tw-ta\" dir=\"ltr\" data-placeholder=\"Ford\u00edt\u00e1s\"><span class=\"Y2IQFc\" lang=\"hu\">\u2022 Sz\u00e9l- \u00e9s v\u00edz\u00e1ll\u00f3 membr\u00e1n <\/span><\/h3>\n<h3 class=\"tw-data-text tw-text-large XcVN5d tw-ta\" dir=\"ltr\" data-placeholder=\"Ford\u00edt\u00e1s\"><span class=\"Y2IQFc\" lang=\"hu\">\u2022 P\u00e1rn\u00e1zott az extra meleg\u00e9rt <\/span><\/h3>\n<h3 class=\"tw-data-text tw-text-large XcVN5d tw-ta\" dir=\"ltr\" data-placeholder=\"Ford\u00edt\u00e1s\"><span class=\"Y2IQFc\" lang=\"hu\">\u2022 Hosszabb modell <\/span><\/h3>\n<h3 class=\"tw-data-text tw-text-large XcVN5d tw-ta\" dir=\"ltr\" data-placeholder=\"Ford\u00edt\u00e1s\"><span class=\"Y2IQFc\" lang=\"hu\">\u2022 Levehet\u0151 kapucni <\/span><\/h3>\n<h3 class=\"tw-data-text tw-text-large XcVN5d tw-ta\" dir=\"ltr\" data-placeholder=\"Ford\u00edt\u00e1s\"><span class=\"Y2IQFc\" lang=\"hu\">\u2022 T\u00e1gas el\u00fcls\u0151 zsebek m\u00e1gneses gombokkal<\/span><\/h3>\n<h3 class=\"tw-data-text tw-text-large XcVN5d tw-ta\" dir=\"ltr\" data-placeholder=\"Ford\u00edt\u00e1s\"><span class=\"Y2IQFc\" lang=\"hu\">\u2022 Fleece b\u00e9l\u00e9s\u0171 k\u00e9zmeleg\u00edt\u0151 zsebek<\/span><\/h3>\n<h3 class=\"tw-data-text tw-text-large XcVN5d tw-ta\" dir=\"ltr\" data-placeholder=\"Ford\u00edt\u00e1s\"><span class=\"Y2IQFc\" lang=\"hu\">\u2022 Bels\u0151 zsebek cipz\u00e1rral<\/span><\/h3>\n<h4><strong>Az \u00e1rv\u00e1ltoz\u00e1s jog\u00e1t fenntartjuk!!<\/strong><\/h4>\n<h3 class=\"tw-data-text tw-text-large XcVN5d tw-ta\" dir=\"ltr\" data-placeholder=\"Ford\u00edt\u00e1s\"><\/h3>\n<\/div>\n","protected":false},"excerpt":{"rendered":"<p>Pinewood Abisko t\u00e9li kab\u00e1t (5884) Az Abisko 2.0 a t\u00f6k\u00e9letes vad\u00e1szkab\u00e1t a hideg t\u00e9li napokra. A leg\u00fajabb Pinewood Ultra Body-Heat technol\u00f3gi\u00e1nkkal b\u00e9lelt, amely maximaliz\u00e1lja ennek a ruhadarabnak a k\u00e9nyelm\u00e9t. A b\u00e9l\u00e9s f\u00e9mes pontjai a test h\u0151j\u00e9t t\u00fckr\u00f6zik, \u00edgy ak\u00e1r 25%-kal melegebb\u00e9 var\u00e1zsolj\u00e1k a ruh\u00e1t. Sz\u00e9l- \u00e9s v\u00edz\u00e1ll\u00f3 vad\u00e1szkab\u00e1t. P\u00e1rn\u00e1zott az extra meleg\u00e9rt. Hosszabb a modellben. [&hellip;]<\/p>\n","protected":false},"featured_media":1751,"comment_status":"open","ping_status":"closed","template":"","meta":{"_et_pb_use_builder":"","_et_pb_old_content":"","_et_gb_content_width":"","om_disable_all_campaigns":false},"product_brand":[],"product_cat":[21,553,159],"product_tag":[554,556,70,555],"class_list":{"0":"post-1749","1":"product","2":"type-product","3":"status-publish","4":"has-post-thumbnail","6":"product_cat-uj","7":"product_cat-kabat","8":"product_cat-vadasz-ruhazat","9":"product_tag-pinewood-abisko-teli-kabat-5884","10":"product_tag-teli-kabat","11":"product_tag-vadaszat","12":"product_tag-vadaszruhazat","14":"first","15":"instock","16":"sale","17":"taxable","18":"shipping-taxable","19":"purchasable","20":"product-type-variable"},"_links":{"self":[{"href":"https:\/\/www.vadaszboltcsorna.hu\/index.php\/wp-json\/wp\/v2\/product\/1749","targetHints":{"allow":["GET"]}}],"collection":[{"href":"https:\/\/www.vadaszboltcsorna.hu\/index.php\/wp-json\/wp\/v2\/product"}],"about":[{"href":"https:\/\/www.vadaszboltcsorna.hu\/index.php\/wp-json\/wp\/v2\/types\/product"}],"replies":[{"embeddable":true,"href":"https:\/\/www.vadaszboltcsorna.hu\/index.php\/wp-json\/wp\/v2\/comments?post=1749"}],"wp:featuredmedia":[{"embeddable":true,"href":"https:\/\/www.vadaszboltcsorna.hu\/index.php\/wp-json\/wp\/v2\/media\/1751"}],"wp:attachment":[{"href":"https:\/\/www.vadaszboltcsorna.hu\/index.php\/wp-json\/wp\/v2\/media?parent=1749"}],"wp:term":[{"taxonomy":"product_brand","embeddable":true,"href":"https:\/\/www.vadaszboltcsorna.hu\/index.php\/wp-json\/wp\/v2\/product_brand?post=1749"},{"taxonomy":"product_cat","embeddable":true,"href":"https:\/\/www.vadaszboltcsorna.hu\/index.php\/wp-json\/wp\/v2\/product_cat?post=1749"},{"taxonomy":"product_tag","embeddable":true,"href":"https:\/\/www.vadaszboltcsorna.hu\/index.php\/wp-json\/wp\/v2\/product_tag?post=1749"}],"curies":[{"name":"wp","href":"https:\/\/api.w.org\/{rel}","templated":true}]}}