{"id":1663,"date":"2021-10-21T12:30:23","date_gmt":"2021-10-21T12:30:23","guid":{"rendered":"https:\/\/www.vadaszboltcsorna.hu\/?post_type=product&#038;p=1663"},"modified":"2023-01-30T09:43:57","modified_gmt":"2023-01-30T09:43:57","slug":"dentler-fmdo-00000-szerelek-sin-docter-sight-meosight-dural","status":"publish","type":"product","link":"https:\/\/www.vadaszboltcsorna.hu\/index.php\/termek\/dentler-fmdo-00000-szerelek-sin-docter-sight-meosight-dural\/","title":{"rendered":"Dentler FMDO-00000 Szerel\u00e9k s\u00edn Docter sight \/ Meosight Dural"},"content":{"rendered":"<h2><strong>Dentler FMDO-00000 Szerel\u00e9k s\u00edn Docter sight \/ Meosight Dural<\/strong><\/h2>\n<h3><strong>Szerel\u00e9k s\u00edn BASIS\u00ae<\/strong><\/h3>\n<h3><strong>Az \u00e1rr\u00f3l \u00e9rdekl\u0151dj\u00f6n!<\/strong><\/h3>\n<h3>A c\u00e9lz\u00f3 optika egy igen fontos befoly\u00e1sol\u00f3 t\u00e9nyez\u0151je a vad\u00e1szat siker\u00e9nek \u00e9s ezzel egy id\u0151ben a Szerel\u00e9k s\u00edn\u00fcnk alapja. A fenn\u00e1ll\u00f3 modell sokas\u00e1g ek\u00f6zben lefedi minden ismert gy\u00e1rt\u00f3 keresztmetszet\u00e9t, \u00e9s bizony\u00edt a technikai r\u00e9szletekben a forradalmi \u00e9s praktikus megold\u00e1sokkal.<\/h3>\n<h3><strong>Szerel\u00e9k s\u00edn BASIS<\/strong><\/h3>\n<h3>A BASIS Szerel\u00e9k s\u00edn nagy szil\u00e1rds\u00e1g\u00fa alum\u00edniumb\u00f3l, vagy ac\u00e9lb\u00f3l k\u00e9sz\u00fcl \u00e9s a fel\u00fcleti kezel\u00e9s\u00fcnknek k\u00f6sz\u00f6nhet\u0151en, optikailag megfelel\u0151 a megjelen\u00e9se \u00e9s a korr\u00f3zi\u00f3v\u00e9delme is igen hosszantart\u00f3. A k\u00edn\u00e1lt v\u00e1laszt\u00e9k a fels\u0151oldal\u00e1n a specifikus gy\u00e1rt\u00f3nak megfelel\u0151en van tervezve \u00e9s az optik\u00e1n val\u00f3 v\u00e1ltoztat\u00e1s n\u00e9lk\u00fcl felcsavarozhat\u00f3, vagy szor\u00edthat\u00f3. A csavarmenetes integr\u00e1lt z\u00e1r\u00f3 tengely forradalmi mechanizmus\u00e1n kereszt\u00fcl, a minden BASIS alaps\u00ednnel kompatibilis Szerel\u00e9k s\u00edn gond n\u00e9lk\u00fcl be\u00e1ll\u00edthat\u00f3. Ez garant\u00e1lja az abszol\u00fat ism\u00e9tl\u00e9si pontoss\u00e1got \u00e9s a v\u00e1ltozatlan l\u0151 k\u00e9pet.<\/h3>\n<h3><strong>K\u00fapos rug\u00f3lemezek<\/strong><\/h3>\n<h3>A z\u00e1rt rug\u00f3lemezek felfogj\u00e1k, az el\u00fcls\u0151 horonyban fell\u00e9p\u0151 visszar\u00fag\u00e1st \u00e9s a h\u00e1ts\u00f3 horonyban a k\u00f6zpontos\u00edt\u00e1st biztos\u00edtj\u00e1k. Ezzel egy id\u0151ben megakad\u00e1lyozz\u00e1k, a furcsa szerkezet\u00fcknek k\u00f6sz\u00f6nhet\u0151en, a beszorul\u00e1st, \u00e9s a c\u00e9lz\u00f3 optika k\u00e9nyelmes fel- \u00e9s leszerel\u00e9s\u00e9t biztos\u00edtj\u00e1k.<\/h3>\n<h3><strong>Sk\u00e1l\u00e1zott z\u00e1r tengely<\/strong><\/h3>\n<h3>A be\u00e9p\u00edtett z\u00e1r tengely a front\u00e1lis oldalon egy finom sk\u00e1l\u00e1val van ell\u00e1tva, ami a BASIS Szerel\u00e9k s\u00edn alj\u00e1n tal\u00e1lhat\u00f3 jel\u00f6l\u00e9ssel egy\u00fctt, hasznos seg\u00edts\u00e9get ny\u00fajt a c\u00e9lz\u00f3 t\u00e1vcs\u0151 egyszer\u0171 \u00e9s fix be\u00e1ll\u00edt\u00e1s\u00e1hoz.<\/h3>\n<h3><strong>Fel\u00fcletszer\u0171 sugarak <\/strong><\/h3>\n<h3>Az innovat\u00edv z\u00e1r tengely fix be\u00e1ll\u00edt\u00e1s eset\u00e9n, a szor\u00edt\u00f3kar h\u00faz\u00f3 \u00e9s tol\u00f3erej\u00e9t, a saj\u00e1tosan kialak\u00edtott sug\u00e1rszegmenseinek k\u00f6sz\u00f6nhet\u0151en, nem vonalszer\u0171en, hanem fel\u00fcletszer\u0171en vezeti, \u00e9s \u00edgy abszol\u00fat stabilit\u00e1st biztos\u00edt.<\/h3>\n<h3><\/h3>\n<h3>A felt\u00fcntetett \u00e1rak t\u00e1j\u00e9koztat\u00f3 jelleg\u0171ek, aktu\u00e1lis \u00e1rainkr\u00f3l k\u00e9rj\u00fck \u00e9rdekl\u0151dj\u00f6n!<br \/>\nAz \u00e1rv\u00e1ltoztat\u00e1s jog\u00e1t fenntartjuk!<\/h3>\n<p>&nbsp;<\/p>\n","protected":false},"excerpt":{"rendered":"<p>Dentler FMDO-00000 Szerel\u00e9k s\u00edn Docter sight \/ Meosight Dural Szerel\u00e9k s\u00edn BASIS\u00ae Az \u00e1rr\u00f3l \u00e9rdekl\u0151dj\u00f6n! A c\u00e9lz\u00f3 optika egy igen fontos befoly\u00e1sol\u00f3 t\u00e9nyez\u0151je a vad\u00e1szat siker\u00e9nek \u00e9s ezzel egy id\u0151ben a Szerel\u00e9k s\u00edn\u00fcnk alapja. A fenn\u00e1ll\u00f3 modell sokas\u00e1g ek\u00f6zben lefedi minden ismert gy\u00e1rt\u00f3 keresztmetszet\u00e9t, \u00e9s bizony\u00edt a technikai r\u00e9szletekben a forradalmi \u00e9s praktikus megold\u00e1sokkal. Szerel\u00e9k [&hellip;]<\/p>\n","protected":false},"featured_media":1665,"comment_status":"open","ping_status":"closed","template":"","meta":{"_et_pb_use_builder":"","_et_pb_old_content":"","_et_gb_content_width":"","om_disable_all_campaigns":false},"product_brand":[],"product_cat":[21,374,655],"product_tag":[546,368,373,70],"class_list":{"0":"post-1663","1":"product","2":"type-product","3":"status-publish","4":"has-post-thumbnail","6":"product_cat-uj","7":"product_cat-dentler-szerelek","8":"product_cat-szereleksin","9":"product_tag-dentler-fmdo-00000-szerelek-sin-docter-sight-meosight-dural","10":"product_tag-dentler-szerelek","11":"product_tag-szereleksin","12":"product_tag-vadaszat","14":"first","15":"instock","16":"taxable","17":"shipping-taxable","18":"product-type-simple"},"_links":{"self":[{"href":"https:\/\/www.vadaszboltcsorna.hu\/index.php\/wp-json\/wp\/v2\/product\/1663","targetHints":{"allow":["GET"]}}],"collection":[{"href":"https:\/\/www.vadaszboltcsorna.hu\/index.php\/wp-json\/wp\/v2\/product"}],"about":[{"href":"https:\/\/www.vadaszboltcsorna.hu\/index.php\/wp-json\/wp\/v2\/types\/product"}],"replies":[{"embeddable":true,"href":"https:\/\/www.vadaszboltcsorna.hu\/index.php\/wp-json\/wp\/v2\/comments?post=1663"}],"wp:featuredmedia":[{"embeddable":true,"href":"https:\/\/www.vadaszboltcsorna.hu\/index.php\/wp-json\/wp\/v2\/media\/1665"}],"wp:attachment":[{"href":"https:\/\/www.vadaszboltcsorna.hu\/index.php\/wp-json\/wp\/v2\/media?parent=1663"}],"wp:term":[{"taxonomy":"product_brand","embeddable":true,"href":"https:\/\/www.vadaszboltcsorna.hu\/index.php\/wp-json\/wp\/v2\/product_brand?post=1663"},{"taxonomy":"product_cat","embeddable":true,"href":"https:\/\/www.vadaszboltcsorna.hu\/index.php\/wp-json\/wp\/v2\/product_cat?post=1663"},{"taxonomy":"product_tag","embeddable":true,"href":"https:\/\/www.vadaszboltcsorna.hu\/index.php\/wp-json\/wp\/v2\/product_tag?post=1663"}],"curies":[{"name":"wp","href":"https:\/\/api.w.org\/{rel}","templated":true}]}}