{"id":1656,"date":"2021-10-21T11:48:54","date_gmt":"2021-10-21T11:48:54","guid":{"rendered":"https:\/\/www.vadaszboltcsorna.hu\/?post_type=product&#038;p=1656"},"modified":"2026-04-17T16:45:17","modified_gmt":"2026-04-17T16:45:17","slug":"dentler-alapsin-basis","status":"publish","type":"product","link":"https:\/\/www.vadaszboltcsorna.hu\/index.php\/termek\/dentler-alapsin-basis\/","title":{"rendered":"Dentler Alaps\u00edn BASIS"},"content":{"rendered":"<h2 style=\"text-align: center;\"><strong>Dentler Alaps\u00edn BASIS<\/strong><\/h2>\n<div id=\"productDescription\" class=\"description biggerText\">\n<h3><strong>Alaps\u00edn BASIS\u00ae<\/strong><\/h3>\n<h3><\/h3>\n<h3>Az \u00f6n specifikus vad\u00e1szfegyvere minden vad\u00e1sz tev\u00e9kenys\u00e9g kiindul\u00f3pontja \u00e9s ezzel egy id\u0151ben alap, a BASIS alaps\u00edn\u00fcnk sz\u00e1m\u00e1ra. A k\u00fcl\u00f6nb\u00f6z\u0151 rendszerek sokas\u00e1ga t\u00fckr\u00f6z\u0151dik ek\u00f6zben a k\u00edn\u00e1lt modellpalett\u00e1nkon. Ezen innovat\u00edv fejleszt\u00e9sek technikai r\u00e9szletei k\u00e9pezik az alapk\u00f6v\u00e9t, a gyakorlati alkalmaz\u00e1s egyed\u00fcl\u00e1ll\u00f3 potenci\u00e1j\u00e1nak.<\/h3>\n<h3><strong>Alaps\u00edn BASIS<\/strong><\/h3>\n<h3>Az alaps\u00edn j\u00f3 min\u0151s\u00e9g\u0171 szersz\u00e1mac\u00e9lb\u00f3l k\u00e9sz\u00fcl \u00e9s a fel\u00fcleti kezel\u00e9s\u00fcnk v\u00e9di a korr\u00f3zi\u00f3t\u00f3l, \u00e9s optikailag nemes\u00edti. A fenn\u00e1ll\u00f3 modellpaletta, az als\u00f3 oldalon mindig a megfelel\u0151 szerelv\u00e9nyre, vagy tokra van kialak\u00edtva \u00e9s an\u00e9lk\u00fcl, hogy a fegyveren b\u00e1rmi v\u00e1ltoztat\u00e1s t\u00f6rt\u00e9nne, vagy felszor\u00edtj\u00e1k, vagy csavarozz\u00e1k. A szor\u00edt\u00f3kar innovat\u00edv mechanik\u00e1ja egy h\u00faz\u00f3 \u00e9s tol\u00f3 mozdulat seg\u00edts\u00e9g\u00e9vel kalibr\u00e1lja a hozz\u00e1tartoz\u00f3 mont\u00e1zs s\u00edn BASIS \u2013 t, az el\u00fcls\u0151 visszal\u00f6k\u0151- \u00e9s a h\u00e1ts\u00f3 poz\u00edcion\u00e1l\u00f3 horonyba \u00e9s ezzel abszol\u00fat ism\u00e9tl\u00e9si pontoss\u00e1got biztos\u00edt, az azonos l\u0151 k\u00e9p \u00e9rdek\u00e9ben.<\/h3>\n<h3><strong>Rug\u00f3s index goly\u00f3k<\/strong><\/h3>\n<h3>A rug\u00f3s index goly\u00f3k megakad\u00e1lyozz\u00e1k, \u00f6sszhangban a k\u00faposan megtervezett rug\u00f3lemezekkel a mont\u00e1zs s\u00edn BASIS megszorul\u00e1s\u00e1t \u00e9s lehet\u0151v\u00e9 teszik a c\u00e9lz\u00f3 optika k\u00e9nyelmes fel- \u00e9s lev\u00e9tel\u00e9t.<\/h3>\n<h3><strong>Ergonomikus szor\u00edt\u00f3kar<\/strong><\/h3>\n<h3>Az ergonomikusan kialak\u00edtott szor\u00edt\u00f3kar, a szor\u00edt\u00f3kar-tengely egyed\u00fcl\u00e1ll\u00f3 mechanizmus\u00e1nak seg\u00edts\u00e9g\u00e9vel egy h\u00faz\u00f3 \u00e9s tol\u00f3 mozdulattal optim\u00e1lis helyzetbe poz\u00edcion\u00e1lja a mont\u00e1zs s\u00ednt, \u00e9s ezzel, a konstans precizit\u00e1snak egy fontos \u00e9p\u00edt\u0151k\u00f6ve.<\/h3>\n<h3><strong>Karakterisztikus r\u00f6gz\u00edt\u00e9s<\/strong><\/h3>\n<h3>A Blaser R93\/R8 alaps\u00edn r\u00f6gz\u00edt\u00e9se, minden Blaser m\u00e1rk\u00e1j\u00fa vad\u00e1szfegyverre ki van alak\u00edtva, amik a Blaser nyeregmont\u00e1zs sz\u00e1m\u00e1ra vannak tervezve, \u00e9s manu\u00e1lis v\u00e1ltoztat\u00e1sok n\u00e9lk\u00fcl egy szor\u00edt\u00f3csavar seg\u00edts\u00e9g\u00e9vel egyszer\u0171en a fegyverre er\u0151s\u00edthet\u0151.<\/h3>\n<h3><strong>Alakz\u00e1r\u00f3 r\u00f6gz\u00edt\u00e9s<\/strong><\/h3>\n<h3>A BASIS alaps\u00edn &#8211; Merkel RX Helix r\u00f6gz\u00edt\u00e9se, alakz\u00e1r\u00f3an, a karakterisztikus szerelv\u00e9nyre lett tervezve \u00e9s k\u00fcl\u00f6n\u00f6sebb manu\u00e1lis tev\u00e9kenys\u00e9g r\u00e1ford\u00edt\u00e1sa n\u00e9lk\u00fcl, a kialak\u00edtott szor\u00edt\u00f3pof\u00e1kkal gyorsan \u00e9s form\u00e1san a fegyverre r\u00f6gz\u00edthet\u0151.<\/h3>\n<h3>R\u00f6vid \u00e1ttekint\u00e9s:<\/h3>\n<ul>\n<li>\n<h3>Abszol\u00fat pontoss\u00e1g\u00fa megism\u00e9telhet\u0151s\u00e9g<\/h3>\n<\/li>\n<li>\n<h3>100-sz\u00e1zal\u00e9kos kompatibilit\u00e1s<\/h3>\n<\/li>\n<li>\n<h3>Nincs pr\u00f3bal\u00f6v\u00e9s<\/h3>\n<\/li>\n<li>\n<h3>Extr\u00e9m l\u00f6v\u00e9s biztos r\u00f6gz\u00edt\u00e9s<\/h3>\n<\/li>\n<li>\n<h3>Egyszer\u0171 felszerelhet\u0151s\u00e9g<\/h3>\n<\/li>\n<li>\n<h3>Nagyon prec\u00edz kivitelez\u00e9s<\/h3>\n<\/li>\n<li>\n<h3>Fesz\u00fclts\u00e9gmentes c\u00e9lz\u00f3 t\u00e1vcs\u0151<\/h3>\n<\/li>\n<li>\n<h3>Gyors, egyszer\u0171 haszn\u00e1lat<\/h3>\n<\/li>\n<li>\n<h3>Nagyon megb\u00edzhat\u00f3<\/h3>\n<\/li>\n<li>\n<h3>Nincs sz\u00fcks\u00e9g ut\u00f3munk\u00e1ra, (k\u00e9s\u0151bbi) tov\u00e1bbi optik\u00e1k felszerel\u00e9se eset\u00e9n.<\/h3>\n<\/li>\n<li>\n<h3>Mont\u00e1zs gy\u0171r\u0171kkel, vagy bels\u0151 s\u00ednnel.<\/h3>\n<\/li>\n<\/ul>\n<h3><strong>Dupl\u00e1n fesz\u00fclts\u00e9g mentes<\/strong><\/h3>\n<h3>A \u201eBasis\u201d c\u00e9lt\u00e1vcs\u0151 felszerel\u0151 rendszer, az el\u0151\u00e1ll\u00edt\u00f3 Dentler c\u00e9g szerint, egy abszol\u00fat pontosan megism\u00e9telhet\u0151 optika cser\u00e9re lett tervezve. \u00c9s az anyagok megfesz\u00fcl\u00e9s\u00e9nek elker\u00fcl\u00e9se is k\u00edm\u00e9li a c\u00e9lz\u00f3 lencs\u00e9ket. \u00c9s a kezelhet\u0151s\u00e9g is egyszer\u0171 a l\u00f6v\u00e9sz sz\u00e1m\u00e1ra.<\/h3>\n<h3>Vad\u00e1szt\u00f3l vad\u00e1sznak: erre gondoltak a \u201eBasis\u201d c\u00e9lt\u00e1vcs\u0151 mont\u00e1zs tervez\u0151i, a Dentler-n\u00e9l. K\u00f6nnyen \u00e9s probl\u00e9mamentesen felszerelhet\u0151 \u00e9s kezelhet\u0151. Nem kell izompacsirt\u00e1nak lenni, \u00e9s a filigr\u00e1n ujjak sem sz\u00fcks\u00e9gesek. Az als\u00f3 s\u00ednt, fegyver modellnek megfelel\u0151en, vagy felcsavarozz\u00e1k \u00e9s megragasztj\u00e1k, vagy r\u00e1szor\u00edtj\u00e1k.<\/h3>\n<h3>A fels\u0151 s\u00ednre er\u0151s\u00edthet\u0151 a c\u00e9lt\u00e1vcs\u0151: vagy szor\u00edt\u00e1ssal, olyan t\u00e1vcs\u00f6vek eset\u00e9ben, amelyek bels\u0151 s\u00ednnel rendelkeznek, vagy pontosan ir\u00e1ny\u00edtott gy\u0171r\u0171kkel. Az alaps\u00edn \u00e9s a mont\u00e1zss\u00edn a Dentler-\u201eBasis\u201d eset\u00e9ben egyes\u00fcl. Azt\u00e1n az oldals\u00f3 szor\u00edt\u00f3kart az als\u00f3 s\u00ednen 180 \u2013 fokkal elforgatjuk. Ezzel egy id\u0151ben a mont\u00e1zss\u00edn minden tengely ir\u00e1ny\u00e1ban centr\u00edroz\u00f3dik, \u00e9s \u00edgy minden alkalommal azonos \u00e1ll\u00e1sba poz\u00edcion\u00e1lhat\u00f3, ami az abszol\u00fat pontoss\u00e1ggal t\u00f6rt\u00e9n\u0151 ism\u00e9telhet\u0151 csere titka.<\/h3>\n<h3><\/h3>\n<\/div>\n<div id=\"productAttributes\">\n<div class=\"wrapperAttribsOptions\">\n<h3 class=\"back\" style=\"text-align: center;\"><em><strong>A felt\u00fcntetett \u00e1rak t\u00e1j\u00e9koztat\u00f3 jelleg\u0171ek, aktu\u00e1lis \u00e1rainkr\u00f3l, a term\u00e9kr\u0151l, \u00e9s\u00a0 egy\u00e9b inform\u00e1ci\u00f3rkr\u00f3l k\u00e9rj\u00fck \u00e9rdekl\u0151dj\u00f6n!<\/strong><\/em><br \/>\n<em><strong>Az \u00e1rv\u00e1ltoztat\u00e1s jog\u00e1t fenntartjuk!<\/strong><\/em><\/h3>\n<\/div>\n<\/div>\n","protected":false},"excerpt":{"rendered":"<p>Dentler Alaps\u00edn BASIS Alaps\u00edn BASIS\u00ae Az \u00f6n specifikus vad\u00e1szfegyvere minden vad\u00e1sz tev\u00e9kenys\u00e9g kiindul\u00f3pontja \u00e9s ezzel egy id\u0151ben alap, a BASIS alaps\u00edn\u00fcnk sz\u00e1m\u00e1ra. A k\u00fcl\u00f6nb\u00f6z\u0151 rendszerek sokas\u00e1ga t\u00fckr\u00f6z\u0151dik ek\u00f6zben a k\u00edn\u00e1lt modellpalett\u00e1nkon. Ezen innovat\u00edv fejleszt\u00e9sek technikai r\u00e9szletei k\u00e9pezik az alapk\u00f6v\u00e9t, a gyakorlati alkalmaz\u00e1s egyed\u00fcl\u00e1ll\u00f3 potenci\u00e1j\u00e1nak. Alaps\u00edn BASIS Az alaps\u00edn j\u00f3 min\u0151s\u00e9g\u0171 szersz\u00e1mac\u00e9lb\u00f3l k\u00e9sz\u00fcl \u00e9s a fel\u00fcleti [&hellip;]<\/p>\n","protected":false},"featured_media":1657,"comment_status":"open","ping_status":"closed","template":"","meta":{"_et_pb_use_builder":"","_et_pb_old_content":"","_et_gb_content_width":"","om_disable_all_campaigns":false},"product_brand":[],"product_cat":[21,374,655],"product_tag":[544,369,70],"class_list":{"0":"post-1656","1":"product","2":"type-product","3":"status-publish","4":"has-post-thumbnail","6":"product_cat-uj","7":"product_cat-dentler-szerelek","8":"product_cat-szereleksin","9":"product_tag-dentler-alapsin-basis","10":"product_tag-szerelek","11":"product_tag-vadaszat","12":"pa_tipus-basis-anschutz-1780","13":"pa_tipus-basis-anschutz-1782","14":"pa_tipus-basis-antonio-zoli-1900","15":"pa_tipus-basis-benelli-argo","16":"pa_tipus-basis-bergara-bx11","17":"pa_tipus-basis-bergara-scout-ba13-td","18":"pa_tipus-basis-blaser","19":"pa_tipus-basis-blaser-r8","20":"pa_tipus-basis-browning-bar","21":"pa_tipus-basis-browning-maral","22":"pa_tipus-basis-browning-x-bolt-long","23":"pa_tipus-basis-browning-x-bolt-short","24":"pa_tipus-basis-browning-x-bolt-supershort","25":"pa_tipus-basis-brunner-cz-550","26":"pa_tipus-basis-brunner-cz-557","27":"pa_tipus-basis-brunner-cz-557-308-win","28":"pa_tipus-basis-cz-527","29":"pa_tipus-basis-haenel-jager-10","30":"pa_tipus-basis-haenel-jager-nxt","31":"pa_tipus-basis-heym-sr21","32":"pa_tipus-basis-heym-sr30","33":"pa_tipus-basis-hk-slb-2000","34":"pa_tipus-basis-howa-1500-kal-308-win","35":"pa_tipus-basis-howa-long","36":"pa_tipus-basis-howa-short","37":"pa_tipus-basis-m98-k98-mit-wulst-ohne-bohrungen","38":"pa_tipus-basis-m98-k98-ohne-wulst-ohne-bohrungen","39":"pa_tipus-basis-marlin-1895","40":"pa_tipus-basis-mauser-m03","41":"pa_tipus-basis-mauser-m12","42":"pa_tipus-basis-mauser-m18","43":"pa_tipus-basis-merkel-k3-k4-k5-b3-b4","44":"pa_tipus-basis-merkel-rx-helix","45":"pa_tipus-basis-merkel-sr1","46":"pa_tipus-basis-prisma-60-10mm","47":"pa_tipus-basis-prisma-60-11mm","48":"pa_tipus-basis-prisma-60-12mm","49":"pa_tipus-basis-prisma-60-145mm","50":"pa_tipus-basis-prisma-60-16mm","51":"pa_tipus-basis-prisma-60-18mm","52":"pa_tipus-basis-prisma-60-195mm","53":"pa_tipus-basis-remington-700-long","54":"pa_tipus-basis-rohling-161mm","55":"pa_tipus-basis-rosler-titan-3-6","56":"pa_tipus-basis-sabatti-mercury-870","57":"pa_tipus-basis-sabatti-mercury-870-kal-308-win","58":"pa_tipus-basis-sabatti-saphire","59":"pa_tipus-basis-sako-85-l","60":"pa_tipus-basis-sako-85-m","61":"pa_tipus-basis-sako-85-s","62":"pa_tipus-basis-sako-85-sm","63":"pa_tipus-basis-sako-85-xl","64":"pa_tipus-basis-sako-85-xs","65":"pa_tipus-basis-sako-a7-m","66":"pa_tipus-basis-sako-a7-s","67":"pa_tipus-basis-sako-s20","68":"pa_tipus-basis-sauer-101","69":"pa_tipus-basis-sauer-202-magnum","70":"pa_tipus-basis-sauer-202-medium","71":"pa_tipus-basis-sauer-303","72":"pa_tipus-basis-sauer-303-404","73":"pa_tipus-basis-sauer-80-90","74":"pa_tipus-basis-sauer-80-90-magnum","75":"pa_tipus-basis-sauer-weatherby-europa","76":"pa_tipus-basis-steelaction-hs-hm","77":"pa_tipus-basis-steyr-mannlicher-classic-l","78":"pa_tipus-basis-steyr-mannlicher-classic-m","79":"pa_tipus-basis-steyr-mannlicher-classic-s","80":"pa_tipus-basis-steyr-mannlicher-classic-sl","81":"pa_tipus-basis-steyr-mannlicher-classic-wsm","82":"pa_tipus-basis-steyr-mannlicher-modell-l","83":"pa_tipus-basis-steyr-mannlicher-modell-ms","84":"pa_tipus-basis-steyr-mannlicher-modell-sl","85":"pa_tipus-basis-steyr-mannlicher-pro-hunter-l","86":"pa_tipus-basis-steyr-mannlicher-pro-hunter-m","87":"pa_tipus-basis-steyr-mannlicher-pro-hunter-s","88":"pa_tipus-basis-steyr-mannlicher-pro-hunter-sl","89":"pa_tipus-basis-steyr-mannlicher-pro-hunter-wsm","90":"pa_tipus-basis-steyr-mannlicher-sm12-l","91":"pa_tipus-basis-steyr-mannlicher-sm12-m","92":"pa_tipus-basis-steyr-mannlicher-sm12-s","93":"pa_tipus-basis-steyr-mannlicher-sm12-sl","94":"pa_tipus-basis-steyr-mannlicher-sm12-wsm","95":"pa_tipus-basis-tikka-t3-t3x","96":"pa_tipus-basis-verney-carron-impact-la","97":"pa_tipus-basis-weaver-picatinny-0-moa","98":"pa_tipus-basis-weaver-picatinny-20-moa","99":"pa_tipus-basis-weaver-picatinny-20-moa-50mm-offset","100":"pa_tipus-remington-700-short","102":"first","103":"instock","104":"sale","105":"taxable","106":"shipping-taxable","107":"purchasable","108":"product-type-variable"},"_links":{"self":[{"href":"https:\/\/www.vadaszboltcsorna.hu\/index.php\/wp-json\/wp\/v2\/product\/1656","targetHints":{"allow":["GET"]}}],"collection":[{"href":"https:\/\/www.vadaszboltcsorna.hu\/index.php\/wp-json\/wp\/v2\/product"}],"about":[{"href":"https:\/\/www.vadaszboltcsorna.hu\/index.php\/wp-json\/wp\/v2\/types\/product"}],"replies":[{"embeddable":true,"href":"https:\/\/www.vadaszboltcsorna.hu\/index.php\/wp-json\/wp\/v2\/comments?post=1656"}],"wp:featuredmedia":[{"embeddable":true,"href":"https:\/\/www.vadaszboltcsorna.hu\/index.php\/wp-json\/wp\/v2\/media\/1657"}],"wp:attachment":[{"href":"https:\/\/www.vadaszboltcsorna.hu\/index.php\/wp-json\/wp\/v2\/media?parent=1656"}],"wp:term":[{"taxonomy":"product_brand","embeddable":true,"href":"https:\/\/www.vadaszboltcsorna.hu\/index.php\/wp-json\/wp\/v2\/product_brand?post=1656"},{"taxonomy":"product_cat","embeddable":true,"href":"https:\/\/www.vadaszboltcsorna.hu\/index.php\/wp-json\/wp\/v2\/product_cat?post=1656"},{"taxonomy":"product_tag","embeddable":true,"href":"https:\/\/www.vadaszboltcsorna.hu\/index.php\/wp-json\/wp\/v2\/product_tag?post=1656"}],"curies":[{"name":"wp","href":"https:\/\/api.w.org\/{rel}","templated":true}]}}