{"id":1646,"date":"2021-10-14T13:21:00","date_gmt":"2021-10-14T13:21:00","guid":{"rendered":"https:\/\/www.vadaszboltcsorna.hu\/?post_type=product&#038;p=1646"},"modified":"2025-12-01T08:08:38","modified_gmt":"2025-12-01T08:08:38","slug":"grisport-11205-turabakancs","status":"publish","type":"product","link":"https:\/\/www.vadaszboltcsorna.hu\/index.php\/termek\/grisport-11205-turabakancs\/","title":{"rendered":"GRISPORT 11205 BAKANCS"},"content":{"rendered":"<h2><strong>GRISPORT 11205 BAKANCS<\/strong><\/h2>\n<h3>Klasszikus form\u00e1j\u00fa, k\u00f6nny\u0171, v\u00edz\u00e1ll\u00f3, vibram talpas t\u00farabakancs.<\/h3>\n<h3>Az olasz Grisport m\u00e1rka egyik nagy kedvence, m\u00e9lt\u00e1n n\u00e9pszer\u0171, hiszen ide\u00e1lis v\u00e1laszt\u00e1s k\u00f6z\u00e9phegys\u00e9geink megh\u00f3d\u00edt\u00e1s\u00e1hoz illetve alkalmank\u00e9nt magasabb hegyekben is j\u00f3 szolg\u00e1latot tesz. A k\u00fcls\u0151 dakar b\u0151r k\u00f6nnyen tiszt\u00edthat\u00f3, waxolhat\u00f3. A Gritex membr\u00e1n a v\u00edz\u00e1ll\u00f3s\u00e1g\u00e9rt felel a Vibram talp pedig kop\u00e1s\u00e1ll\u00f3 \u00e9s j\u00f3 tapad\u00e1st biztos\u00edt.<\/h3>\n<ul>\n<li>\n<h3>ez a cip\u0151 az eredeti Gritex\u00ae\u00a0v\u00e9d\u0151b\u00e9l\u00e9ssel van ell\u00e1tva. Az anyag szerkezete ellen\u00e1ll az es\u0151nek, a h\u00f3nak \u00e9s a hidegnek. Garant\u00e1lja a meleg l\u00e1bakat a leghidegebb \u00e9s es\u0151sebb napokon is<\/h3>\n<\/li>\n<li>\n<h3>a nagy ellen\u00e1ll\u00f3 k\u00e9pess\u00e9g\u0171 Cordura\u00ae\u00a0anyag az egyik kulcsfontoss\u00e1g\u00fa eleme a magas min\u0151s\u00e9g\u0171 trekking (t\u00faracip\u0151knek) \u00e9s \u201ecanvas-look\u201d v\u00e1szoncip\u0151knek. A Cordura\u00ae k\u00fcl\u00f6nleges tart\u00f3ss\u00e1g\u00e1nak \u00e9s szak\u00edt\u00f3szil\u00e1rds\u00e1g\u00e1nak k\u00f6sz\u00f6nhet\u0151en a cip\u0151k hossz\u00fa \u00e9vekig elk\u00eds\u00e9rik visel\u0151j\u00fcket kalandjaikon<\/h3>\n<\/li>\n<li>\n<h3>mindegyik Vibram\u00ae talp, 50 k\u00fcl\u00f6nb\u00f6z\u0151 anyagb\u00f3l k\u00e9sz\u00fclt, hogy maxim\u00e1lis k\u00e9nyelmet \u00e9s tart\u00f3ss\u00e1got ny\u00fajtson a legig\u00e9nyesebb felhaszn\u00e1l\u00f3nak is. Szigor\u00fa vizsg\u00e1latok \u00e9s ellen\u0151rz\u00e9sek 60 \u00e9v tapasztalat\u00e1val p\u00e1ros\u00edtva teszik a Vibram\u00ae talpakat a legjobbakk\u00e1, amit csak viselni lehet<\/h3>\n<\/li>\n<li>\n<h3>a Support System\u00ae hat\u00e9konyan blokkolja a sarkat, amit az\u00e9rt fejlesztettek ki, hogy maxim\u00e1lisan kontroll\u00e1lja a l\u00e1bat, t\u00f6k\u00e9letes tapad\u00e1st biztos\u00edtva a mozg\u00e1s minden f\u00e1zis\u00e1ban. A cip\u0151 \u00edgy mindig k\u00e9nyelmes \u00e9s biztons\u00e1gos<\/h3>\n<\/li>\n<li>\n<h3><strong>A felt\u00fcntetett \u00e1rak t\u00e1j\u00e9koztat\u00f3 jelleg\u0171ek, aktu\u00e1lis \u00e1rainkr\u00f3l k\u00e9rj\u00fck \u00e9rdekl\u0151dj\u00f6n!<\/strong><\/h3>\n<h3><strong>Az \u00e1rv\u00e1ltoztat\u00e1s jog\u00e1t fenntartjuk!<\/strong><\/h3>\n<\/li>\n<\/ul>\n<h3><\/h3>\n<h3><\/h3>\n","protected":false},"excerpt":{"rendered":"<p>GRISPORT 11205 BAKANCS Klasszikus form\u00e1j\u00fa, k\u00f6nny\u0171, v\u00edz\u00e1ll\u00f3, vibram talpas t\u00farabakancs. Az olasz Grisport m\u00e1rka egyik nagy kedvence, m\u00e9lt\u00e1n n\u00e9pszer\u0171, hiszen ide\u00e1lis v\u00e1laszt\u00e1s k\u00f6z\u00e9phegys\u00e9geink megh\u00f3d\u00edt\u00e1s\u00e1hoz illetve alkalmank\u00e9nt magasabb hegyekben is j\u00f3 szolg\u00e1latot tesz. A k\u00fcls\u0151 dakar b\u0151r k\u00f6nnyen tiszt\u00edthat\u00f3, waxolhat\u00f3. A Gritex membr\u00e1n a v\u00edz\u00e1ll\u00f3s\u00e1g\u00e9rt felel a Vibram talp pedig kop\u00e1s\u00e1ll\u00f3 \u00e9s j\u00f3 tapad\u00e1st biztos\u00edt. ez [&hellip;]<\/p>\n","protected":false},"featured_media":1647,"comment_status":"open","ping_status":"closed","template":"","meta":{"_et_pb_use_builder":"","_et_pb_old_content":"","_et_gb_content_width":"","om_disable_all_campaigns":false},"product_brand":[],"product_cat":[21,163,160],"product_tag":[536,966,540,537,70],"class_list":{"0":"post-1646","1":"product","2":"type-product","3":"status-publish","4":"has-post-thumbnail","6":"product_cat-uj","7":"product_cat-bakancs","8":"product_cat-labbelik","9":"product_tag-bakancs","10":"product_tag-grisport-11205-bakancs","11":"product_tag-szabadido","12":"product_tag-turazas","13":"product_tag-vadaszat","15":"first","16":"instock","17":"sale","18":"taxable","19":"shipping-taxable","20":"purchasable","21":"product-type-variable"},"_links":{"self":[{"href":"https:\/\/www.vadaszboltcsorna.hu\/index.php\/wp-json\/wp\/v2\/product\/1646","targetHints":{"allow":["GET"]}}],"collection":[{"href":"https:\/\/www.vadaszboltcsorna.hu\/index.php\/wp-json\/wp\/v2\/product"}],"about":[{"href":"https:\/\/www.vadaszboltcsorna.hu\/index.php\/wp-json\/wp\/v2\/types\/product"}],"replies":[{"embeddable":true,"href":"https:\/\/www.vadaszboltcsorna.hu\/index.php\/wp-json\/wp\/v2\/comments?post=1646"}],"wp:featuredmedia":[{"embeddable":true,"href":"https:\/\/www.vadaszboltcsorna.hu\/index.php\/wp-json\/wp\/v2\/media\/1647"}],"wp:attachment":[{"href":"https:\/\/www.vadaszboltcsorna.hu\/index.php\/wp-json\/wp\/v2\/media?parent=1646"}],"wp:term":[{"taxonomy":"product_brand","embeddable":true,"href":"https:\/\/www.vadaszboltcsorna.hu\/index.php\/wp-json\/wp\/v2\/product_brand?post=1646"},{"taxonomy":"product_cat","embeddable":true,"href":"https:\/\/www.vadaszboltcsorna.hu\/index.php\/wp-json\/wp\/v2\/product_cat?post=1646"},{"taxonomy":"product_tag","embeddable":true,"href":"https:\/\/www.vadaszboltcsorna.hu\/index.php\/wp-json\/wp\/v2\/product_tag?post=1646"}],"curies":[{"name":"wp","href":"https:\/\/api.w.org\/{rel}","templated":true}]}}