{"id":1640,"date":"2021-10-14T13:01:12","date_gmt":"2021-10-14T13:01:12","guid":{"rendered":"https:\/\/www.vadaszboltcsorna.hu\/?post_type=product&#038;p=1640"},"modified":"2024-11-28T08:14:38","modified_gmt":"2024-11-28T08:14:38","slug":"grisport-dakar-10242-vizallo-turabakancs","status":"publish","type":"product","link":"https:\/\/www.vadaszboltcsorna.hu\/index.php\/termek\/grisport-dakar-10242-vizallo-turabakancs\/","title":{"rendered":"Grisport Dakar 10242 v\u00edz\u00e1ll\u00f3 t\u00farabakancs"},"content":{"rendered":"<h2><strong>Grisport Dakar 10242 v\u00edz\u00e1ll\u00f3 t\u00farabakancs<\/strong><\/h2>\n<h3><\/h3>\n<h3>Bel\u00e9p\u0151 a hegyek vil\u00e1g\u00e1ba. Kir\u00e1ndul\u00e1sokhoz, k\u00f6nnyebb t\u00far\u00e1khoz ide\u00e1lis, f\u0151leg azoknak, akik gyakran l\u00e1togatj\u00e1k az alacsonyabb hegyeket, de nem szeretik elhagyni a turistautakat. Ez a v\u00edzhatlan t\u00farabakancs az eredeti Gritex\u00ae membr\u00e1nnal van ell\u00e1tva, mely anyag szerkezete ellen\u00e1ll az es\u0151nek, a h\u00f3nak. Ennek az uniszex t\u00farabakancs nyelv \u00e9s gall\u00e9r r\u00e9sz\u00e9n tal\u00e1lhat\u00f3 textil nagy ellen\u00e1ll\u00f3 k\u00e9pess\u00e9g\u0171 Cordura\u00ae anyag. A Cordura\u00ae k\u00fcl\u00f6nleges tart\u00f3ss\u00e1g\u00e1nak \u00e9s szak\u00edt\u00f3szil\u00e1rds\u00e1g\u00e1nak k\u00f6sz\u00f6nhet\u0151en a cip\u0151k hossz\u00fa \u00e9vekig elk\u00eds\u00e9rik visel\u0151j\u00fcket kalandjaikon.<\/h3>\n<h3><\/h3>\n<h3>Az \u00e1rak t\u00e1j\u00e9koztat\u00f3 jelleg\u0171ek,az \u00e1rv\u00e1ltoz\u00e1s jog\u00e1t fenntartjuk!<\/h3>\n<p>&nbsp;<\/p>\n<p>&nbsp;<\/p>\n","protected":false},"excerpt":{"rendered":"<p>Grisport Dakar 10242 v\u00edz\u00e1ll\u00f3 t\u00farabakancs Bel\u00e9p\u0151 a hegyek vil\u00e1g\u00e1ba. Kir\u00e1ndul\u00e1sokhoz, k\u00f6nnyebb t\u00far\u00e1khoz ide\u00e1lis, f\u0151leg azoknak, akik gyakran l\u00e1togatj\u00e1k az alacsonyabb hegyeket, de nem szeretik elhagyni a turistautakat. Ez a v\u00edzhatlan t\u00farabakancs az eredeti Gritex\u00ae membr\u00e1nnal van ell\u00e1tva, mely anyag szerkezete ellen\u00e1ll az es\u0151nek, a h\u00f3nak. Ennek az uniszex t\u00farabakancs nyelv \u00e9s gall\u00e9r r\u00e9sz\u00e9n tal\u00e1lhat\u00f3 textil [&hellip;]<\/p>\n","protected":false},"featured_media":1641,"comment_status":"open","ping_status":"closed","template":"","meta":{"_et_pb_use_builder":"","_et_pb_old_content":"","_et_gb_content_width":"","om_disable_all_campaigns":false},"product_brand":[],"product_cat":[21,163,160],"product_tag":[536,535,537,70],"class_list":{"0":"post-1640","1":"product","2":"type-product","3":"status-publish","4":"has-post-thumbnail","6":"product_cat-uj","7":"product_cat-bakancs","8":"product_cat-labbelik","9":"product_tag-bakancs","10":"product_tag-grisport-dakar-10242-vizallo-turabakancs","11":"product_tag-turazas","12":"product_tag-vadaszat","14":"first","15":"instock","16":"sale","17":"taxable","18":"shipping-taxable","19":"purchasable","20":"product-type-variable"},"_links":{"self":[{"href":"https:\/\/www.vadaszboltcsorna.hu\/index.php\/wp-json\/wp\/v2\/product\/1640","targetHints":{"allow":["GET"]}}],"collection":[{"href":"https:\/\/www.vadaszboltcsorna.hu\/index.php\/wp-json\/wp\/v2\/product"}],"about":[{"href":"https:\/\/www.vadaszboltcsorna.hu\/index.php\/wp-json\/wp\/v2\/types\/product"}],"replies":[{"embeddable":true,"href":"https:\/\/www.vadaszboltcsorna.hu\/index.php\/wp-json\/wp\/v2\/comments?post=1640"}],"wp:featuredmedia":[{"embeddable":true,"href":"https:\/\/www.vadaszboltcsorna.hu\/index.php\/wp-json\/wp\/v2\/media\/1641"}],"wp:attachment":[{"href":"https:\/\/www.vadaszboltcsorna.hu\/index.php\/wp-json\/wp\/v2\/media?parent=1640"}],"wp:term":[{"taxonomy":"product_brand","embeddable":true,"href":"https:\/\/www.vadaszboltcsorna.hu\/index.php\/wp-json\/wp\/v2\/product_brand?post=1640"},{"taxonomy":"product_cat","embeddable":true,"href":"https:\/\/www.vadaszboltcsorna.hu\/index.php\/wp-json\/wp\/v2\/product_cat?post=1640"},{"taxonomy":"product_tag","embeddable":true,"href":"https:\/\/www.vadaszboltcsorna.hu\/index.php\/wp-json\/wp\/v2\/product_tag?post=1640"}],"curies":[{"name":"wp","href":"https:\/\/api.w.org\/{rel}","templated":true}]}}