{"id":1541,"date":"2021-08-17T11:36:29","date_gmt":"2021-08-17T11:36:29","guid":{"rendered":"https:\/\/www.vadaszboltcsorna.hu\/?post_type=product&#038;p=1541"},"modified":"2025-05-27T11:26:45","modified_gmt":"2025-05-27T11:26:45","slug":"ruger-american","status":"publish","type":"product","link":"https:\/\/www.vadaszboltcsorna.hu\/index.php\/termek\/ruger-american\/","title":{"rendered":"Ruger American"},"content":{"rendered":"<h2 style=\"text-align: center;\"><strong>Ruger American<\/strong><\/h2>\n<h3 style=\"text-align: center;\" data-start=\"0\" data-end=\"50\"><strong data-start=\"4\" data-end=\"50\">Ruger American \u2013 A Megfizethet\u0151 Pontoss\u00e1g!<\/strong><\/h3>\n<h4 data-start=\"52\" data-end=\"134\"><strong data-start=\"57\" data-end=\"134\">Kezd\u0151 vad\u00e1szoknak \u00e9s tapasztalt l\u00f6v\u00e9szeknek egyar\u00e1nt t\u00f6k\u00e9letes v\u00e1laszt\u00e1s!<\/strong><\/h4>\n<p data-start=\"136\" data-end=\"504\">Ha egy megb\u00edzhat\u00f3, pontos \u00e9s k\u00f6nnyen kezelhet\u0151 vad\u00e1szpusk\u00e1t keresel el\u00e9rhet\u0151 \u00e1ron, akkor a <strong data-start=\"227\" data-end=\"245\">Ruger American<\/strong> t\u00f6k\u00e9letes d\u00f6nt\u00e9s! Ez a karcs\u00fa \u00e9s modern kialak\u00edt\u00e1s\u00fa fegyver nemcsak eszt\u00e9tikus, hanem kiemelked\u0151 teljes\u00edtm\u00e9nyt is ny\u00fajt.<\/p>\n<p data-start=\"136\" data-end=\"504\"><strong data-start=\"367\" data-end=\"395\">T\u00f6bb kaliberben el\u00e9rhet\u0151<\/strong>:<br data-start=\"396\" data-end=\"399\" \/>\ud83d\udccc <strong data-start=\"402\" data-end=\"504\" data-is-only-node=\"\">.223 Rem. | .243 Win. | .270 Win. | .30-06 | 7 mm Rem. | .308 Win. | 6,5 Creedmoor | .300 Win.Mag.<\/strong><\/p>\n<p data-start=\"506\" data-end=\"1109\">\ud83d\udd39 <strong data-start=\"509\" data-end=\"534\">Prec\u00edz \u00e9s megb\u00edzhat\u00f3:<\/strong> A Ruger Marksman <strong data-start=\"552\" data-end=\"582\">\u00e1ll\u00edthat\u00f3 els\u00fct\u0151szerkezete<\/strong> biztos\u00edtja a t\u00f6k\u00e9letes s\u00fct\u00e9st.<br data-start=\"613\" data-end=\"616\" \/>\ud83d\udd39 <strong data-start=\"619\" data-end=\"643\" data-is-only-node=\"\">K\u00e9nyelmes \u00e9s k\u00f6nny\u0171:<\/strong> Az ergonomikus, <strong data-start=\"660\" data-end=\"680\">szintetikus tusa<\/strong> k\u00e9nyelmes fog\u00e1st \u00e9s stabil tart\u00e1st biztos\u00edt.<br data-start=\"725\" data-end=\"728\" \/>\ud83d\udd39 <strong data-start=\"731\" data-end=\"756\">Tart\u00f3s \u00e9s strapab\u00edr\u00f3:<\/strong> A f\u00e9m alkatr\u00e9szek <strong data-start=\"775\" data-end=\"802\">korr\u00f3zi\u00f3\u00e1ll\u00f3 bevonattal<\/strong> rendelkeznek, \u00edgy hossz\u00fa \u00e9lettartamot garant\u00e1lnak.<br data-start=\"853\" data-end=\"856\" \/>\ud83d\udd39 <strong data-start=\"859\" data-end=\"890\">Egyszer\u0171 szerel\u00e9k r\u00f6gz\u00edt\u00e9s:<\/strong> A be\u00e9p\u00edtett <strong data-start=\"903\" data-end=\"917\">Weaver s\u00edn<\/strong> gyors \u00e9s stabil t\u00e1vcs\u0151szerel\u00e9st tesz lehet\u0151v\u00e9.<br data-start=\"964\" data-end=\"967\" \/>\ud83d\udd39 <strong data-start=\"970\" data-end=\"1008\">K\u00e9nyelmes visszar\u00fag\u00e1s-csillap\u00edt\u00e1s:<\/strong> A puha tustalpgumi jelent\u0151sen cs\u00f6kkenti a visszar\u00fag\u00e1st, \u00edgy m\u00e9g komfortosabb\u00e1 teszi a haszn\u00e1latot.<\/p>\n<p data-start=\"1111\" data-end=\"1236\">A <strong data-start=\"1113\" data-end=\"1137\">Ruger American Rifle<\/strong> kiv\u00e1l\u00f3 bizony\u00edt\u00e9k arra, hogy egy pr\u00e9mium min\u0151s\u00e9g\u0171 fegyver <strong data-start=\"1196\" data-end=\"1233\">nem felt\u00e9tlen\u00fcl j\u00e1r pr\u00e9mium \u00e1rral<\/strong>!<\/p>\n<hr data-start=\"1238\" data-end=\"1241\" \/>\n<p data-start=\"1243\" data-end=\"1571\">\ud83d\udd38 <strong data-start=\"1246\" data-end=\"1269\">Fontos inform\u00e1ci\u00f3k:<\/strong><br data-start=\"1269\" data-end=\"1272\" \/>\u2714\ufe0f Fegyver \u00e9s l\u0151szer v\u00e1s\u00e1rl\u00e1sa kiz\u00e1r\u00f3lag <strong data-start=\"1313\" data-end=\"1356\">szem\u00e9lyesen, fegyvertart\u00e1si enged\u00e9llyel<\/strong> lehets\u00e9ges!<br data-start=\"1368\" data-end=\"1371\" \/>\u2714\ufe0f A webshopban leadott rendel\u00e9seket <strong data-start=\"1408\" data-end=\"1433\">nem sz\u00e1ll\u00edtjuk h\u00e1zhoz<\/strong> \u2013 \u00e1tv\u00e9tel csak \u00fczlet\u00fcnkben!<br data-start=\"1461\" data-end=\"1464\" \/>\u2714\ufe0f Az \u00e1rak <strong data-start=\"1475\" data-end=\"1500\">t\u00e1j\u00e9koztat\u00f3 jelleg\u0171ek<\/strong>, v\u00e1ltozhatnak! Aktu\u00e1lis inform\u00e1ci\u00f3k\u00e9rt <strong data-start=\"1540\" data-end=\"1569\">keress minket bizalommal!<\/strong><\/p>\n<p data-start=\"1573\" data-end=\"1664\" data-is-last-node=\"\" data-is-only-node=\"\">\ud83d\udca5 <strong data-start=\"1576\" data-end=\"1615\">Ne hagyd ki ezt a kiv\u00e1l\u00f3 aj\u00e1nlatot!<\/strong> L\u00e1togass el boltunkba \u00e9s pr\u00f3b\u00e1ld ki szem\u00e9lyesen!<\/p>\n<p><iframe loading=\"lazy\" title=\"Ruger American .308\" width=\"1080\" height=\"608\" src=\"https:\/\/www.youtube.com\/embed\/YiHaDsrlGK8?feature=oembed\"  allow=\"accelerometer; autoplay; clipboard-write; encrypted-media; gyroscope; picture-in-picture; web-share\" referrerpolicy=\"strict-origin-when-cross-origin\" allowfullscreen><\/iframe><\/p>\n","protected":false},"excerpt":{"rendered":"<p>https:\/\/www.youtube.com\/watch?v=YiHaDsrlGK8<\/p>\n","protected":false},"featured_media":1542,"comment_status":"open","ping_status":"closed","template":"","meta":{"_et_pb_use_builder":"","_et_pb_old_content":"","_et_gb_content_width":"","om_disable_all_campaigns":false},"product_brand":[],"product_cat":[20,17,179,21,1826],"product_tag":[48,485,70,40],"class_list":{"0":"post-1541","1":"product","2":"type-product","3":"status-publish","4":"has-post-thumbnail","6":"product_cat-allapot","7":"product_cat-golyos-fegyver","8":"product_cat-ruger","9":"product_cat-uj","10":"product_cat-uj-golyos-fegyver","11":"product_tag-golyos-fegyver","12":"product_tag-ruger-american","13":"product_tag-vadaszat","14":"product_tag-vadaszfegyver","16":"first","17":"instock","18":"taxable","19":"shipping-taxable","20":"product-type-simple"},"_links":{"self":[{"href":"https:\/\/www.vadaszboltcsorna.hu\/index.php\/wp-json\/wp\/v2\/product\/1541","targetHints":{"allow":["GET"]}}],"collection":[{"href":"https:\/\/www.vadaszboltcsorna.hu\/index.php\/wp-json\/wp\/v2\/product"}],"about":[{"href":"https:\/\/www.vadaszboltcsorna.hu\/index.php\/wp-json\/wp\/v2\/types\/product"}],"replies":[{"embeddable":true,"href":"https:\/\/www.vadaszboltcsorna.hu\/index.php\/wp-json\/wp\/v2\/comments?post=1541"}],"wp:featuredmedia":[{"embeddable":true,"href":"https:\/\/www.vadaszboltcsorna.hu\/index.php\/wp-json\/wp\/v2\/media\/1542"}],"wp:attachment":[{"href":"https:\/\/www.vadaszboltcsorna.hu\/index.php\/wp-json\/wp\/v2\/media?parent=1541"}],"wp:term":[{"taxonomy":"product_brand","embeddable":true,"href":"https:\/\/www.vadaszboltcsorna.hu\/index.php\/wp-json\/wp\/v2\/product_brand?post=1541"},{"taxonomy":"product_cat","embeddable":true,"href":"https:\/\/www.vadaszboltcsorna.hu\/index.php\/wp-json\/wp\/v2\/product_cat?post=1541"},{"taxonomy":"product_tag","embeddable":true,"href":"https:\/\/www.vadaszboltcsorna.hu\/index.php\/wp-json\/wp\/v2\/product_tag?post=1541"}],"curies":[{"name":"wp","href":"https:\/\/api.w.org\/{rel}","templated":true}]}}