{"id":1460,"date":"2021-07-26T09:05:12","date_gmt":"2021-07-26T09:05:12","guid":{"rendered":"https:\/\/www.vadaszboltcsorna.hu\/?post_type=product&#038;p=1460"},"modified":"2025-05-27T13:07:49","modified_gmt":"2025-05-27T13:07:49","slug":"noblex-docter-nf-8x56-inception-keresotavcso","status":"publish","type":"product","link":"https:\/\/www.vadaszboltcsorna.hu\/index.php\/termek\/noblex-docter-nf-8x56-inception-keresotavcso\/","title":{"rendered":"NOBLEX Docter NF 8&#215;56 inception keres\u0151t\u00e1vcs\u0151"},"content":{"rendered":"<h2><strong>NOBLEX NF 8&#215;56 inception keres\u0151t\u00e1vcs\u0151<\/strong><\/h2>\n<h3><strong>\u00a0<\/strong><\/h3>\n<p>A\u00a0<strong><u>NOBLEX Inception 8&#215;56<\/u><\/strong>\u00a0keres\u0151t\u00e1vcs\u0151 a gyenge f\u00e9nyviszonyok k\u00f6z\u00f6tt t\u00f6rt\u00e9n\u0151 megfigyel\u00e9sre lett optimaliz\u00e1lva, k\u00fcl\u00f6n\u00f6sen sz\u00fcrk\u00fcletben ny\u00fajt kiemelked\u0151 teljes\u00edtm\u00e9nyt. A 56 mm-es objekt\u00edvlencse maxim\u00e1lis f\u00e9ny\u00e1tereszt\u00e9st biztos\u00edt, \u00edgy a felhaszn\u00e1l\u00f3k m\u00e9g gyenge f\u00e9nyviszonyok k\u00f6z\u00f6tt is tiszta \u00e9s r\u00e9szletgazdag k\u00e9pet kapnak.<\/p>\n<p><strong>F\u0151bb jellemz\u0151k:<\/strong><\/p>\n<ul>\n<li><strong>Nagy\u00edt\u00e1s:<\/strong>\u00a08x<\/li>\n<li><strong>Objekt\u00edvlencse \u00e1tm\u00e9r\u0151je:<\/strong>\u00a056 mm<\/li>\n<li><strong>L\u00e1t\u00f3mez\u0151 (1000 m-en):<\/strong>\u00a0111 m<\/li>\n<li><strong>Legkisebb f\u00f3kuszt\u00e1vols\u00e1g:<\/strong>\u00a02,5 m<\/li>\n<li><strong>Kil\u00e9p\u0151 pupilla \u00e1tm\u00e9r\u0151je:<\/strong>\u00a07 mm<\/li>\n<li><strong>Kil\u00e9p\u0151 pupilla t\u00e1vols\u00e1g:<\/strong>\u00a023 mm<\/li>\n<li><strong>Dioptria kompenz\u00e1ci\u00f3:<\/strong>\u00a0\u00b14 dpt<\/li>\n<li><strong>Pupillat\u00e1vols\u00e1g:<\/strong>\u00a059-76 mm<\/li>\n<li><strong>V\u00edz\u00e1ll\u00f3s\u00e1g:<\/strong>\u00a01 m<\/li>\n<li><strong>Sz\u00fcrk\u00fcleti sz\u00e1m:<\/strong>\u00a021,1<\/li>\n<li><strong>S\u00faly:<\/strong>\u00a01.145 g<\/li>\n<li><strong>M\u00e9retek (H x Sz):<\/strong>\u00a0187 x 143 mm<\/li>\n<\/ul>\n<p>A t\u00e1vcs\u0151 robusztus, \u00fct\u00e9s\u00e1ll\u00f3 polikarbon\u00e1t h\u00e1zzal rendelkezik, amelyet \u00fcvegsz\u00e1las bet\u00e9tek er\u0151s\u00edtenek meg, biztos\u00edtva a hossz\u00fa \u00e9lettartamot \u00e9s a megb\u00edzhat\u00f3s\u00e1got. A k\u00fcls\u0151 lencs\u00e9ket kemik\u00e1li\u00e1k \u00e9s karcol\u00e1sok ellen v\u00e9d\u0151 bevonattal l\u00e1tt\u00e1k el. A t\u00e1vcs\u0151 nitrog\u00e9nnel t\u00f6lt\u00f6tt, hogy megakad\u00e1lyozza a p\u00e1r\u00e1sod\u00e1st a h\u0151m\u00e9rs\u00e9klet-v\u00e1ltoz\u00e1sok sor\u00e1n. A szem\u00fcveges felhaszn\u00e1l\u00f3k sz\u00e1m\u00e1ra a speci\u00e1lisan kialak\u00edtott szemkagyl\u00f3k k\u00e9nyelmes megfigyel\u00e9st biztos\u00edtanak.<\/p>\n<p><strong>Sz\u00e1ll\u00edt\u00e1si tartalom:<\/strong><\/p>\n<ul>\n<li>Hordt\u00e1ska<\/li>\n<li>Nyakp\u00e1nt<\/li>\n<li>Okul\u00e1r- \u00e9s objekt\u00edvlencse v\u00e9d\u0151kupakok<\/li>\n<li>Tiszt\u00edt\u00f3kend\u0151<\/li>\n<li>Garancia k\u00e1rtya<\/li>\n<li>Haszn\u00e1lati \u00fatmutat\u00f3<\/li>\n<\/ul>\n<p>A NOBLEX Inception 8&#215;56 keres\u0151t\u00e1vcs\u0151 ide\u00e1lis v\u00e1laszt\u00e1s azok sz\u00e1m\u00e1ra, akik megb\u00edzhat\u00f3 \u00e9s kiv\u00e1l\u00f3 min\u0151s\u00e9g\u0171 optikai eszk\u00f6zt keresnek gyenge f\u00e9nyviszonyok k\u00f6z\u00f6tti megfigyel\u00e9shez.<\/p>\n<h4><\/h4>\n","protected":false},"excerpt":{"rendered":"<p>NOBLEX NF 8&#215;56 inception keres\u0151t\u00e1vcs\u0151 \u00a0 A\u00a0NOBLEX Inception 8&#215;56\u00a0keres\u0151t\u00e1vcs\u0151 a gyenge f\u00e9nyviszonyok k\u00f6z\u00f6tt t\u00f6rt\u00e9n\u0151 megfigyel\u00e9sre lett optimaliz\u00e1lva, k\u00fcl\u00f6n\u00f6sen sz\u00fcrk\u00fcletben ny\u00fajt kiemelked\u0151 teljes\u00edtm\u00e9nyt. A 56 mm-es objekt\u00edvlencse maxim\u00e1lis f\u00e9ny\u00e1tereszt\u00e9st biztos\u00edt, \u00edgy a felhaszn\u00e1l\u00f3k m\u00e9g gyenge f\u00e9nyviszonyok k\u00f6z\u00f6tt is tiszta \u00e9s r\u00e9szletgazdag k\u00e9pet kapnak. F\u0151bb jellemz\u0151k: Nagy\u00edt\u00e1s:\u00a08x Objekt\u00edvlencse \u00e1tm\u00e9r\u0151je:\u00a056 mm L\u00e1t\u00f3mez\u0151 (1000 m-en):\u00a0111 m Legkisebb f\u00f3kuszt\u00e1vols\u00e1g:\u00a02,5 m [&hellip;]<\/p>\n","protected":false},"featured_media":1462,"comment_status":"open","ping_status":"closed","template":"","meta":{"_et_pb_use_builder":"","_et_pb_old_content":"","_et_gb_content_width":"","om_disable_all_campaigns":false},"product_brand":[],"product_cat":[21,65,76],"product_tag":[67,439,364,70,86],"class_list":{"0":"post-1460","1":"product","2":"type-product","3":"status-publish","4":"has-post-thumbnail","6":"product_cat-uj","7":"product_cat-keresotavcso","8":"product_cat-noblex-keresotavcso","9":"product_tag-keresotavcso","10":"product_tag-noblex-docter-nf-8x56","11":"product_tag-vadasz-felszereles","12":"product_tag-vadaszat","13":"product_tag-vadaszoptika","15":"first","16":"instock","17":"sale","18":"taxable","19":"shipping-taxable","20":"purchasable","21":"product-type-simple"},"_links":{"self":[{"href":"https:\/\/www.vadaszboltcsorna.hu\/index.php\/wp-json\/wp\/v2\/product\/1460","targetHints":{"allow":["GET"]}}],"collection":[{"href":"https:\/\/www.vadaszboltcsorna.hu\/index.php\/wp-json\/wp\/v2\/product"}],"about":[{"href":"https:\/\/www.vadaszboltcsorna.hu\/index.php\/wp-json\/wp\/v2\/types\/product"}],"replies":[{"embeddable":true,"href":"https:\/\/www.vadaszboltcsorna.hu\/index.php\/wp-json\/wp\/v2\/comments?post=1460"}],"wp:featuredmedia":[{"embeddable":true,"href":"https:\/\/www.vadaszboltcsorna.hu\/index.php\/wp-json\/wp\/v2\/media\/1462"}],"wp:attachment":[{"href":"https:\/\/www.vadaszboltcsorna.hu\/index.php\/wp-json\/wp\/v2\/media?parent=1460"}],"wp:term":[{"taxonomy":"product_brand","embeddable":true,"href":"https:\/\/www.vadaszboltcsorna.hu\/index.php\/wp-json\/wp\/v2\/product_brand?post=1460"},{"taxonomy":"product_cat","embeddable":true,"href":"https:\/\/www.vadaszboltcsorna.hu\/index.php\/wp-json\/wp\/v2\/product_cat?post=1460"},{"taxonomy":"product_tag","embeddable":true,"href":"https:\/\/www.vadaszboltcsorna.hu\/index.php\/wp-json\/wp\/v2\/product_tag?post=1460"}],"curies":[{"name":"wp","href":"https:\/\/api.w.org\/{rel}","templated":true}]}}