{"id":1455,"date":"2021-07-26T08:59:07","date_gmt":"2021-07-26T08:59:07","guid":{"rendered":"https:\/\/www.vadaszboltcsorna.hu\/?post_type=product&#038;p=1455"},"modified":"2022-08-03T06:50:30","modified_gmt":"2022-08-03T06:50:30","slug":"delta-forest-ii-12x50-tavcso","status":"publish","type":"product","link":"https:\/\/www.vadaszboltcsorna.hu\/index.php\/termek\/delta-forest-ii-12x50-tavcso\/","title":{"rendered":"Delta Forest-II 12&#215;50 t\u00e1vcs\u0151"},"content":{"rendered":"<h2><strong>Delta Forest-II 12&#215;50 t\u00e1vcs\u0151<\/strong><\/h2>\n<h3>A 8,5&#215;50, 10&#215;50 \u00e9s 12&#215;50-es Delta Forest II binokul\u00e1rok nagyobb teljes\u00edtm\u00e9ny\u0171 t\u00e1rsai az igen n\u00e9pszer\u0171 42mm-es modelleknek. Optik\u00e1i 8 lencsetagb\u00f3l \u00e9p\u00fclnek fel, melyek 6 csoportban helyezkednek el. BAK4-es prizm\u00e1i, f\u00e1zis bevonatai (Phase Coated) kit\u0171n\u0151 k\u00e9pelkot\u00e1st eredm\u00e9nyeznek. Er\u0151s sz\u00fcrk\u00fcleti, \u00e9jszakai haszn\u00e1latn\u00e1l azonban nem \u00e9rik el a dr\u00e1g\u00e1bb Titanium t\u00edpusok k\u00e9palkot\u00e1s\u00e1t, k\u00e9pf\u00e9nyess\u00e9g\u00e9t.<\/h3>\n<h3>A z\u00e1rt fel\u00e9p\u00edt\u00e9snek k\u00f6sz\u00f6nhet\u0151en p\u00e1r\u00e1s, vizes k\u00f6r\u00fclm\u00e9nyeknek is ellen\u00e1llnak, hiszen a t\u00e1vcs\u00f6vek\u00a0v\u00edz\u00e1ll\u00f3ak\u00a0\u00e9s p\u00e1ramentesek.\u00a0A rendk\u00edv\u00fcl\u00a0sz\u00e9les\u00a0l\u00e1t\u00f3mez\u0151\u00a0tov\u00e1bb n\u00f6veli a megfigyel\u00e9s \u00e9lm\u00e9ny\u00e9t.<\/h3>\n<h3>A modern, tet\u0151\u00e9lprizm\u00e1s fel\u00e9p\u00edt\u00e9s a t\u00e1vcs\u0151 teljes\u00edtm\u00e9ny\u00e9hez k\u00e9pest kompakt m\u00e9retet eredm\u00e9nyez, \u00edgy a t\u00e1vcs\u00f6vek k\u00e9nyelmesen vihet\u0151ek \u00e9s kis helyet foglalnak. Apr\u00f3s\u00e1gnak t\u0171nik, de az objekt\u00edvsapk\u00e1k a t\u00e1vcs\u0151re r\u00f6gz\u00edtettek, \u00edgy azokat nem tudjuk elhagyni \u00e9s mindig k\u00e9zn\u00e9l vannak.<\/h3>\n<h3>A 12&#215;50-es Delta Forest II binokul\u00e1rok\u00a0<strong>nagyobb f\u00e9nygy\u0171jt\u0151 k\u00e9pess\u00e9g\u0171<\/strong>\u00a0t\u00e1rsai az igen n\u00e9pszer\u0171 42mm-es Forest II modelleknek.\u00a0<strong>BAK4<\/strong>-es prizm\u00e1i,\u00a0<strong>f\u00e1zis bevonatai<\/strong>\u00a0(Phase Coated) kit\u0171n\u0151 k\u00e9palkot\u00e1st, val\u00f3s\u00e1gh\u0171 sz\u00edneket eredm\u00e9nyeznek. 50 mm-es lencse\u00e1tm\u00e9r\u0151j\u00fckkel\u00a0<strong>kezdeti sz\u00fcrk\u00fcleti \u00e9szlel\u00e9sre, cserkel\u00e9sre<\/strong>, term\u00e9szetfigyel\u00e9sre kiv\u00e1l\u00f3an alkalmasak!<\/h3>\n<h3>Z\u00e1rt fel\u00e9p\u00edt\u00e9snek k\u00f6sz\u00f6nhet\u0151en a p\u00e1r\u00e1s, vizes k\u00f6r\u00fclm\u00e9nyeknek is ellen\u00e1llnak, hiszen a t\u00e1vcs\u00f6vek\u00a0<strong>v\u00edz\u00e1ll\u00f3ak<\/strong>\u00a0\u00e9s\u00a0<strong>nitrog\u00e9n<\/strong>\u00a0t\u00f6lt\u00e9s\u0171ek. A rendk\u00edv\u00fcl\u00a0<strong>sz\u00e9les l\u00e1t\u00f3mez\u0151<\/strong>\u00a0tov\u00e1bb n\u00f6veli a megfigyel\u00e9s \u00e9lm\u00e9ny\u00e9t.<\/h3>\n<h3>Egy rendk\u00edv\u00fcl praktikus f\u00e9lkem\u00e9ny hordt\u00e1ska illetve a lencsev\u00e9d\u0151 sapk\u00e1k valamint k\u00e9nyelmes nyakp\u00e1nt az alapcsomag r\u00e9szei.<\/h3>\n<h3>A le\u00edr\u00e1sban szerepl\u0151 adatok t\u00e1j\u00e9koztat\u00f3 jelleg\u0171ek, t\u00edpusonk\u00e9nt v\u00e1ltozhat!<br \/>\nKaliberekr\u0151l aktu\u00e1lis \u00e1rakr\u00f3l \u00e9s egy\u00e9b inform\u00e1ci\u00f3kr\u00f3l k\u00e9rj\u00fck \u00e9rdekl\u0151dj\u00f6n!<\/h3>\n<h3>A fegyvert\u00f6rv\u00e9ny \u00e9rtelm\u00e9ben, fegyvert, l\u0151szert kiz\u00e1r\u00f3lag szem\u00e9lyesen,az \u00fczletben fegyvertart\u00e1si enged\u00e9ly birtok\u00e1ban lehet v\u00e1s\u00e1rolni!<br \/>\nA webshopban megrendelt fegyverek \u00e9s l\u0151szerek NEM ker\u00fclnek kisz\u00e1ll\u00edt\u00e1sra!\u00a0 Tov\u00e1bbi inform\u00e1ci\u00f3\u00e9rt l\u00e1togasson el boltunkba!<\/h3>\n<h3>Az \u00e1rak t\u00e1j\u00e9koztat\u00f3 jelleg\u0171ek nem min\u0151s\u00fcl hivatalos aj\u00e1nlat t\u00e9telnek!<br \/>\nAz \u00e1rv\u00e1ltoz\u00e1s jog\u00e1t fenntartjuk!<\/h3>\n","protected":false},"excerpt":{"rendered":"<p>Delta Forest-II 12&#215;50 t\u00e1vcs\u0151 A 8,5&#215;50, 10&#215;50 \u00e9s 12&#215;50-es Delta Forest II binokul\u00e1rok nagyobb teljes\u00edtm\u00e9ny\u0171 t\u00e1rsai az igen n\u00e9pszer\u0171 42mm-es modelleknek. Optik\u00e1i 8 lencsetagb\u00f3l \u00e9p\u00fclnek fel, melyek 6 csoportban helyezkednek el. BAK4-es prizm\u00e1i, f\u00e1zis bevonatai (Phase Coated) kit\u0171n\u0151 k\u00e9pelkot\u00e1st eredm\u00e9nyeznek. Er\u0151s sz\u00fcrk\u00fcleti, \u00e9jszakai haszn\u00e1latn\u00e1l azonban nem \u00e9rik el a dr\u00e1g\u00e1bb Titanium t\u00edpusok k\u00e9palkot\u00e1s\u00e1t, k\u00e9pf\u00e9nyess\u00e9g\u00e9t. A [&hellip;]<\/p>\n","protected":false},"featured_media":1456,"comment_status":"open","ping_status":"closed","template":"","meta":{"_et_pb_use_builder":"","_et_pb_old_content":"","_et_gb_content_width":"","om_disable_all_campaigns":false},"product_brand":[],"product_cat":[20,427,65,21],"product_tag":[73,438,364,70,86],"class_list":{"0":"post-1455","1":"product","2":"type-product","3":"status-publish","4":"has-post-thumbnail","6":"product_cat-allapot","7":"product_cat-delta-keresotavcso","8":"product_cat-keresotavcso","9":"product_cat-uj","10":"product_tag-delta","11":"product_tag-delta-forest-ii-12x50-tavcso","12":"product_tag-vadasz-felszereles","13":"product_tag-vadaszat","14":"product_tag-vadaszoptika","16":"first","17":"instock","18":"taxable","19":"shipping-taxable","20":"purchasable","21":"product-type-simple"},"_links":{"self":[{"href":"https:\/\/www.vadaszboltcsorna.hu\/index.php\/wp-json\/wp\/v2\/product\/1455","targetHints":{"allow":["GET"]}}],"collection":[{"href":"https:\/\/www.vadaszboltcsorna.hu\/index.php\/wp-json\/wp\/v2\/product"}],"about":[{"href":"https:\/\/www.vadaszboltcsorna.hu\/index.php\/wp-json\/wp\/v2\/types\/product"}],"replies":[{"embeddable":true,"href":"https:\/\/www.vadaszboltcsorna.hu\/index.php\/wp-json\/wp\/v2\/comments?post=1455"}],"wp:featuredmedia":[{"embeddable":true,"href":"https:\/\/www.vadaszboltcsorna.hu\/index.php\/wp-json\/wp\/v2\/media\/1456"}],"wp:attachment":[{"href":"https:\/\/www.vadaszboltcsorna.hu\/index.php\/wp-json\/wp\/v2\/media?parent=1455"}],"wp:term":[{"taxonomy":"product_brand","embeddable":true,"href":"https:\/\/www.vadaszboltcsorna.hu\/index.php\/wp-json\/wp\/v2\/product_brand?post=1455"},{"taxonomy":"product_cat","embeddable":true,"href":"https:\/\/www.vadaszboltcsorna.hu\/index.php\/wp-json\/wp\/v2\/product_cat?post=1455"},{"taxonomy":"product_tag","embeddable":true,"href":"https:\/\/www.vadaszboltcsorna.hu\/index.php\/wp-json\/wp\/v2\/product_tag?post=1455"}],"curies":[{"name":"wp","href":"https:\/\/api.w.org\/{rel}","templated":true}]}}